{"id":1999,"date":"2024-02-26T11:36:37","date_gmt":"2024-02-26T10:36:37","guid":{"rendered":"http:\/\/festivalbritannique.fr\/?page_id=1999"},"modified":"2024-03-02T15:00:54","modified_gmt":"2024-03-02T14:00:54","slug":"the-old-oak-2-2-2-2-2","status":"publish","type":"page","link":"https:\/\/festivalbritannique.fr\/?page_id=1999","title":{"rendered":"The trouble with Jessica"},"content":{"rendered":"\n<p class=\"has-vivid-red-color has-text-color\"><strong>The trouble with Jessica<\/strong><\/p>\n\n\n\n<p class=\"has-white-color has-pale-pink-background-color has-text-color has-background\">Samedi 16 mars \u00e0 20h40<\/p>\n\n\n\n<p class=\"has-cyan-bluish-gray-color has-text-color\">1h 30min | Com\u00e9die<br>De Matt Winn<br>| Par Matt Winn, James Handel<br>Avec Rufus Sewell, Shirley Henderson, Alan Tudyk<\/p>\n\n\n\n<p class=\"has-vivid-cyan-blue-color has-text-color\">Sarah et Tom sont en proie \u00e0 de graves difficult\u00e9s financi\u00e8res : leur seule solution est de vendre leur maison londonienne. Lorsque leurs amis d\u00e9barquent pour un dernier d\u00eener, Jessica, une vieille amie, s\u2019invite et se joint \u00e0 eux. Apr\u00e8s une dispute \u00e0 premi\u00e8re vue sans importance, Jessica se pend dans le jardin. Tom s\u2019appr\u00eate \u00e0 appeler la police lorsque Sarah r\u00e9alise que si l\u2019acheteur l\u2019apprend, la vente tombera \u00e0 l\u2019eau, ruinant ainsi leur couple. La seule fa\u00e7on de s\u2019en sortir est de ramener le corps de Jessica dans son propre appartement. Apr\u00e8s tout, qu\u2019est-ce qui pourrait mal tourner ?<\/p>\n\n\n\n<p class=\"has-pale-cyan-blue-color has-text-color\">Successful professional London couple Sarah (Shirley Henderson) and Tom (Alan Tudyk) are in deep financial trouble. Their situation takes a terrifying nosedive with the shocking behavior of uninvited dinner guest, Jessica (Indira Varma). Faced with the moral dilemma of their lives &#8211; and dragging their best friends Richard (Rufus Sewell) and Beth (Olivia Williams) with them &#8211; they make a series of choices that could either be their salvation or destruction.<\/p>\n\n\n\n<figure class=\"wp-block-embed is-type-video is-provider-youtube wp-block-embed-youtube wp-embed-aspect-16-9 wp-has-aspect-ratio\"><div class=\"wp-block-embed__wrapper\">\n<iframe loading=\"lazy\" title=\"The Trouble With Jessica (UK Trailer)\" width=\"1170\" height=\"658\" src=\"https:\/\/www.youtube.com\/embed\/LQ42BAZf_hI?feature=oembed\" frameborder=\"0\" allow=\"accelerometer; autoplay; clipboard-write; encrypted-media; gyroscope; picture-in-picture; web-share\" allowfullscreen><\/iframe>\n<\/div><\/figure>\n\n\n\n<figure class=\"wp-block-gallery has-nested-images columns-default is-cropped wp-block-gallery-1 is-layout-flex wp-block-gallery-is-layout-flex\">\n<figure class=\"wp-block-image size-full\"><img loading=\"lazy\" decoding=\"async\" width=\"400\" height=\"591\" data-id=\"2000\" src=\"http:\/\/festivalbritannique.fr\/wp-content\/uploads\/2024\/02\/the-troubel-with-jessica-vo.jpg\" alt=\"\" class=\"wp-image-2000\" srcset=\"https:\/\/festivalbritannique.fr\/wp-content\/uploads\/2024\/02\/the-troubel-with-jessica-vo.jpg 400w, https:\/\/festivalbritannique.fr\/wp-content\/uploads\/2024\/02\/the-troubel-with-jessica-vo-203x300.jpg 203w\" sizes=\"auto, (max-width: 400px) 100vw, 400px\" \/><\/figure>\n<\/figure>\n<!-- AddThis Advanced Settings generic via filter on the_content --><!-- AddThis Share Buttons generic via filter on the_content -->","protected":false},"excerpt":{"rendered":"<p>The trouble with Jessica Samedi 16 mars \u00e0 20h40 1h 30min | Com\u00e9dieDe Matt Winn| Par Matt Winn, James HandelAvec Rufus Sewell, Shirley Henderson, Alan Tudyk Sarah et Tom sont en proie \u00e0 de graves difficult\u00e9s financi\u00e8res : leur seule solution est de vendre leur maison londonienne. Lorsque leurs amis d\u00e9barquent pour un dernier d\u00eener,<\/p>\n<p><a href=\"https:\/\/festivalbritannique.fr\/?page_id=1999\" class=\"more-link themebutton\">Read More<\/a><\/p>\n<p><!-- AddThis Advanced Settings generic via filter on get_the_excerpt --><!-- AddThis Share Buttons generic via filter on get_the_excerpt --><\/p>\n","protected":false},"author":2,"featured_media":0,"parent":1985,"menu_order":0,"comment_status":"closed","ping_status":"closed","template":"","meta":{"ngg_post_thumbnail":0,"footnotes":""},"class_list":["post-1999","page","type-page","status-publish","hentry"],"_links":{"self":[{"href":"https:\/\/festivalbritannique.fr\/index.php?rest_route=\/wp\/v2\/pages\/1999","targetHints":{"allow":["GET"]}}],"collection":[{"href":"https:\/\/festivalbritannique.fr\/index.php?rest_route=\/wp\/v2\/pages"}],"about":[{"href":"https:\/\/festivalbritannique.fr\/index.php?rest_route=\/wp\/v2\/types\/page"}],"author":[{"embeddable":true,"href":"https:\/\/festivalbritannique.fr\/index.php?rest_route=\/wp\/v2\/users\/2"}],"replies":[{"embeddable":true,"href":"https:\/\/festivalbritannique.fr\/index.php?rest_route=%2Fwp%2Fv2%2Fcomments&post=1999"}],"version-history":[{"count":2,"href":"https:\/\/festivalbritannique.fr\/index.php?rest_route=\/wp\/v2\/pages\/1999\/revisions"}],"predecessor-version":[{"id":2042,"href":"https:\/\/festivalbritannique.fr\/index.php?rest_route=\/wp\/v2\/pages\/1999\/revisions\/2042"}],"up":[{"embeddable":true,"href":"https:\/\/festivalbritannique.fr\/index.php?rest_route=\/wp\/v2\/pages\/1985"}],"wp:attachment":[{"href":"https:\/\/festivalbritannique.fr\/index.php?rest_route=%2Fwp%2Fv2%2Fmedia&parent=1999"}],"curies":[{"name":"wp","href":"https:\/\/api.w.org\/{rel}","templated":true}]}}