{"id":2007,"date":"2024-02-26T11:45:50","date_gmt":"2024-02-26T10:45:50","guid":{"rendered":"http:\/\/festivalbritannique.fr\/?page_id=2007"},"modified":"2024-02-26T11:45:52","modified_gmt":"2024-02-26T10:45:52","slug":"the-old-oak-2-2-2-2-2-2-2","status":"publish","type":"page","link":"https:\/\/festivalbritannique.fr\/?page_id=2007","title":{"rendered":"Scandaleusement votre"},"content":{"rendered":"\n<p class=\"has-vivid-red-color has-text-color\"><strong>Wicked Little Letters<\/strong><\/p>\n\n\n\n<p class=\"has-white-color has-pale-pink-background-color has-text-color has-background\">Dimanche 17 mars \u00e0 14h<\/p>\n\n\n\n<p class=\"has-cyan-bluish-gray-color has-text-color\">1h 41min | Com\u00e9die dramatique, Thriller<br>De Thea Sharrock<br>| Par Jonny Sweet<br>Avec Olivia Colman, Jessie Buckley, Anjana Vasan<\/p>\n\n\n\n<p class=\"has-vivid-cyan-blue-color has-text-color\">Littlehampton, 1920. Lorsque Edith Swan commence \u00e0 recevoir des lettres anonymes truff\u00e9es d&rsquo;injures, Rose Gooding, sa voisine irlandaise \u00e0 l\u2019esprit libre et au langage fleuri, est rapidement accus\u00e9e des crimes. Toute la petite ville, concern\u00e9e par cette affaire, s\u2019en m\u00eale. L&rsquo;offici\u00e8re de police Gladys Moss, rapidement suivie par les femmes de la ville, m\u00e8ne alors sa propre enqu\u00eate : elles soup\u00e7onnent que quelque chose cloche et que Rose pourrait ne pas \u00eatre la v\u00e9ritable coupable, victime des m\u0153urs abusives de son \u00e9poque\u2026<\/p>\n\n\n\n<p class=\"has-pale-cyan-blue-color has-text-color\">A 1920s English seaside town bears witness to a dark, absurd scandal in this riotous mystery comedy. Based on a stranger-than-fiction true story, \u00ab\u00a0Wicked Little Letters\u00a0\u00bb follows two neighbours: deeply-conservative local Edith Swan (Olivia Colman) and rowdy Irish migrant Rose Gooding (Jessie Buckley). When Edith and fellow residents start to receive wicked letters full of unintentionally hilarious profanities, foul-mouthed Rose is charged with the crime. The anonymous letters prompt a national uproar, and a trial ensues. However, as the town&rsquo;s women, led by Police Officer Gladys Moss (Anjana Vasan), begin to investigate the crime themselves, they suspect that something is amiss and Rose might not be the culprit after all.<\/p>\n\n\n\n<figure class=\"wp-block-embed is-type-video is-provider-youtube wp-block-embed-youtube wp-embed-aspect-16-9 wp-has-aspect-ratio\"><div class=\"wp-block-embed__wrapper\">\n<iframe loading=\"lazy\" title=\"SCANDALEUSEMENT V\u00d4TRE \u2013 Bande-annonce Officielle VOSTF \u2013 Olivia Colman \/ Jessie Buckley (2024)\" width=\"1170\" height=\"658\" src=\"https:\/\/www.youtube.com\/embed\/FUPFMfDGj18?feature=oembed\" frameborder=\"0\" allow=\"accelerometer; autoplay; clipboard-write; encrypted-media; gyroscope; picture-in-picture; web-share\" allowfullscreen><\/iframe>\n<\/div><\/figure>\n\n\n\n<figure class=\"wp-block-gallery has-nested-images columns-default is-cropped wp-block-gallery-1 is-layout-flex wp-block-gallery-is-layout-flex\">\n<figure class=\"wp-block-image size-full\"><img loading=\"lazy\" decoding=\"async\" width=\"1200\" height=\"1600\" data-id=\"2008\" src=\"http:\/\/festivalbritannique.fr\/wp-content\/uploads\/2024\/02\/scandaleusement-votre.webp\" alt=\"\" class=\"wp-image-2008\"\/><\/figure>\n\n\n\n<figure class=\"wp-block-image size-large\"><img loading=\"lazy\" decoding=\"async\" width=\"692\" height=\"1024\" data-id=\"2009\" src=\"http:\/\/festivalbritannique.fr\/wp-content\/uploads\/2024\/02\/scandaleusement-votre-vo-692x1024.jpg\" alt=\"\" class=\"wp-image-2009\" srcset=\"https:\/\/festivalbritannique.fr\/wp-content\/uploads\/2024\/02\/scandaleusement-votre-vo-692x1024.jpg 692w, https:\/\/festivalbritannique.fr\/wp-content\/uploads\/2024\/02\/scandaleusement-votre-vo-203x300.jpg 203w, https:\/\/festivalbritannique.fr\/wp-content\/uploads\/2024\/02\/scandaleusement-votre-vo-768x1137.jpg 768w, https:\/\/festivalbritannique.fr\/wp-content\/uploads\/2024\/02\/scandaleusement-votre-vo.jpg 1013w\" sizes=\"auto, (max-width: 692px) 100vw, 692px\" \/><\/figure>\n<\/figure>\n<!-- AddThis Advanced Settings generic via filter on the_content --><!-- AddThis Share Buttons generic via filter on the_content -->","protected":false},"excerpt":{"rendered":"<p>Wicked Little Letters Dimanche 17 mars \u00e0 14h 1h 41min | Com\u00e9die dramatique, ThrillerDe Thea Sharrock| Par Jonny SweetAvec Olivia Colman, Jessie Buckley, Anjana Vasan Littlehampton, 1920. Lorsque Edith Swan commence \u00e0 recevoir des lettres anonymes truff\u00e9es d&rsquo;injures, Rose Gooding, sa voisine irlandaise \u00e0 l\u2019esprit libre et au langage fleuri, est rapidement accus\u00e9e des crimes.<\/p>\n<p><a href=\"https:\/\/festivalbritannique.fr\/?page_id=2007\" class=\"more-link themebutton\">Read More<\/a><\/p>\n<p><!-- AddThis Advanced Settings generic via filter on get_the_excerpt --><!-- AddThis Share Buttons generic via filter on get_the_excerpt --><\/p>\n","protected":false},"author":2,"featured_media":0,"parent":1985,"menu_order":0,"comment_status":"closed","ping_status":"closed","template":"","meta":{"ngg_post_thumbnail":0,"footnotes":""},"class_list":["post-2007","page","type-page","status-publish","hentry"],"_links":{"self":[{"href":"https:\/\/festivalbritannique.fr\/index.php?rest_route=\/wp\/v2\/pages\/2007","targetHints":{"allow":["GET"]}}],"collection":[{"href":"https:\/\/festivalbritannique.fr\/index.php?rest_route=\/wp\/v2\/pages"}],"about":[{"href":"https:\/\/festivalbritannique.fr\/index.php?rest_route=\/wp\/v2\/types\/page"}],"author":[{"embeddable":true,"href":"https:\/\/festivalbritannique.fr\/index.php?rest_route=\/wp\/v2\/users\/2"}],"replies":[{"embeddable":true,"href":"https:\/\/festivalbritannique.fr\/index.php?rest_route=%2Fwp%2Fv2%2Fcomments&post=2007"}],"version-history":[{"count":1,"href":"https:\/\/festivalbritannique.fr\/index.php?rest_route=\/wp\/v2\/pages\/2007\/revisions"}],"predecessor-version":[{"id":2010,"href":"https:\/\/festivalbritannique.fr\/index.php?rest_route=\/wp\/v2\/pages\/2007\/revisions\/2010"}],"up":[{"embeddable":true,"href":"https:\/\/festivalbritannique.fr\/index.php?rest_route=\/wp\/v2\/pages\/1985"}],"wp:attachment":[{"href":"https:\/\/festivalbritannique.fr\/index.php?rest_route=%2Fwp%2Fv2%2Fmedia&parent=2007"}],"curies":[{"name":"wp","href":"https:\/\/api.w.org\/{rel}","templated":true}]}}