{"id":2011,"date":"2024-02-26T11:55:26","date_gmt":"2024-02-26T10:55:26","guid":{"rendered":"http:\/\/festivalbritannique.fr\/?page_id=2011"},"modified":"2024-02-26T11:55:27","modified_gmt":"2024-02-26T10:55:27","slug":"the-old-oak-2-2-2-2-2-2-2-2","status":"publish","type":"page","link":"https:\/\/festivalbritannique.fr\/?page_id=2011","title":{"rendered":"L&rsquo;improbable voyage d&rsquo;Harold Fry"},"content":{"rendered":"\n<p class=\"has-vivid-red-color has-text-color\"><strong>The Unlikely Pilgrimage of Harold Fry<\/strong><\/p>\n\n\n\n<p class=\"has-white-color has-pale-pink-background-color has-text-color has-background\">Dimanche 17 mars \u00e0 15h50<\/p>\n\n\n\n<p class=\"has-cyan-bluish-gray-color has-text-color\">1h 48min | Drame<br>De Hettie MacDonald<br>| Par Rachel Joyce (II)<br>Avec Jim Broadbent, Penelope Wilton, Linda Bassett<\/p>\n\n\n\n<p class=\"has-vivid-cyan-blue-color has-text-color\">\u00ab Je vais marcher, et tu vivras. \u00bb Tout juste retrait\u00e9, Harold Fry m\u00e8ne une vie maussade aux c\u00f4t\u00e9s de sa femme Maureen. Lorsqu\u2019il apprend que sa vieille amie Queenie est mourante, il sort de chez lui boulevers\u00e9 pour lui poster une lettre&#8230; mais il d\u00e9cide de continuer \u00e0 marcher pour se rendre \u00e0 son chevet. Sa lettre en poche, il se lance alors dans un improbable p\u00e9riple de plus de 700km \u00e0 travers l\u2019Angleterre, avec l&rsquo;intime conviction que son voyage maintiendra Queenie en vie. Au fil de rencontres inattendues et lib\u00e9ratrices, Harold pourra-t-il se redonner une chance ?<\/p>\n\n\n\n<p class=\"has-vivid-cyan-blue-color has-text-color\"><em>D\u2019apr\u00e8s le livre \u00e9ponyme \u00ab\u00a0La lettre qui allait changer le destin d&rsquo;Harold Fry arriva le mardi&#8230;\u00a0\u00bb \u00e9crit par Rachel Joyce (XO Editions).<\/em><\/p>\n\n\n\n<p class=\"has-pale-cyan-blue-color has-text-color\">Harold is an ordinary man who has passed through life, living on the side lines, until he goes to post a letter one day&#8230;and just keeps walking.<\/p>\n\n\n\n<figure class=\"wp-block-embed is-type-video is-provider-youtube wp-block-embed-youtube wp-embed-aspect-16-9 wp-has-aspect-ratio\"><div class=\"wp-block-embed__wrapper\">\n<iframe loading=\"lazy\" title=\"L&#039;IMPROBABLE VOYAGE D&#039;HAROLD FRY - Bande-annonce\" width=\"1170\" height=\"658\" src=\"https:\/\/www.youtube.com\/embed\/xjrFzFIsGxA?feature=oembed\" frameborder=\"0\" allow=\"accelerometer; autoplay; clipboard-write; encrypted-media; gyroscope; picture-in-picture; web-share\" allowfullscreen><\/iframe>\n<\/div><\/figure>\n\n\n\n<figure class=\"wp-block-gallery has-nested-images columns-default is-cropped wp-block-gallery-1 is-layout-flex wp-block-gallery-is-layout-flex\">\n<figure class=\"wp-block-image size-full\"><img loading=\"lazy\" decoding=\"async\" width=\"1175\" height=\"1600\" data-id=\"2012\" src=\"http:\/\/festivalbritannique.fr\/wp-content\/uploads\/2024\/02\/Limprobable-voyage-dHarold-Fry-vf.webp\" alt=\"\" class=\"wp-image-2012\"\/><\/figure>\n\n\n\n<figure class=\"wp-block-image size-large\"><img loading=\"lazy\" decoding=\"async\" width=\"693\" height=\"1024\" data-id=\"2013\" src=\"http:\/\/festivalbritannique.fr\/wp-content\/uploads\/2024\/02\/Limprobable-voyage-dHarold-Fry-vo-693x1024.jpg\" alt=\"\" class=\"wp-image-2013\" srcset=\"https:\/\/festivalbritannique.fr\/wp-content\/uploads\/2024\/02\/Limprobable-voyage-dHarold-Fry-vo-693x1024.jpg 693w, https:\/\/festivalbritannique.fr\/wp-content\/uploads\/2024\/02\/Limprobable-voyage-dHarold-Fry-vo-203x300.jpg 203w, https:\/\/festivalbritannique.fr\/wp-content\/uploads\/2024\/02\/Limprobable-voyage-dHarold-Fry-vo-768x1135.jpg 768w, https:\/\/festivalbritannique.fr\/wp-content\/uploads\/2024\/02\/Limprobable-voyage-dHarold-Fry-vo-1040x1536.jpg 1040w, https:\/\/festivalbritannique.fr\/wp-content\/uploads\/2024\/02\/Limprobable-voyage-dHarold-Fry-vo.jpg 1200w\" sizes=\"auto, (max-width: 693px) 100vw, 693px\" \/><\/figure>\n<\/figure>\n<!-- AddThis Advanced Settings generic via filter on the_content --><!-- AddThis Share Buttons generic via filter on the_content -->","protected":false},"excerpt":{"rendered":"<p>The Unlikely Pilgrimage of Harold Fry Dimanche 17 mars \u00e0 15h50 1h 48min | DrameDe Hettie MacDonald| Par Rachel Joyce (II)Avec Jim Broadbent, Penelope Wilton, Linda Bassett \u00ab Je vais marcher, et tu vivras. \u00bb Tout juste retrait\u00e9, Harold Fry m\u00e8ne une vie maussade aux c\u00f4t\u00e9s de sa femme Maureen. Lorsqu\u2019il apprend que sa vieille<\/p>\n<p><a href=\"https:\/\/festivalbritannique.fr\/?page_id=2011\" class=\"more-link themebutton\">Read More<\/a><\/p>\n<p><!-- AddThis Advanced Settings generic via filter on get_the_excerpt --><!-- AddThis Share Buttons generic via filter on get_the_excerpt --><\/p>\n","protected":false},"author":2,"featured_media":0,"parent":1985,"menu_order":0,"comment_status":"closed","ping_status":"closed","template":"","meta":{"ngg_post_thumbnail":0,"footnotes":""},"class_list":["post-2011","page","type-page","status-publish","hentry"],"_links":{"self":[{"href":"https:\/\/festivalbritannique.fr\/index.php?rest_route=\/wp\/v2\/pages\/2011","targetHints":{"allow":["GET"]}}],"collection":[{"href":"https:\/\/festivalbritannique.fr\/index.php?rest_route=\/wp\/v2\/pages"}],"about":[{"href":"https:\/\/festivalbritannique.fr\/index.php?rest_route=\/wp\/v2\/types\/page"}],"author":[{"embeddable":true,"href":"https:\/\/festivalbritannique.fr\/index.php?rest_route=\/wp\/v2\/users\/2"}],"replies":[{"embeddable":true,"href":"https:\/\/festivalbritannique.fr\/index.php?rest_route=%2Fwp%2Fv2%2Fcomments&post=2011"}],"version-history":[{"count":1,"href":"https:\/\/festivalbritannique.fr\/index.php?rest_route=\/wp\/v2\/pages\/2011\/revisions"}],"predecessor-version":[{"id":2014,"href":"https:\/\/festivalbritannique.fr\/index.php?rest_route=\/wp\/v2\/pages\/2011\/revisions\/2014"}],"up":[{"embeddable":true,"href":"https:\/\/festivalbritannique.fr\/index.php?rest_route=\/wp\/v2\/pages\/1985"}],"wp:attachment":[{"href":"https:\/\/festivalbritannique.fr\/index.php?rest_route=%2Fwp%2Fv2%2Fmedia&parent=2011"}],"curies":[{"name":"wp","href":"https:\/\/api.w.org\/{rel}","templated":true}]}}