{"id":2015,"date":"2024-02-26T12:00:30","date_gmt":"2024-02-26T11:00:30","guid":{"rendered":"http:\/\/festivalbritannique.fr\/?page_id=2015"},"modified":"2024-02-26T12:00:33","modified_gmt":"2024-02-26T11:00:33","slug":"the-old-oak-2-2-2-2-2-2-2-2-2","status":"publish","type":"page","link":"https:\/\/festivalbritannique.fr\/?page_id=2015","title":{"rendered":"Scrapper"},"content":{"rendered":"\n<p class=\"has-vivid-red-color has-text-color\"><strong>Scrapper<\/strong><\/p>\n\n\n\n<p class=\"has-white-color has-pale-pink-background-color has-text-color has-background\">Dimanche 17 mars \u00e0 18h<\/p>\n\n\n\n<p class=\"has-cyan-bluish-gray-color has-text-color\">1h 24min | Com\u00e9die, Drame<br>De Charlotte Regan<br>| Par Charlotte Regan<br>Avec Harris Dickinson, Lola Campbell, Alin Uzun<\/p>\n\n\n\n<p class=\"has-vivid-cyan-blue-color has-text-color\">Banlieue de Londres. G\u00e9orgie 12 ans vit seule depuis la mort de sa m\u00e8re. Elle se d\u00e9brouille au quotidien pour \u00e9loigner les travailleurs sociaux, raconte qu\u2019elle vit avec un oncle, gagne de l\u2019argent en faisant un trafic de v\u00e9lo avec son ami Ali. Cet \u00e9quilibre fonctionne jusqu\u2019\u00e0 l\u2019arriv\u00e9e de Jason, un jeune homme qu\u2019elle ne connait pas et se pr\u00e9sente comme \u00e9tant son p\u00e8re.<\/p>\n\n\n\n<p class=\"has-pale-cyan-blue-color has-text-color\">Georgie, a dreamy 12-year-old girl, lives happily alone in her London flat, filling it with magic. Suddenly, her estranged father turns up and forces her to confront reality.<\/p>\n\n\n\n<figure class=\"wp-block-embed is-type-video is-provider-youtube wp-block-embed-youtube wp-embed-aspect-16-9 wp-has-aspect-ratio\"><div class=\"wp-block-embed__wrapper\">\n<iframe loading=\"lazy\" title=\"FILM ANNONCE SCRAPPER\" width=\"1170\" height=\"658\" src=\"https:\/\/www.youtube.com\/embed\/DKX3o-HLXGc?feature=oembed\" frameborder=\"0\" allow=\"accelerometer; autoplay; clipboard-write; encrypted-media; gyroscope; picture-in-picture; web-share\" allowfullscreen><\/iframe>\n<\/div><\/figure>\n\n\n\n<figure class=\"wp-block-gallery has-nested-images columns-default is-cropped wp-block-gallery-1 is-layout-flex wp-block-gallery-is-layout-flex\">\n<figure class=\"wp-block-image size-full\"><img loading=\"lazy\" decoding=\"async\" width=\"850\" height=\"1134\" data-id=\"2016\" src=\"http:\/\/festivalbritannique.fr\/wp-content\/uploads\/2024\/02\/scrapper-vf.webp\" alt=\"\" class=\"wp-image-2016\"\/><\/figure>\n\n\n\n<figure class=\"wp-block-image size-large\"><img loading=\"lazy\" decoding=\"async\" width=\"691\" height=\"1024\" data-id=\"2017\" src=\"http:\/\/festivalbritannique.fr\/wp-content\/uploads\/2024\/02\/Scrapper-vo-691x1024.jpg\" alt=\"\" class=\"wp-image-2017\" srcset=\"https:\/\/festivalbritannique.fr\/wp-content\/uploads\/2024\/02\/Scrapper-vo-691x1024.jpg 691w, https:\/\/festivalbritannique.fr\/wp-content\/uploads\/2024\/02\/Scrapper-vo-203x300.jpg 203w, https:\/\/festivalbritannique.fr\/wp-content\/uploads\/2024\/02\/Scrapper-vo-768x1138.jpg 768w, https:\/\/festivalbritannique.fr\/wp-content\/uploads\/2024\/02\/Scrapper-vo.jpg 810w\" sizes=\"auto, (max-width: 691px) 100vw, 691px\" \/><\/figure>\n<\/figure>\n<!-- AddThis Advanced Settings generic via filter on the_content --><!-- AddThis Share Buttons generic via filter on the_content -->","protected":false},"excerpt":{"rendered":"<p>Scrapper Dimanche 17 mars \u00e0 18h 1h 24min | Com\u00e9die, DrameDe Charlotte Regan| Par Charlotte ReganAvec Harris Dickinson, Lola Campbell, Alin Uzun Banlieue de Londres. G\u00e9orgie 12 ans vit seule depuis la mort de sa m\u00e8re. Elle se d\u00e9brouille au quotidien pour \u00e9loigner les travailleurs sociaux, raconte qu\u2019elle vit avec un oncle, gagne de l\u2019argent<\/p>\n<p><a href=\"https:\/\/festivalbritannique.fr\/?page_id=2015\" class=\"more-link themebutton\">Read More<\/a><\/p>\n<p><!-- AddThis Advanced Settings generic via filter on get_the_excerpt --><!-- AddThis Share Buttons generic via filter on get_the_excerpt --><\/p>\n","protected":false},"author":2,"featured_media":0,"parent":1985,"menu_order":0,"comment_status":"closed","ping_status":"closed","template":"","meta":{"ngg_post_thumbnail":0,"footnotes":""},"class_list":["post-2015","page","type-page","status-publish","hentry"],"_links":{"self":[{"href":"https:\/\/festivalbritannique.fr\/index.php?rest_route=\/wp\/v2\/pages\/2015","targetHints":{"allow":["GET"]}}],"collection":[{"href":"https:\/\/festivalbritannique.fr\/index.php?rest_route=\/wp\/v2\/pages"}],"about":[{"href":"https:\/\/festivalbritannique.fr\/index.php?rest_route=\/wp\/v2\/types\/page"}],"author":[{"embeddable":true,"href":"https:\/\/festivalbritannique.fr\/index.php?rest_route=\/wp\/v2\/users\/2"}],"replies":[{"embeddable":true,"href":"https:\/\/festivalbritannique.fr\/index.php?rest_route=%2Fwp%2Fv2%2Fcomments&post=2015"}],"version-history":[{"count":1,"href":"https:\/\/festivalbritannique.fr\/index.php?rest_route=\/wp\/v2\/pages\/2015\/revisions"}],"predecessor-version":[{"id":2018,"href":"https:\/\/festivalbritannique.fr\/index.php?rest_route=\/wp\/v2\/pages\/2015\/revisions\/2018"}],"up":[{"embeddable":true,"href":"https:\/\/festivalbritannique.fr\/index.php?rest_route=\/wp\/v2\/pages\/1985"}],"wp:attachment":[{"href":"https:\/\/festivalbritannique.fr\/index.php?rest_route=%2Fwp%2Fv2%2Fmedia&parent=2015"}],"curies":[{"name":"wp","href":"https:\/\/api.w.org\/{rel}","templated":true}]}}