{"id":2019,"date":"2024-02-26T12:05:33","date_gmt":"2024-02-26T11:05:33","guid":{"rendered":"http:\/\/festivalbritannique.fr\/?page_id=2019"},"modified":"2024-02-26T12:05:35","modified_gmt":"2024-02-26T11:05:35","slug":"the-old-oak-2-2-2-2-2-2-2-2-2-2","status":"publish","type":"page","link":"https:\/\/festivalbritannique.fr\/?page_id=2019","title":{"rendered":"Super s\u00e9niors"},"content":{"rendered":"\n<p class=\"has-vivid-red-color has-text-color\"><strong>Silver Servers<\/strong><\/p>\n\n\n\n<p class=\"has-white-color has-pale-pink-background-color has-text-color has-background\">Dimanche 17 mars \u00e0 20h40<\/p>\n\n\n\n<p class=\"has-cyan-bluish-gray-color has-text-color\">1h 37min | Documentaire<br>De Dan Lobb<br>| Par Dan Lobb<\/p>\n\n\n\n<p class=\"has-vivid-cyan-blue-color has-text-color\">Quatre \u00ab Super Seniors \u00bb \u00e2g\u00e9s de 82 \u00e0 95 ans se pr\u00e9parent pour les Championnats du monde de la F\u00e9d\u00e9ration Internationale de Tennis. Parmi eux se trouvent une Fran\u00e7aise et le joueur le plus \u00e2g\u00e9 au monde. Ils veulent vivre pleinement leur vie, frappant des balles et gagnant des matchs. Des personnages hauts en couleurs nous prouvent que le jeu\u2026 est la vie.<\/p>\n\n\n\n<p class=\"has-pale-cyan-blue-color has-text-color\">Silver Servers tells the story of four \u00ab\u00a0Super Senior\u00a0\u00bb tennis players &#8211; Leonid (95), Etty (82), King (85) and John (87) &#8211; as they descend on the latest International Tennis Federation Senior World Championship. They might be in their 80s and 90s, but hell, they still want to win &#8211; and live life to the full, cherishing their final few years on the court, hitting balls and winning matches. A fun, colorful, inspiring, audience-facing feature documentary, four very different characters show us what drives them to keep on playing and competing, and thereby help us realize what&rsquo;s possible in our own lives, whatever age we&rsquo;re at &#8211; and what joy there is in keeping on going.<\/p>\n\n\n\n<figure class=\"wp-block-gallery has-nested-images columns-default is-cropped wp-block-gallery-1 is-layout-flex wp-block-gallery-is-layout-flex\">\n<figure class=\"wp-block-image size-full\"><img loading=\"lazy\" decoding=\"async\" width=\"384\" height=\"512\" data-id=\"2020\" src=\"http:\/\/festivalbritannique.fr\/wp-content\/uploads\/2024\/02\/super-seniors-vf.jpg\" alt=\"\" class=\"wp-image-2020\" srcset=\"https:\/\/festivalbritannique.fr\/wp-content\/uploads\/2024\/02\/super-seniors-vf.jpg 384w, https:\/\/festivalbritannique.fr\/wp-content\/uploads\/2024\/02\/super-seniors-vf-225x300.jpg 225w\" sizes=\"auto, (max-width: 384px) 100vw, 384px\" \/><\/figure>\n\n\n\n<figure class=\"wp-block-image size-full\"><img loading=\"lazy\" decoding=\"async\" width=\"354\" height=\"512\" data-id=\"2021\" src=\"http:\/\/festivalbritannique.fr\/wp-content\/uploads\/2024\/02\/super-seniors-vo.jpg\" alt=\"\" class=\"wp-image-2021\" srcset=\"https:\/\/festivalbritannique.fr\/wp-content\/uploads\/2024\/02\/super-seniors-vo.jpg 354w, https:\/\/festivalbritannique.fr\/wp-content\/uploads\/2024\/02\/super-seniors-vo-207x300.jpg 207w\" sizes=\"auto, (max-width: 354px) 100vw, 354px\" \/><\/figure>\n<\/figure>\n<!-- AddThis Advanced Settings generic via filter on the_content --><!-- AddThis Share Buttons generic via filter on the_content -->","protected":false},"excerpt":{"rendered":"<p>Silver Servers Dimanche 17 mars \u00e0 20h40 1h 37min | DocumentaireDe Dan Lobb| Par Dan Lobb Quatre \u00ab Super Seniors \u00bb \u00e2g\u00e9s de 82 \u00e0 95 ans se pr\u00e9parent pour les Championnats du monde de la F\u00e9d\u00e9ration Internationale de Tennis. Parmi eux se trouvent une Fran\u00e7aise et le joueur le plus \u00e2g\u00e9 au monde. Ils<\/p>\n<p><a href=\"https:\/\/festivalbritannique.fr\/?page_id=2019\" class=\"more-link themebutton\">Read More<\/a><\/p>\n<p><!-- AddThis Advanced Settings generic via filter on get_the_excerpt --><!-- AddThis Share Buttons generic via filter on get_the_excerpt --><\/p>\n","protected":false},"author":2,"featured_media":0,"parent":1985,"menu_order":0,"comment_status":"closed","ping_status":"closed","template":"","meta":{"ngg_post_thumbnail":0,"footnotes":""},"class_list":["post-2019","page","type-page","status-publish","hentry"],"_links":{"self":[{"href":"https:\/\/festivalbritannique.fr\/index.php?rest_route=\/wp\/v2\/pages\/2019","targetHints":{"allow":["GET"]}}],"collection":[{"href":"https:\/\/festivalbritannique.fr\/index.php?rest_route=\/wp\/v2\/pages"}],"about":[{"href":"https:\/\/festivalbritannique.fr\/index.php?rest_route=\/wp\/v2\/types\/page"}],"author":[{"embeddable":true,"href":"https:\/\/festivalbritannique.fr\/index.php?rest_route=\/wp\/v2\/users\/2"}],"replies":[{"embeddable":true,"href":"https:\/\/festivalbritannique.fr\/index.php?rest_route=%2Fwp%2Fv2%2Fcomments&post=2019"}],"version-history":[{"count":1,"href":"https:\/\/festivalbritannique.fr\/index.php?rest_route=\/wp\/v2\/pages\/2019\/revisions"}],"predecessor-version":[{"id":2022,"href":"https:\/\/festivalbritannique.fr\/index.php?rest_route=\/wp\/v2\/pages\/2019\/revisions\/2022"}],"up":[{"embeddable":true,"href":"https:\/\/festivalbritannique.fr\/index.php?rest_route=\/wp\/v2\/pages\/1985"}],"wp:attachment":[{"href":"https:\/\/festivalbritannique.fr\/index.php?rest_route=%2Fwp%2Fv2%2Fmedia&parent=2019"}],"curies":[{"name":"wp","href":"https:\/\/api.w.org\/{rel}","templated":true}]}}