{"id":2095,"date":"2025-02-02T18:21:33","date_gmt":"2025-02-02T17:21:33","guid":{"rendered":"http:\/\/festivalbritannique.fr\/?page_id=2095"},"modified":"2025-02-02T18:21:34","modified_gmt":"2025-02-02T17:21:34","slug":"the-old-oak-2-2-2-2-9","status":"publish","type":"page","link":"https:\/\/festivalbritannique.fr\/?page_id=2095","title":{"rendered":"M\u00e9moires d&rsquo;un escargot"},"content":{"rendered":"\n<p class=\"has-vivid-red-color has-text-color\"><strong>Memoir of a Snail<\/strong><\/p>\n\n\n\n<p class=\"has-white-color has-pale-pink-background-color has-text-color has-background\">Samedi 15 mars \u00e0 13h50<\/p>\n\n\n\n<p class=\"has-cyan-bluish-gray-color has-text-color\">1h 34min | Animation, Drame<br>De Adam Elliot<br>Avec Jacki Weaver, Sarah Snook, Kodi Smit-McPhee<\/p>\n\n\n\n<p class=\"has-vivid-cyan-blue-color has-text-color\">\u00c0 la mort de son p\u00e8re, la vie heureuse et marginale de Grace Pudel, collectionneuse d\u2019escargots et passionn\u00e9e de lecture, vole en \u00e9clats. Arrach\u00e9e \u00e0 son fr\u00e8re jumeau Gilbert, elle atterrit dans une famille d\u2019accueil \u00e0 l\u2019autre bout de l\u2019Australie. Suspendue aux lettres de son fr\u00e8re, ignor\u00e9e par ses tuteurs et harcel\u00e9e par ses camarades de classe, Grace s\u2019enfonce dans le d\u00e9sespoir. Jusqu\u2019\u00e0 la rencontre salvatrice avec Pinky, une octog\u00e9naire excentrique qui va lui apprendre \u00e0 aimer la vie et \u00e0 sortir de sa coquille\u2026<\/p>\n\n\n\n<p class=\"has-pale-cyan-blue-color has-text-color\">A bittersweet memoir of a melancholic woman called Grace Pudel &#8211; a hoarder of snails, romance novels, and guinea pigs.<\/p>\n\n\n\n<figure class=\"wp-block-embed is-type-video is-provider-youtube wp-block-embed-youtube wp-embed-aspect-16-9 wp-has-aspect-ratio\"><div class=\"wp-block-embed__wrapper\">\n<iframe loading=\"lazy\" title=\"M\u00c9MOIRES D&#039;UN ESCARGOT - Bande-annonce VOSTFR\" width=\"1170\" height=\"658\" src=\"https:\/\/www.youtube.com\/embed\/IVNbV3mas90?feature=oembed\" frameborder=\"0\" allow=\"accelerometer; autoplay; clipboard-write; encrypted-media; gyroscope; picture-in-picture; web-share\" referrerpolicy=\"strict-origin-when-cross-origin\" allowfullscreen><\/iframe>\n<\/div><\/figure>\n\n\n\n<figure class=\"wp-block-gallery has-nested-images columns-default is-cropped wp-block-gallery-1 is-layout-flex wp-block-gallery-is-layout-flex\">\n<figure class=\"wp-block-image size-large\"><img loading=\"lazy\" decoding=\"async\" width=\"768\" height=\"1024\" data-id=\"2072\" src=\"http:\/\/festivalbritannique.fr\/wp-content\/uploads\/2025\/01\/59d78bb5da8488688593fc3814cddce4-768x1024.jpg\" alt=\"\" class=\"wp-image-2072\" srcset=\"https:\/\/festivalbritannique.fr\/wp-content\/uploads\/2025\/01\/59d78bb5da8488688593fc3814cddce4-768x1024.jpg 768w, https:\/\/festivalbritannique.fr\/wp-content\/uploads\/2025\/01\/59d78bb5da8488688593fc3814cddce4-225x300.jpg 225w, https:\/\/festivalbritannique.fr\/wp-content\/uploads\/2025\/01\/59d78bb5da8488688593fc3814cddce4.jpg 810w\" sizes=\"auto, (max-width: 768px) 100vw, 768px\" \/><\/figure>\n\n\n\n<figure class=\"wp-block-image size-large\"><img loading=\"lazy\" decoding=\"async\" width=\"819\" height=\"1024\" data-id=\"2096\" src=\"http:\/\/festivalbritannique.fr\/wp-content\/uploads\/2025\/01\/a75e63bcc5d93383547832429c213ac5-819x1024.jpg\" alt=\"\" class=\"wp-image-2096\" srcset=\"https:\/\/festivalbritannique.fr\/wp-content\/uploads\/2025\/01\/a75e63bcc5d93383547832429c213ac5-819x1024.jpg 819w, https:\/\/festivalbritannique.fr\/wp-content\/uploads\/2025\/01\/a75e63bcc5d93383547832429c213ac5-240x300.jpg 240w, https:\/\/festivalbritannique.fr\/wp-content\/uploads\/2025\/01\/a75e63bcc5d93383547832429c213ac5-768x960.jpg 768w, https:\/\/festivalbritannique.fr\/wp-content\/uploads\/2025\/01\/a75e63bcc5d93383547832429c213ac5.jpg 864w\" sizes=\"auto, (max-width: 819px) 100vw, 819px\" \/><\/figure>\n<\/figure>\n<!-- AddThis Advanced Settings generic via filter on the_content --><!-- AddThis Share Buttons generic via filter on the_content -->","protected":false},"excerpt":{"rendered":"<p>Memoir of a Snail Samedi 15 mars \u00e0 13h50 1h 34min | Animation, DrameDe Adam ElliotAvec Jacki Weaver, Sarah Snook, Kodi Smit-McPhee \u00c0 la mort de son p\u00e8re, la vie heureuse et marginale de Grace Pudel, collectionneuse d\u2019escargots et passionn\u00e9e de lecture, vole en \u00e9clats. Arrach\u00e9e \u00e0 son fr\u00e8re jumeau Gilbert, elle atterrit dans une<\/p>\n<p><a href=\"https:\/\/festivalbritannique.fr\/?page_id=2095\" class=\"more-link themebutton\">Read More<\/a><\/p>\n<p><!-- AddThis Advanced Settings generic via filter on get_the_excerpt --><!-- AddThis Share Buttons generic via filter on get_the_excerpt --><\/p>\n","protected":false},"author":2,"featured_media":0,"parent":2088,"menu_order":0,"comment_status":"closed","ping_status":"closed","template":"","meta":{"ngg_post_thumbnail":0,"footnotes":""},"class_list":["post-2095","page","type-page","status-publish","hentry"],"_links":{"self":[{"href":"https:\/\/festivalbritannique.fr\/index.php?rest_route=\/wp\/v2\/pages\/2095","targetHints":{"allow":["GET"]}}],"collection":[{"href":"https:\/\/festivalbritannique.fr\/index.php?rest_route=\/wp\/v2\/pages"}],"about":[{"href":"https:\/\/festivalbritannique.fr\/index.php?rest_route=\/wp\/v2\/types\/page"}],"author":[{"embeddable":true,"href":"https:\/\/festivalbritannique.fr\/index.php?rest_route=\/wp\/v2\/users\/2"}],"replies":[{"embeddable":true,"href":"https:\/\/festivalbritannique.fr\/index.php?rest_route=%2Fwp%2Fv2%2Fcomments&post=2095"}],"version-history":[{"count":1,"href":"https:\/\/festivalbritannique.fr\/index.php?rest_route=\/wp\/v2\/pages\/2095\/revisions"}],"predecessor-version":[{"id":2097,"href":"https:\/\/festivalbritannique.fr\/index.php?rest_route=\/wp\/v2\/pages\/2095\/revisions\/2097"}],"up":[{"embeddable":true,"href":"https:\/\/festivalbritannique.fr\/index.php?rest_route=\/wp\/v2\/pages\/2088"}],"wp:attachment":[{"href":"https:\/\/festivalbritannique.fr\/index.php?rest_route=%2Fwp%2Fv2%2Fmedia&parent=2095"}],"curies":[{"name":"wp","href":"https:\/\/api.w.org\/{rel}","templated":true}]}}