{"id":2098,"date":"2025-02-02T18:19:00","date_gmt":"2025-02-02T17:19:00","guid":{"rendered":"http:\/\/festivalbritannique.fr\/?page_id=2098"},"modified":"2025-02-02T18:19:01","modified_gmt":"2025-02-02T17:19:01","slug":"the-old-oak-2-2-2-2-3","status":"publish","type":"page","link":"https:\/\/festivalbritannique.fr\/?page_id=2098","title":{"rendered":"Chambre avec vue"},"content":{"rendered":"\n<p class=\"has-vivid-red-color has-text-color\"><strong>A Room with a View<\/strong><\/p>\n\n\n\n<p class=\"has-white-color has-pale-pink-background-color has-text-color has-background\">Samedi 15 mars \u00e0 15h50<\/p>\n\n\n\n<p class=\"has-cyan-bluish-gray-color has-text-color\">19 novembre 1986 en salle |1h 57min | Drame, Romance<br>De James Ivory<br>|Par Ruth Prawer Jhabvala<br>Avec Helena Bonham Carter, Daniel Day-Lewis, Maggie Smith<\/p>\n\n\n\n<p class=\"has-vivid-cyan-blue-color has-text-color\">Lucy Honeychurch, en voyage \u00e0 Florence avec une vieille cousine, tombe amoureuse d&rsquo;un jeune Anglais, qui comme elle a \u00e9t\u00e9 t\u00e9moin d&rsquo;un meurtre. Mais, elle \u00e9tant \u00ab\u00a0convenable\u00a0\u00bb et lui pas, elle rompt puis s&rsquo;impose des fian\u00e7ailles de convenances avec un autre. Ayant d\u00e9sesp\u00e9r\u00e9 tour \u00e0 tour les deux jeunes hommes, malheureuse, elle d\u00e9cide de repartir, pour Ath\u00e8nes cette fois.<\/p>\n\n\n\n<p class=\"has-pale-cyan-blue-color has-text-color\">When Lucy Honeychurch (Helena Bonham Carter) and chaperone Charlotte Bartlett (Dame Maggie Smith) find themselves in Florence with rooms without views, fellow guests Mr. Emerson (Denholm Elliott) and son George (Julian Sands) step in to remedy the situation. Meeting the Emersons could change Lucy&rsquo;s life forever, but once back in England, how will her experiences in Tuscany affect her marriage plans?<\/p>\n\n\n\n<figure class=\"wp-block-embed is-type-video is-provider-youtube wp-block-embed-youtube wp-embed-aspect-16-9 wp-has-aspect-ratio\"><div class=\"wp-block-embed__wrapper\">\n<iframe loading=\"lazy\" title=\"Chambre avec vue - Bande annonce reprise 2019 HD VOST\" width=\"1170\" height=\"658\" src=\"https:\/\/www.youtube.com\/embed\/ol49Ns8Z78c?feature=oembed\" frameborder=\"0\" allow=\"accelerometer; autoplay; clipboard-write; encrypted-media; gyroscope; picture-in-picture; web-share\" referrerpolicy=\"strict-origin-when-cross-origin\" allowfullscreen><\/iframe>\n<\/div><\/figure>\n\n\n\n<figure class=\"wp-block-gallery has-nested-images columns-default is-cropped wp-block-gallery-1 is-layout-flex wp-block-gallery-is-layout-flex\">\n<figure class=\"wp-block-image size-large\"><img loading=\"lazy\" decoding=\"async\" width=\"768\" height=\"1024\" data-id=\"2073\" src=\"http:\/\/festivalbritannique.fr\/wp-content\/uploads\/2025\/01\/3850723-768x1024.jpg\" alt=\"\" class=\"wp-image-2073\" srcset=\"https:\/\/festivalbritannique.fr\/wp-content\/uploads\/2025\/01\/3850723-768x1024.jpg 768w, https:\/\/festivalbritannique.fr\/wp-content\/uploads\/2025\/01\/3850723-225x300.jpg 225w, https:\/\/festivalbritannique.fr\/wp-content\/uploads\/2025\/01\/3850723.jpg 810w\" sizes=\"auto, (max-width: 768px) 100vw, 768px\" \/><\/figure>\n\n\n\n<figure class=\"wp-block-image size-full\"><img loading=\"lazy\" decoding=\"async\" width=\"472\" height=\"708\" data-id=\"2099\" src=\"http:\/\/festivalbritannique.fr\/wp-content\/uploads\/2025\/01\/93bd5e1372e457bdbac70babe33d6cab.jpg\" alt=\"\" class=\"wp-image-2099\" srcset=\"https:\/\/festivalbritannique.fr\/wp-content\/uploads\/2025\/01\/93bd5e1372e457bdbac70babe33d6cab.jpg 472w, https:\/\/festivalbritannique.fr\/wp-content\/uploads\/2025\/01\/93bd5e1372e457bdbac70babe33d6cab-200x300.jpg 200w\" sizes=\"auto, (max-width: 472px) 100vw, 472px\" \/><\/figure>\n<\/figure>\n<!-- AddThis Advanced Settings generic via filter on the_content --><!-- AddThis Share Buttons generic via filter on the_content -->","protected":false},"excerpt":{"rendered":"<p>A Room with a View Samedi 15 mars \u00e0 15h50 19 novembre 1986 en salle |1h 57min | Drame, RomanceDe James Ivory|Par Ruth Prawer JhabvalaAvec Helena Bonham Carter, Daniel Day-Lewis, Maggie Smith Lucy Honeychurch, en voyage \u00e0 Florence avec une vieille cousine, tombe amoureuse d&rsquo;un jeune Anglais, qui comme elle a \u00e9t\u00e9 t\u00e9moin d&rsquo;un meurtre.<\/p>\n<p><a href=\"https:\/\/festivalbritannique.fr\/?page_id=2098\" class=\"more-link themebutton\">Read More<\/a><\/p>\n<p><!-- AddThis Advanced Settings generic via filter on get_the_excerpt --><!-- AddThis Share Buttons generic via filter on get_the_excerpt --><\/p>\n","protected":false},"author":2,"featured_media":0,"parent":2088,"menu_order":0,"comment_status":"closed","ping_status":"closed","template":"","meta":{"ngg_post_thumbnail":0,"footnotes":""},"class_list":["post-2098","page","type-page","status-publish","hentry"],"_links":{"self":[{"href":"https:\/\/festivalbritannique.fr\/index.php?rest_route=\/wp\/v2\/pages\/2098","targetHints":{"allow":["GET"]}}],"collection":[{"href":"https:\/\/festivalbritannique.fr\/index.php?rest_route=\/wp\/v2\/pages"}],"about":[{"href":"https:\/\/festivalbritannique.fr\/index.php?rest_route=\/wp\/v2\/types\/page"}],"author":[{"embeddable":true,"href":"https:\/\/festivalbritannique.fr\/index.php?rest_route=\/wp\/v2\/users\/2"}],"replies":[{"embeddable":true,"href":"https:\/\/festivalbritannique.fr\/index.php?rest_route=%2Fwp%2Fv2%2Fcomments&post=2098"}],"version-history":[{"count":1,"href":"https:\/\/festivalbritannique.fr\/index.php?rest_route=\/wp\/v2\/pages\/2098\/revisions"}],"predecessor-version":[{"id":2100,"href":"https:\/\/festivalbritannique.fr\/index.php?rest_route=\/wp\/v2\/pages\/2098\/revisions\/2100"}],"up":[{"embeddable":true,"href":"https:\/\/festivalbritannique.fr\/index.php?rest_route=\/wp\/v2\/pages\/2088"}],"wp:attachment":[{"href":"https:\/\/festivalbritannique.fr\/index.php?rest_route=%2Fwp%2Fv2%2Fmedia&parent=2098"}],"curies":[{"name":"wp","href":"https:\/\/api.w.org\/{rel}","templated":true}]}}