{"id":2101,"date":"2025-02-02T18:17:57","date_gmt":"2025-02-02T17:17:57","guid":{"rendered":"http:\/\/festivalbritannique.fr\/?page_id=2101"},"modified":"2025-02-02T18:17:59","modified_gmt":"2025-02-02T17:17:59","slug":"the-old-oak-2-2-2-2-2","status":"publish","type":"page","link":"https:\/\/festivalbritannique.fr\/?page_id=2101","title":{"rendered":"Bird"},"content":{"rendered":"\n<p class=\"has-vivid-red-color has-text-color\"><strong>Bird<\/strong><\/p>\n\n\n\n<p class=\"has-white-color has-pale-pink-background-color has-text-color has-background\">Samedi 15 mars \u00e0 18h10<\/p>\n\n\n\n<p class=\"has-cyan-bluish-gray-color has-text-color\">1 janvier 2025 en salle | 1h 58min | Drame<br>De Andrea Arnold<br>Avec Barry Keoghan, Franz Rogowski, Nykiya Adams<\/p>\n\n\n\n<p class=\"has-vivid-cyan-blue-color has-text-color\">\u00c0 12 ans, Bailey vit avec son fr\u00e8re Hunter et son p\u00e8re Bug, qui les \u00e9l\u00e8ve seul dans un squat au nord du Kent. Bug n\u2019a pas beaucoup de temps \u00e0 leur consacrer et Bailey, qui approche de la pubert\u00e9, cherche de l\u2019attention et de l\u2019aventure ailleurs.<\/p>\n\n\n\n<p class=\"has-pale-cyan-blue-color has-text-color\">Bailey lives with her brother Hunter and her father Bug, who raises them alone in a squat in northern Kent. Bug doesn&rsquo;t have much time to devote to them. Bailey looks for attention and adventure elsewhere.<\/p>\n\n\n\n<figure class=\"wp-block-embed is-type-video is-provider-youtube wp-block-embed-youtube wp-embed-aspect-16-9 wp-has-aspect-ratio\"><div class=\"wp-block-embed__wrapper\">\n<iframe loading=\"lazy\" title=\"BIRD de Andrea Arnold | Le 1er janvier au cin\u00e9ma.\" width=\"1170\" height=\"658\" src=\"https:\/\/www.youtube.com\/embed\/scMh3X6byns?feature=oembed\" frameborder=\"0\" allow=\"accelerometer; autoplay; clipboard-write; encrypted-media; gyroscope; picture-in-picture; web-share\" referrerpolicy=\"strict-origin-when-cross-origin\" allowfullscreen><\/iframe>\n<\/div><\/figure>\n\n\n\n<figure class=\"wp-block-gallery has-nested-images columns-default is-cropped wp-block-gallery-1 is-layout-flex wp-block-gallery-is-layout-flex\">\n<figure class=\"wp-block-image size-large\"><img loading=\"lazy\" decoding=\"async\" width=\"768\" height=\"1024\" data-id=\"2074\" src=\"http:\/\/festivalbritannique.fr\/wp-content\/uploads\/2025\/01\/9658743ee8bd0c8a4535fee33e11947e-768x1024.jpg\" alt=\"\" class=\"wp-image-2074\" srcset=\"https:\/\/festivalbritannique.fr\/wp-content\/uploads\/2025\/01\/9658743ee8bd0c8a4535fee33e11947e-768x1024.jpg 768w, https:\/\/festivalbritannique.fr\/wp-content\/uploads\/2025\/01\/9658743ee8bd0c8a4535fee33e11947e-225x300.jpg 225w, https:\/\/festivalbritannique.fr\/wp-content\/uploads\/2025\/01\/9658743ee8bd0c8a4535fee33e11947e.jpg 810w\" sizes=\"auto, (max-width: 768px) 100vw, 768px\" \/><\/figure>\n\n\n\n<figure class=\"wp-block-image size-large\"><img loading=\"lazy\" decoding=\"async\" width=\"704\" height=\"1024\" data-id=\"2102\" src=\"http:\/\/festivalbritannique.fr\/wp-content\/uploads\/2025\/01\/Screenshot-2025-01-31-at-22-47-33-Bird-2024-704x1024.png\" alt=\"\" class=\"wp-image-2102\" srcset=\"https:\/\/festivalbritannique.fr\/wp-content\/uploads\/2025\/01\/Screenshot-2025-01-31-at-22-47-33-Bird-2024-704x1024.png 704w, https:\/\/festivalbritannique.fr\/wp-content\/uploads\/2025\/01\/Screenshot-2025-01-31-at-22-47-33-Bird-2024-206x300.png 206w, https:\/\/festivalbritannique.fr\/wp-content\/uploads\/2025\/01\/Screenshot-2025-01-31-at-22-47-33-Bird-2024-768x1117.png 768w, https:\/\/festivalbritannique.fr\/wp-content\/uploads\/2025\/01\/Screenshot-2025-01-31-at-22-47-33-Bird-2024-1056x1536.png 1056w, https:\/\/festivalbritannique.fr\/wp-content\/uploads\/2025\/01\/Screenshot-2025-01-31-at-22-47-33-Bird-2024.png 1172w\" sizes=\"auto, (max-width: 704px) 100vw, 704px\" \/><\/figure>\n<\/figure>\n<!-- AddThis Advanced Settings generic via filter on the_content --><!-- AddThis Share Buttons generic via filter on the_content -->","protected":false},"excerpt":{"rendered":"<p>Bird Samedi 15 mars \u00e0 18h10 1 janvier 2025 en salle | 1h 58min | DrameDe Andrea ArnoldAvec Barry Keoghan, Franz Rogowski, Nykiya Adams \u00c0 12 ans, Bailey vit avec son fr\u00e8re Hunter et son p\u00e8re Bug, qui les \u00e9l\u00e8ve seul dans un squat au nord du Kent. Bug n\u2019a pas beaucoup de temps \u00e0<\/p>\n<p><a href=\"https:\/\/festivalbritannique.fr\/?page_id=2101\" class=\"more-link themebutton\">Read More<\/a><\/p>\n<p><!-- AddThis Advanced Settings generic via filter on get_the_excerpt --><!-- AddThis Share Buttons generic via filter on get_the_excerpt --><\/p>\n","protected":false},"author":2,"featured_media":0,"parent":2088,"menu_order":0,"comment_status":"closed","ping_status":"closed","template":"","meta":{"ngg_post_thumbnail":0,"footnotes":""},"class_list":["post-2101","page","type-page","status-publish","hentry"],"_links":{"self":[{"href":"https:\/\/festivalbritannique.fr\/index.php?rest_route=\/wp\/v2\/pages\/2101","targetHints":{"allow":["GET"]}}],"collection":[{"href":"https:\/\/festivalbritannique.fr\/index.php?rest_route=\/wp\/v2\/pages"}],"about":[{"href":"https:\/\/festivalbritannique.fr\/index.php?rest_route=\/wp\/v2\/types\/page"}],"author":[{"embeddable":true,"href":"https:\/\/festivalbritannique.fr\/index.php?rest_route=\/wp\/v2\/users\/2"}],"replies":[{"embeddable":true,"href":"https:\/\/festivalbritannique.fr\/index.php?rest_route=%2Fwp%2Fv2%2Fcomments&post=2101"}],"version-history":[{"count":1,"href":"https:\/\/festivalbritannique.fr\/index.php?rest_route=\/wp\/v2\/pages\/2101\/revisions"}],"predecessor-version":[{"id":2103,"href":"https:\/\/festivalbritannique.fr\/index.php?rest_route=\/wp\/v2\/pages\/2101\/revisions\/2103"}],"up":[{"embeddable":true,"href":"https:\/\/festivalbritannique.fr\/index.php?rest_route=\/wp\/v2\/pages\/2088"}],"wp:attachment":[{"href":"https:\/\/festivalbritannique.fr\/index.php?rest_route=%2Fwp%2Fv2%2Fmedia&parent=2101"}],"curies":[{"name":"wp","href":"https:\/\/api.w.org\/{rel}","templated":true}]}}