{"id":2104,"date":"2025-02-02T18:20:38","date_gmt":"2025-02-02T17:20:38","guid":{"rendered":"http:\/\/festivalbritannique.fr\/?page_id=2104"},"modified":"2025-02-02T18:20:39","modified_gmt":"2025-02-02T17:20:39","slug":"the-old-oak-2-2-2-2-6","status":"publish","type":"page","link":"https:\/\/festivalbritannique.fr\/?page_id=2104","title":{"rendered":"Kneecap"},"content":{"rendered":"\n<p class=\"has-vivid-red-color has-text-color\"><strong>Kneecap<\/strong><\/p>\n\n\n\n<p class=\"has-white-color has-pale-pink-background-color has-text-color has-background\">Samedi 15 mars \u00e0 20h50<\/p>\n\n\n\n<p class=\"has-cyan-bluish-gray-color has-text-color\">18 juin 2025 en salle | 1h 45min | Biopic, Com\u00e9die, Drame, Musical<br>De Rich Peppiatt<br>Avec M\u00f3gla\u00ed Bap, Mo Chara (II), DJ Pr\u00f3vai<\/p>\n\n\n\n<p class=\"has-vivid-cyan-blue-color has-text-color\">Lorsque le destin am\u00e8ne un professeur de Belfast \u00e0 rencontrer un groupe de hip hop pas comme les autres. Rappant dans leur irlandais natal, ils m\u00e8nent un mouvement pour sauver leur langue maternelle.<\/p>\n\n\n\n<p class=\"has-pale-cyan-blue-color has-text-color\">Kneecap is set in West Belfast in 2019. Fate brings together disillusioned music teacher JJ with self-confessed &lsquo;low life scum&rsquo; Naoise and Liam Og, changing the sound of Irish music forever. Under the name Kneecap, their band begins moulding the language to fit their tough, anarchic, hedonistic lives. A language encumbered with forty words for stone now has one for stoned. But to get their voices heard the trio must overcome police, paramilitaries and politicians as the future of the Irish language erupts into the public arena &#8211; with them at the centre. Yet their worst enemies are often themselves, as family and relationship pressures threaten their dreams, and their illegal exploits draw condemnation from all sides.<\/p>\n\n\n\n<figure class=\"wp-block-embed is-type-video is-provider-youtube wp-block-embed-youtube wp-embed-aspect-16-9 wp-has-aspect-ratio\"><div class=\"wp-block-embed__wrapper\">\n<iframe loading=\"lazy\" title=\"KNEECAP | Official Trailer (2024)\" width=\"1170\" height=\"658\" src=\"https:\/\/www.youtube.com\/embed\/FFYfp-hKxZQ?feature=oembed\" frameborder=\"0\" allow=\"accelerometer; autoplay; clipboard-write; encrypted-media; gyroscope; picture-in-picture; web-share\" referrerpolicy=\"strict-origin-when-cross-origin\" allowfullscreen><\/iframe>\n<\/div><\/figure>\n\n\n\n<figure class=\"wp-block-gallery has-nested-images columns-default is-cropped wp-block-gallery-1 is-layout-flex wp-block-gallery-is-layout-flex\">\n<figure class=\"wp-block-image size-large\"><img loading=\"lazy\" decoding=\"async\" width=\"768\" height=\"1024\" data-id=\"2075\" src=\"http:\/\/festivalbritannique.fr\/wp-content\/uploads\/2025\/01\/29100b5693eac995d2aff25a7bce3953-768x1024.jpg\" alt=\"\" class=\"wp-image-2075\" srcset=\"https:\/\/festivalbritannique.fr\/wp-content\/uploads\/2025\/01\/29100b5693eac995d2aff25a7bce3953-768x1024.jpg 768w, https:\/\/festivalbritannique.fr\/wp-content\/uploads\/2025\/01\/29100b5693eac995d2aff25a7bce3953-225x300.jpg 225w, https:\/\/festivalbritannique.fr\/wp-content\/uploads\/2025\/01\/29100b5693eac995d2aff25a7bce3953.jpg 810w\" sizes=\"auto, (max-width: 768px) 100vw, 768px\" \/><\/figure>\n\n\n\n<figure class=\"wp-block-image size-large\"><img loading=\"lazy\" decoding=\"async\" width=\"691\" height=\"1024\" data-id=\"2105\" src=\"http:\/\/festivalbritannique.fr\/wp-content\/uploads\/2025\/01\/Screenshot-2025-01-31-at-22-51-20-Kneecap-2024-691x1024.png\" alt=\"\" class=\"wp-image-2105\" srcset=\"https:\/\/festivalbritannique.fr\/wp-content\/uploads\/2025\/01\/Screenshot-2025-01-31-at-22-51-20-Kneecap-2024-691x1024.png 691w, https:\/\/festivalbritannique.fr\/wp-content\/uploads\/2025\/01\/Screenshot-2025-01-31-at-22-51-20-Kneecap-2024-202x300.png 202w, https:\/\/festivalbritannique.fr\/wp-content\/uploads\/2025\/01\/Screenshot-2025-01-31-at-22-51-20-Kneecap-2024-768x1139.png 768w, https:\/\/festivalbritannique.fr\/wp-content\/uploads\/2025\/01\/Screenshot-2025-01-31-at-22-51-20-Kneecap-2024-1036x1536.png 1036w, https:\/\/festivalbritannique.fr\/wp-content\/uploads\/2025\/01\/Screenshot-2025-01-31-at-22-51-20-Kneecap-2024.png 1164w\" sizes=\"auto, (max-width: 691px) 100vw, 691px\" \/><\/figure>\n<\/figure>\n<!-- AddThis Advanced Settings generic via filter on the_content --><!-- AddThis Share Buttons generic via filter on the_content -->","protected":false},"excerpt":{"rendered":"<p>Kneecap Samedi 15 mars \u00e0 20h50 18 juin 2025 en salle | 1h 45min | Biopic, Com\u00e9die, Drame, MusicalDe Rich PeppiattAvec M\u00f3gla\u00ed Bap, Mo Chara (II), DJ Pr\u00f3vai Lorsque le destin am\u00e8ne un professeur de Belfast \u00e0 rencontrer un groupe de hip hop pas comme les autres. Rappant dans leur irlandais natal, ils m\u00e8nent un<\/p>\n<p><a href=\"https:\/\/festivalbritannique.fr\/?page_id=2104\" class=\"more-link themebutton\">Read More<\/a><\/p>\n<p><!-- AddThis Advanced Settings generic via filter on get_the_excerpt --><!-- AddThis Share Buttons generic via filter on get_the_excerpt --><\/p>\n","protected":false},"author":2,"featured_media":0,"parent":2088,"menu_order":0,"comment_status":"closed","ping_status":"closed","template":"","meta":{"ngg_post_thumbnail":0,"footnotes":""},"class_list":["post-2104","page","type-page","status-publish","hentry"],"_links":{"self":[{"href":"https:\/\/festivalbritannique.fr\/index.php?rest_route=\/wp\/v2\/pages\/2104","targetHints":{"allow":["GET"]}}],"collection":[{"href":"https:\/\/festivalbritannique.fr\/index.php?rest_route=\/wp\/v2\/pages"}],"about":[{"href":"https:\/\/festivalbritannique.fr\/index.php?rest_route=\/wp\/v2\/types\/page"}],"author":[{"embeddable":true,"href":"https:\/\/festivalbritannique.fr\/index.php?rest_route=\/wp\/v2\/users\/2"}],"replies":[{"embeddable":true,"href":"https:\/\/festivalbritannique.fr\/index.php?rest_route=%2Fwp%2Fv2%2Fcomments&post=2104"}],"version-history":[{"count":2,"href":"https:\/\/festivalbritannique.fr\/index.php?rest_route=\/wp\/v2\/pages\/2104\/revisions"}],"predecessor-version":[{"id":2107,"href":"https:\/\/festivalbritannique.fr\/index.php?rest_route=\/wp\/v2\/pages\/2104\/revisions\/2107"}],"up":[{"embeddable":true,"href":"https:\/\/festivalbritannique.fr\/index.php?rest_route=\/wp\/v2\/pages\/2088"}],"wp:attachment":[{"href":"https:\/\/festivalbritannique.fr\/index.php?rest_route=%2Fwp%2Fv2%2Fmedia&parent=2104"}],"curies":[{"name":"wp","href":"https:\/\/api.w.org\/{rel}","templated":true}]}}