{"id":2111,"date":"2025-02-02T18:19:34","date_gmt":"2025-02-02T17:19:34","guid":{"rendered":"http:\/\/festivalbritannique.fr\/?page_id=2111"},"modified":"2025-02-02T18:19:35","modified_gmt":"2025-02-02T17:19:35","slug":"the-old-oak-2-2-2-2-5","status":"publish","type":"page","link":"https:\/\/festivalbritannique.fr\/?page_id=2111","title":{"rendered":"Jane Austen a g\u00e2ch\u00e9 ma vie"},"content":{"rendered":"\n<p class=\"has-vivid-red-color has-text-color\">Jane Austen wrecked my life<\/p>\n\n\n\n<p class=\"has-white-color has-pale-pink-background-color has-text-color has-background\">Dimanche 16 mars \u00e0 14h<\/p>\n\n\n\n<p class=\"has-cyan-bluish-gray-color has-text-color\">22 janvier 2025 en salle | 1h 34min | Com\u00e9die dramatique<br>De Laura Piani<br>Avec Camille Rutherford, Pablo Pauly, Charlie Anson<\/p>\n\n\n\n<p class=\"has-vivid-cyan-blue-color has-text-color\">Agathe a autant de charme que de contradictions. Elle est c\u00e9libataire mais r\u00eave d\u2019une histoire d\u2019amour digne des romans de Jane Austen. Elle est libraire mais r\u00eave d\u2019\u00eatre \u00e9crivain. Elle a une imagination d\u00e9bordante mais une sexualit\u00e9 inexistante. La vie n\u2019est jamais \u00e0 la hauteur de ce que lui a promis la litt\u00e9rature. Invit\u00e9e en r\u00e9sidence d\u2019auteurs en Angleterre, Agathe devra affronter ses peurs et ses doutes pour enfin r\u00e9aliser son r\u00eave d\u2019\u00e9criture\u2026 et tomber amoureuse.<\/p>\n\n\n\n<p class=\"has-pale-cyan-blue-color has-text-color\">A desperately single bookseller, lost in a fantasy world, finds herself forced to fulfil her dreams of becoming a writer in order to stop messing up her love life.<\/p>\n\n\n\n<figure class=\"wp-block-embed is-type-video is-provider-youtube wp-block-embed-youtube wp-embed-aspect-16-9 wp-has-aspect-ratio\"><div class=\"wp-block-embed__wrapper\">\n<iframe loading=\"lazy\" title=\"JANE AUSTEN A G\u00c2CH\u00c9 MA VIE - bande-annonce officielle\" width=\"1170\" height=\"658\" src=\"https:\/\/www.youtube.com\/embed\/uoiW2NggkCw?feature=oembed\" frameborder=\"0\" allow=\"accelerometer; autoplay; clipboard-write; encrypted-media; gyroscope; picture-in-picture; web-share\" referrerpolicy=\"strict-origin-when-cross-origin\" allowfullscreen><\/iframe>\n<\/div><\/figure>\n\n\n\n<figure class=\"wp-block-gallery has-nested-images columns-default is-cropped wp-block-gallery-1 is-layout-flex wp-block-gallery-is-layout-flex\">\n<figure class=\"wp-block-image size-large\"><img loading=\"lazy\" decoding=\"async\" width=\"768\" height=\"1024\" data-id=\"2078\" src=\"http:\/\/festivalbritannique.fr\/wp-content\/uploads\/2025\/01\/a624003df6d8a7976c57221bf7f67a6f-768x1024.jpg\" alt=\"\" class=\"wp-image-2078\" srcset=\"https:\/\/festivalbritannique.fr\/wp-content\/uploads\/2025\/01\/a624003df6d8a7976c57221bf7f67a6f-768x1024.jpg 768w, https:\/\/festivalbritannique.fr\/wp-content\/uploads\/2025\/01\/a624003df6d8a7976c57221bf7f67a6f-225x300.jpg 225w, https:\/\/festivalbritannique.fr\/wp-content\/uploads\/2025\/01\/a624003df6d8a7976c57221bf7f67a6f.jpg 810w\" sizes=\"auto, (max-width: 768px) 100vw, 768px\" \/><\/figure>\n<\/figure>\n<!-- AddThis Advanced Settings generic via filter on the_content --><!-- AddThis Share Buttons generic via filter on the_content -->","protected":false},"excerpt":{"rendered":"<p>Jane Austen wrecked my life Dimanche 16 mars \u00e0 14h 22 janvier 2025 en salle | 1h 34min | Com\u00e9die dramatiqueDe Laura PianiAvec Camille Rutherford, Pablo Pauly, Charlie Anson Agathe a autant de charme que de contradictions. Elle est c\u00e9libataire mais r\u00eave d\u2019une histoire d\u2019amour digne des romans de Jane Austen. Elle est libraire mais<\/p>\n<p><a href=\"https:\/\/festivalbritannique.fr\/?page_id=2111\" class=\"more-link themebutton\">Read More<\/a><\/p>\n<p><!-- AddThis Advanced Settings generic via filter on get_the_excerpt --><!-- AddThis Share Buttons generic via filter on get_the_excerpt --><\/p>\n","protected":false},"author":2,"featured_media":0,"parent":2088,"menu_order":0,"comment_status":"closed","ping_status":"closed","template":"","meta":{"ngg_post_thumbnail":0,"footnotes":""},"class_list":["post-2111","page","type-page","status-publish","hentry"],"_links":{"self":[{"href":"https:\/\/festivalbritannique.fr\/index.php?rest_route=\/wp\/v2\/pages\/2111","targetHints":{"allow":["GET"]}}],"collection":[{"href":"https:\/\/festivalbritannique.fr\/index.php?rest_route=\/wp\/v2\/pages"}],"about":[{"href":"https:\/\/festivalbritannique.fr\/index.php?rest_route=\/wp\/v2\/types\/page"}],"author":[{"embeddable":true,"href":"https:\/\/festivalbritannique.fr\/index.php?rest_route=\/wp\/v2\/users\/2"}],"replies":[{"embeddable":true,"href":"https:\/\/festivalbritannique.fr\/index.php?rest_route=%2Fwp%2Fv2%2Fcomments&post=2111"}],"version-history":[{"count":1,"href":"https:\/\/festivalbritannique.fr\/index.php?rest_route=\/wp\/v2\/pages\/2111\/revisions"}],"predecessor-version":[{"id":2112,"href":"https:\/\/festivalbritannique.fr\/index.php?rest_route=\/wp\/v2\/pages\/2111\/revisions\/2112"}],"up":[{"embeddable":true,"href":"https:\/\/festivalbritannique.fr\/index.php?rest_route=\/wp\/v2\/pages\/2088"}],"wp:attachment":[{"href":"https:\/\/festivalbritannique.fr\/index.php?rest_route=%2Fwp%2Fv2%2Fmedia&parent=2111"}],"curies":[{"name":"wp","href":"https:\/\/api.w.org\/{rel}","templated":true}]}}