{"id":2113,"date":"2025-02-02T18:19:18","date_gmt":"2025-02-02T17:19:18","guid":{"rendered":"http:\/\/festivalbritannique.fr\/?page_id=2113"},"modified":"2025-02-02T18:19:19","modified_gmt":"2025-02-02T17:19:19","slug":"the-old-oak-2-2-2-2-4","status":"publish","type":"page","link":"https:\/\/festivalbritannique.fr\/?page_id=2113","title":{"rendered":"Deux soeurs"},"content":{"rendered":"\n<p class=\"has-vivid-red-color has-text-color\"><strong>Hard truths<\/strong><\/p>\n\n\n\n<p class=\"has-white-color has-pale-pink-background-color has-text-color has-background\">Dimanche 16 mars \u00e0 16h<\/p>\n\n\n\n<p class=\"has-cyan-bluish-gray-color has-text-color\">2 avril 2025 en salle | 1h 37min | Com\u00e9die, Drame<br>De Mike Leigh<br>Avec Marianne Jean-Baptiste, David Webber, Michele Austin<\/p>\n\n\n\n<p class=\"has-vivid-cyan-blue-color has-text-color\">Pansy est rong\u00e9e par la douleur physique et mentale et son rapport au monde ne passe que la par col\u00e8re et la confrontation. Son mari Curtley ne sait plus comment la g\u00e9rer, tandis que son fils Moses vit dans son propre monde. Seule sa s\u0153ur, Chantal, la comprend et peut l\u2019aider.<\/p>\n\n\n\n<p class=\"has-pale-cyan-blue-color has-text-color\">Pansy is a woman tormented by anger and depression, hypersensitive to the slightest possible offence and ever ready to fly off the handle. She criticises her husband and their adult son so relentlessly that neither bothers to argue with her. She picks fights with strangers and sales clerks and enumerates the world&rsquo;s countless flaws to anyone who will listen, especially her cheerful sister Chantal, who, despite their clashing temperaments, might be the only person still capable of sympathising with her.<\/p>\n\n\n\n<figure class=\"wp-block-embed is-type-video is-provider-youtube wp-block-embed-youtube wp-embed-aspect-16-9 wp-has-aspect-ratio\"><div class=\"wp-block-embed__wrapper\">\n<iframe loading=\"lazy\" title=\"HARD TRUTHS - Official Trailer - Directed by Mike Leigh and starring Marianne Jean-Baptiste\" width=\"1170\" height=\"658\" src=\"https:\/\/www.youtube.com\/embed\/gFuEZfZUKIk?feature=oembed\" frameborder=\"0\" allow=\"accelerometer; autoplay; clipboard-write; encrypted-media; gyroscope; picture-in-picture; web-share\" referrerpolicy=\"strict-origin-when-cross-origin\" allowfullscreen><\/iframe>\n<\/div><\/figure>\n\n\n\n<figure class=\"wp-block-gallery has-nested-images columns-default is-cropped wp-block-gallery-1 is-layout-flex wp-block-gallery-is-layout-flex\">\n<figure class=\"wp-block-image size-large\"><img loading=\"lazy\" decoding=\"async\" width=\"692\" height=\"1024\" data-id=\"2114\" src=\"http:\/\/festivalbritannique.fr\/wp-content\/uploads\/2025\/02\/d68d40a4eea23436fb2d164ae80741bc-692x1024.jpg\" alt=\"\" class=\"wp-image-2114\" srcset=\"https:\/\/festivalbritannique.fr\/wp-content\/uploads\/2025\/02\/d68d40a4eea23436fb2d164ae80741bc-692x1024.jpg 692w, https:\/\/festivalbritannique.fr\/wp-content\/uploads\/2025\/02\/d68d40a4eea23436fb2d164ae80741bc-203x300.jpg 203w, https:\/\/festivalbritannique.fr\/wp-content\/uploads\/2025\/02\/d68d40a4eea23436fb2d164ae80741bc.jpg 730w\" sizes=\"auto, (max-width: 692px) 100vw, 692px\" \/><\/figure>\n\n\n\n<figure class=\"wp-block-image size-large\"><img loading=\"lazy\" decoding=\"async\" width=\"691\" height=\"1024\" data-id=\"2079\" src=\"http:\/\/festivalbritannique.fr\/wp-content\/uploads\/2025\/01\/e067125932ddd3abcccced7d9b194ff7-691x1024.jpg\" alt=\"\" class=\"wp-image-2079\" srcset=\"https:\/\/festivalbritannique.fr\/wp-content\/uploads\/2025\/01\/e067125932ddd3abcccced7d9b194ff7-691x1024.jpg 691w, https:\/\/festivalbritannique.fr\/wp-content\/uploads\/2025\/01\/e067125932ddd3abcccced7d9b194ff7-203x300.jpg 203w, https:\/\/festivalbritannique.fr\/wp-content\/uploads\/2025\/01\/e067125932ddd3abcccced7d9b194ff7.jpg 729w\" sizes=\"auto, (max-width: 691px) 100vw, 691px\" \/><\/figure>\n<\/figure>\n<!-- AddThis Advanced Settings generic via filter on the_content --><!-- AddThis Share Buttons generic via filter on the_content -->","protected":false},"excerpt":{"rendered":"<p>Hard truths Dimanche 16 mars \u00e0 16h 2 avril 2025 en salle | 1h 37min | Com\u00e9die, DrameDe Mike LeighAvec Marianne Jean-Baptiste, David Webber, Michele Austin Pansy est rong\u00e9e par la douleur physique et mentale et son rapport au monde ne passe que la par col\u00e8re et la confrontation. Son mari Curtley ne sait plus<\/p>\n<p><a href=\"https:\/\/festivalbritannique.fr\/?page_id=2113\" class=\"more-link themebutton\">Read More<\/a><\/p>\n<p><!-- AddThis Advanced Settings generic via filter on get_the_excerpt --><!-- AddThis Share Buttons generic via filter on get_the_excerpt --><\/p>\n","protected":false},"author":2,"featured_media":0,"parent":2088,"menu_order":0,"comment_status":"closed","ping_status":"closed","template":"","meta":{"ngg_post_thumbnail":0,"footnotes":""},"class_list":["post-2113","page","type-page","status-publish","hentry"],"_links":{"self":[{"href":"https:\/\/festivalbritannique.fr\/index.php?rest_route=\/wp\/v2\/pages\/2113","targetHints":{"allow":["GET"]}}],"collection":[{"href":"https:\/\/festivalbritannique.fr\/index.php?rest_route=\/wp\/v2\/pages"}],"about":[{"href":"https:\/\/festivalbritannique.fr\/index.php?rest_route=\/wp\/v2\/types\/page"}],"author":[{"embeddable":true,"href":"https:\/\/festivalbritannique.fr\/index.php?rest_route=\/wp\/v2\/users\/2"}],"replies":[{"embeddable":true,"href":"https:\/\/festivalbritannique.fr\/index.php?rest_route=%2Fwp%2Fv2%2Fcomments&post=2113"}],"version-history":[{"count":1,"href":"https:\/\/festivalbritannique.fr\/index.php?rest_route=\/wp\/v2\/pages\/2113\/revisions"}],"predecessor-version":[{"id":2115,"href":"https:\/\/festivalbritannique.fr\/index.php?rest_route=\/wp\/v2\/pages\/2113\/revisions\/2115"}],"up":[{"embeddable":true,"href":"https:\/\/festivalbritannique.fr\/index.php?rest_route=\/wp\/v2\/pages\/2088"}],"wp:attachment":[{"href":"https:\/\/festivalbritannique.fr\/index.php?rest_route=%2Fwp%2Fv2%2Fmedia&parent=2113"}],"curies":[{"name":"wp","href":"https:\/\/api.w.org\/{rel}","templated":true}]}}