{"id":2116,"date":"2025-02-02T18:22:37","date_gmt":"2025-02-02T17:22:37","guid":{"rendered":"http:\/\/festivalbritannique.fr\/?page_id=2116"},"modified":"2025-02-02T18:22:39","modified_gmt":"2025-02-02T17:22:39","slug":"the-old-oak-2-2-2-2","status":"publish","type":"page","link":"https:\/\/festivalbritannique.fr\/?page_id=2116","title":{"rendered":"The outrun"},"content":{"rendered":"\n<p class=\"has-vivid-red-color has-text-color\"><strong>The outrun<\/strong><\/p>\n\n\n\n<p class=\"has-white-color has-pale-pink-background-color has-text-color has-background\">Dimanche 16 mars \u00e0 18h<\/p>\n\n\n\n<p class=\"has-cyan-bluish-gray-color has-text-color\">2 octobre 2024 en salle | 1h 58min | Drame<br>De Nora Fingscheidt<br>|Par Nora Fingscheidt, Amy Liptrot<br>Avec Saoirse Ronan, Paapa Essiedu, Stephen Dillan<\/p>\n\n\n\n<p class=\"has-vivid-cyan-blue-color has-text-color\">Rona, bient\u00f4t la trentaine, br\u00fble sa vie dans les exc\u00e8s et se perd dans les nuits londoniennes. Apr\u00e8s l\u2019\u00e9chec de son couple et pour faire face \u00e0 ses addictions, elle trouve refuge dans les Orcades, ces \u00eeles du nord de l\u2019\u00c9cosse o\u00f9 elle a grandi. Au contact de sa famille et des habitants de l\u2019archipel, les souvenirs d\u2019enfance reviennent et se m\u00ealent, jusqu\u2019\u00e0 s\u2019y confondre, avec ceux de ses vir\u00e9es urbaines. C\u2019est l\u00e0, dans cette nature sauvage qui la traverse, qu\u2019elle trouvera un nouveau souffle, fragile mais chaque jour plus puissant.<\/p>\n\n\n\n<p class=\"has-pale-cyan-blue-color has-text-color\">After living life on the edge in London, Rona attempts to come to terms with her troubled past. She returns to the wild beauty of Scotland&rsquo;s Orkney Islands &#8211; where she grew up &#8211; hoping to heal. Adapted from the bestselling memoir by Amy Liptrot.<\/p>\n\n\n\n<figure class=\"wp-block-embed is-type-video is-provider-youtube wp-block-embed-youtube wp-embed-aspect-16-9 wp-has-aspect-ratio\"><div class=\"wp-block-embed__wrapper\">\n<iframe loading=\"lazy\" title=\"HARD TRUTHS - Official Trailer - Directed by Mike Leigh and starring Marianne Jean-Baptiste\" width=\"1170\" height=\"658\" src=\"https:\/\/www.youtube.com\/embed\/gFuEZfZUKIk?feature=oembed\" frameborder=\"0\" allow=\"accelerometer; autoplay; clipboard-write; encrypted-media; gyroscope; picture-in-picture; web-share\" referrerpolicy=\"strict-origin-when-cross-origin\" allowfullscreen><\/iframe>\n<\/div><\/figure>\n\n\n\n<figure class=\"wp-block-gallery has-nested-images columns-default is-cropped wp-block-gallery-1 is-layout-flex wp-block-gallery-is-layout-flex\">\n<figure class=\"wp-block-image size-full\"><img loading=\"lazy\" decoding=\"async\" width=\"480\" height=\"640\" data-id=\"2080\" src=\"http:\/\/festivalbritannique.fr\/wp-content\/uploads\/2025\/01\/15eb7c82bdb67a32e5f13e757c2ce1bb.jpg\" alt=\"\" class=\"wp-image-2080\" srcset=\"https:\/\/festivalbritannique.fr\/wp-content\/uploads\/2025\/01\/15eb7c82bdb67a32e5f13e757c2ce1bb.jpg 480w, https:\/\/festivalbritannique.fr\/wp-content\/uploads\/2025\/01\/15eb7c82bdb67a32e5f13e757c2ce1bb-225x300.jpg 225w\" sizes=\"auto, (max-width: 480px) 100vw, 480px\" \/><\/figure>\n\n\n\n<figure class=\"wp-block-image size-large\"><img loading=\"lazy\" decoding=\"async\" width=\"691\" height=\"1024\" data-id=\"2117\" src=\"http:\/\/festivalbritannique.fr\/wp-content\/uploads\/2025\/02\/0352b373ff7c861d7c9908337c8e5344-691x1024.jpg\" alt=\"\" class=\"wp-image-2117\" srcset=\"https:\/\/festivalbritannique.fr\/wp-content\/uploads\/2025\/02\/0352b373ff7c861d7c9908337c8e5344-691x1024.jpg 691w, https:\/\/festivalbritannique.fr\/wp-content\/uploads\/2025\/02\/0352b373ff7c861d7c9908337c8e5344-203x300.jpg 203w, https:\/\/festivalbritannique.fr\/wp-content\/uploads\/2025\/02\/0352b373ff7c861d7c9908337c8e5344.jpg 729w\" sizes=\"auto, (max-width: 691px) 100vw, 691px\" \/><\/figure>\n<\/figure>\n<!-- AddThis Advanced Settings generic via filter on the_content --><!-- AddThis Share Buttons generic via filter on the_content -->","protected":false},"excerpt":{"rendered":"<p>The outrun Dimanche 16 mars \u00e0 18h 2 octobre 2024 en salle | 1h 58min | DrameDe Nora Fingscheidt|Par Nora Fingscheidt, Amy LiptrotAvec Saoirse Ronan, Paapa Essiedu, Stephen Dillan Rona, bient\u00f4t la trentaine, br\u00fble sa vie dans les exc\u00e8s et se perd dans les nuits londoniennes. Apr\u00e8s l\u2019\u00e9chec de son couple et pour faire face<\/p>\n<p><a href=\"https:\/\/festivalbritannique.fr\/?page_id=2116\" class=\"more-link themebutton\">Read More<\/a><\/p>\n<p><!-- AddThis Advanced Settings generic via filter on get_the_excerpt --><!-- AddThis Share Buttons generic via filter on get_the_excerpt --><\/p>\n","protected":false},"author":2,"featured_media":0,"parent":2088,"menu_order":0,"comment_status":"closed","ping_status":"closed","template":"","meta":{"ngg_post_thumbnail":0,"footnotes":""},"class_list":["post-2116","page","type-page","status-publish","hentry"],"_links":{"self":[{"href":"https:\/\/festivalbritannique.fr\/index.php?rest_route=\/wp\/v2\/pages\/2116","targetHints":{"allow":["GET"]}}],"collection":[{"href":"https:\/\/festivalbritannique.fr\/index.php?rest_route=\/wp\/v2\/pages"}],"about":[{"href":"https:\/\/festivalbritannique.fr\/index.php?rest_route=\/wp\/v2\/types\/page"}],"author":[{"embeddable":true,"href":"https:\/\/festivalbritannique.fr\/index.php?rest_route=\/wp\/v2\/users\/2"}],"replies":[{"embeddable":true,"href":"https:\/\/festivalbritannique.fr\/index.php?rest_route=%2Fwp%2Fv2%2Fcomments&post=2116"}],"version-history":[{"count":1,"href":"https:\/\/festivalbritannique.fr\/index.php?rest_route=\/wp\/v2\/pages\/2116\/revisions"}],"predecessor-version":[{"id":2118,"href":"https:\/\/festivalbritannique.fr\/index.php?rest_route=\/wp\/v2\/pages\/2116\/revisions\/2118"}],"up":[{"embeddable":true,"href":"https:\/\/festivalbritannique.fr\/index.php?rest_route=\/wp\/v2\/pages\/2088"}],"wp:attachment":[{"href":"https:\/\/festivalbritannique.fr\/index.php?rest_route=%2Fwp%2Fv2%2Fmedia&parent=2116"}],"curies":[{"name":"wp","href":"https:\/\/api.w.org\/{rel}","templated":true}]}}