{"id":2221,"date":"2026-02-18T16:55:23","date_gmt":"2026-02-18T15:55:23","guid":{"rendered":"https:\/\/festivalbritannique.fr\/?page_id=2221"},"modified":"2026-03-01T11:26:24","modified_gmt":"2026-03-01T10:26:24","slug":"the-old-oak-2-2-2-2-21","status":"publish","type":"page","link":"https:\/\/festivalbritannique.fr\/?page_id=2221","title":{"rendered":"Plus fort que moi"},"content":{"rendered":"\n<p class=\"has-luminous-vivid-amber-color has-text-color\"><strong>I swear<\/strong><\/p>\n\n\n\n<p class=\"has-white-color has-luminous-vivid-amber-background-color has-text-color has-background\">Vendredi 13 mars \u00e0 20h30<\/p>\n\n\n\n<p class=\"has-luminous-vivid-orange-color has-text-color\">2h 01min | Biopic, Drame<br>De Kirk Jones (II)<br>Avec Robert Aramayo, Shirley Henderson, Maxine Peake<\/p>\n\n\n\n<p class=\"has-black-color has-text-color\"><br>L&rsquo;histoire vraie et le parcours sem\u00e9 d&#8217;emb\u00fbches de John Davidson, un adolescent atteint du syndrome de la Tourette, une maladie encore m\u00e9connue dans les ann\u00e9es 1980.<\/p>\n\n\n\n<p class=\"has-cyan-bluish-gray-color has-text-color\">John Davidson: diagnosed with Tourette&rsquo;s syndrome at a young age which alienated him from his peers, he struggled with a condition few people had witnessed.<\/p>\n\n\n\n<figure class=\"wp-block-embed is-type-video is-provider-youtube wp-block-embed-youtube wp-embed-aspect-16-9 wp-has-aspect-ratio\"><div class=\"wp-block-embed__wrapper\">\n<iframe loading=\"lazy\" title=\"I SWEAR - Official Trailer | STUDIOCANAL\" width=\"1170\" height=\"658\" src=\"https:\/\/www.youtube.com\/embed\/oeWqQN3snCU?feature=oembed\" frameborder=\"0\" allow=\"accelerometer; autoplay; clipboard-write; encrypted-media; gyroscope; picture-in-picture; web-share\" referrerpolicy=\"strict-origin-when-cross-origin\" allowfullscreen><\/iframe>\n<\/div><\/figure>\n\n\n<div class=\"wp-block-image\">\n<figure class=\"aligncenter size-large is-resized\"><img loading=\"lazy\" decoding=\"async\" width=\"684\" height=\"1024\" src=\"http:\/\/festivalbritannique.fr\/wp-content\/uploads\/2026\/02\/Capture-decran-2026-02-18-a-15.15.34-684x1024.png\" alt=\"\" class=\"wp-image-2223\" style=\"aspect-ratio:0.6679649698706015;width:343px;height:auto\" srcset=\"https:\/\/festivalbritannique.fr\/wp-content\/uploads\/2026\/02\/Capture-decran-2026-02-18-a-15.15.34-684x1024.png 684w, https:\/\/festivalbritannique.fr\/wp-content\/uploads\/2026\/02\/Capture-decran-2026-02-18-a-15.15.34-200x300.png 200w, https:\/\/festivalbritannique.fr\/wp-content\/uploads\/2026\/02\/Capture-decran-2026-02-18-a-15.15.34-768x1149.png 768w, https:\/\/festivalbritannique.fr\/wp-content\/uploads\/2026\/02\/Capture-decran-2026-02-18-a-15.15.34.png 1009w\" sizes=\"auto, (max-width: 684px) 100vw, 684px\" \/><\/figure>\n<\/div><!-- AddThis Advanced Settings generic via filter on the_content --><!-- AddThis Share Buttons generic via filter on the_content -->","protected":false},"excerpt":{"rendered":"<p>I swear Vendredi 13 mars \u00e0 20h30 2h 01min | Biopic, DrameDe Kirk Jones (II)Avec Robert Aramayo, Shirley Henderson, Maxine Peake L&rsquo;histoire vraie et le parcours sem\u00e9 d&#8217;emb\u00fbches de John Davidson, un adolescent atteint du syndrome de la Tourette, une maladie encore m\u00e9connue dans les ann\u00e9es 1980. John Davidson: diagnosed with Tourette&rsquo;s syndrome at a<\/p>\n<p><a href=\"https:\/\/festivalbritannique.fr\/?page_id=2221\" class=\"more-link themebutton\">Read More<\/a><\/p>\n<p><!-- AddThis Advanced Settings generic via filter on get_the_excerpt --><!-- AddThis Share Buttons generic via filter on get_the_excerpt --><\/p>\n","protected":false},"author":2,"featured_media":0,"parent":2215,"menu_order":0,"comment_status":"closed","ping_status":"closed","template":"","meta":{"ngg_post_thumbnail":0,"footnotes":""},"class_list":["post-2221","page","type-page","status-publish","hentry"],"_links":{"self":[{"href":"https:\/\/festivalbritannique.fr\/index.php?rest_route=\/wp\/v2\/pages\/2221","targetHints":{"allow":["GET"]}}],"collection":[{"href":"https:\/\/festivalbritannique.fr\/index.php?rest_route=\/wp\/v2\/pages"}],"about":[{"href":"https:\/\/festivalbritannique.fr\/index.php?rest_route=\/wp\/v2\/types\/page"}],"author":[{"embeddable":true,"href":"https:\/\/festivalbritannique.fr\/index.php?rest_route=\/wp\/v2\/users\/2"}],"replies":[{"embeddable":true,"href":"https:\/\/festivalbritannique.fr\/index.php?rest_route=%2Fwp%2Fv2%2Fcomments&post=2221"}],"version-history":[{"count":4,"href":"https:\/\/festivalbritannique.fr\/index.php?rest_route=\/wp\/v2\/pages\/2221\/revisions"}],"predecessor-version":[{"id":2310,"href":"https:\/\/festivalbritannique.fr\/index.php?rest_route=\/wp\/v2\/pages\/2221\/revisions\/2310"}],"up":[{"embeddable":true,"href":"https:\/\/festivalbritannique.fr\/index.php?rest_route=\/wp\/v2\/pages\/2215"}],"wp:attachment":[{"href":"https:\/\/festivalbritannique.fr\/index.php?rest_route=%2Fwp%2Fv2%2Fmedia&parent=2221"}],"curies":[{"name":"wp","href":"https:\/\/api.w.org\/{rel}","templated":true}]}}