{"id":2227,"date":"2026-02-18T16:54:56","date_gmt":"2026-02-18T15:54:56","guid":{"rendered":"https:\/\/festivalbritannique.fr\/?page_id=2227"},"modified":"2026-02-18T17:10:58","modified_gmt":"2026-02-18T16:10:58","slug":"the-old-oak-2-2-2-2-19","status":"publish","type":"page","link":"https:\/\/festivalbritannique.fr\/?page_id=2227","title":{"rendered":"La ferme des animaux"},"content":{"rendered":"\n<p class=\"has-luminous-vivid-amber-color has-text-color\"><strong>Animal Farm<\/strong><\/p>\n\n\n\n<p class=\"has-white-color has-luminous-vivid-amber-background-color has-text-color has-background\">Samedi 14 mars \u00e0 14h<\/p>\n\n\n\n<p class=\"has-luminous-vivid-orange-color has-text-color\">1h 13min | Animation, Com\u00e9die dramatique | 1954<br>De John Halas, Joy Batchelor<br>| Par Joy Batchelor, Philip Stapp<br>Avec Maurice Denham, Gordon Heath, Jean-Claude Michel<\/p>\n\n\n\n<p class=\"has-black-color has-text-color\"><br>Lass\u00e9s des mauvais traitements, les animaux de la ferme de M. Jones d\u00e9cident de prendre le pouvoir et instaurent une nouvelle soci\u00e9t\u00e9 fond\u00e9e sur un principe d\u2019\u00e9galit\u00e9 entre tous les animaux. Mais quelques uns des \u201cquatre pattes\u201d d\u00e9cident que certains sont plus \u00e9gaux que d\u2019autres\u2026<\/p>\n\n\n\n<p class=\"has-cyan-bluish-gray-color has-text-color\">Britain&rsquo;s second animated feature, which, despite the title and Disney-esque animal animation, is in fact a no-holds-barred adaptation of George Orwell&rsquo;s classic satire on Stalinism, with the animals taking over their farm by means of a revolutionary coup, but then discovering that although all animals are supposed to be equal, some are more equal than others\u2026<\/p>\n\n\n\n<figure class=\"wp-block-embed is-type-video is-provider-youtube wp-block-embed-youtube wp-embed-aspect-16-9 wp-has-aspect-ratio\"><div class=\"wp-block-embed__wrapper\">\n<iframe loading=\"lazy\" title=\"LA FERME DES ANIMAUX d&#039;Halas &amp; Batchelor \u2502bande annonce\" width=\"1170\" height=\"658\" src=\"https:\/\/www.youtube.com\/embed\/PTEBVQJExo8?feature=oembed\" frameborder=\"0\" allow=\"accelerometer; autoplay; clipboard-write; encrypted-media; gyroscope; picture-in-picture; web-share\" referrerpolicy=\"strict-origin-when-cross-origin\" allowfullscreen><\/iframe>\n<\/div><\/figure>\n\n\n\n<figure class=\"wp-block-gallery has-nested-images columns-default is-cropped wp-block-gallery-1 is-layout-flex wp-block-gallery-is-layout-flex\">\n<figure class=\"wp-block-image size-full\"><img loading=\"lazy\" decoding=\"async\" width=\"1232\" height=\"1836\" data-id=\"2228\" src=\"https:\/\/festivalbritannique.fr\/wp-content\/uploads\/2026\/02\/Capture-decran-2026-02-18-a-15.24.25.png\" alt=\"\" class=\"wp-image-2228\" srcset=\"https:\/\/festivalbritannique.fr\/wp-content\/uploads\/2026\/02\/Capture-decran-2026-02-18-a-15.24.25.png 1232w, https:\/\/festivalbritannique.fr\/wp-content\/uploads\/2026\/02\/Capture-decran-2026-02-18-a-15.24.25-201x300.png 201w, https:\/\/festivalbritannique.fr\/wp-content\/uploads\/2026\/02\/Capture-decran-2026-02-18-a-15.24.25-687x1024.png 687w, https:\/\/festivalbritannique.fr\/wp-content\/uploads\/2026\/02\/Capture-decran-2026-02-18-a-15.24.25-768x1145.png 768w, https:\/\/festivalbritannique.fr\/wp-content\/uploads\/2026\/02\/Capture-decran-2026-02-18-a-15.24.25-1031x1536.png 1031w\" sizes=\"auto, (max-width: 1232px) 100vw, 1232px\" \/><\/figure>\n\n\n\n<figure class=\"wp-block-image size-large\"><img loading=\"lazy\" decoding=\"async\" width=\"670\" height=\"1024\" data-id=\"2229\" src=\"https:\/\/festivalbritannique.fr\/wp-content\/uploads\/2026\/02\/Capture-decran-2026-02-18-a-15.26.06-670x1024.png\" alt=\"\" class=\"wp-image-2229\" srcset=\"https:\/\/festivalbritannique.fr\/wp-content\/uploads\/2026\/02\/Capture-decran-2026-02-18-a-15.26.06-670x1024.png 670w, https:\/\/festivalbritannique.fr\/wp-content\/uploads\/2026\/02\/Capture-decran-2026-02-18-a-15.26.06-196x300.png 196w, https:\/\/festivalbritannique.fr\/wp-content\/uploads\/2026\/02\/Capture-decran-2026-02-18-a-15.26.06-768x1173.png 768w, https:\/\/festivalbritannique.fr\/wp-content\/uploads\/2026\/02\/Capture-decran-2026-02-18-a-15.26.06-1006x1536.png 1006w, https:\/\/festivalbritannique.fr\/wp-content\/uploads\/2026\/02\/Capture-decran-2026-02-18-a-15.26.06.png 1090w\" sizes=\"auto, (max-width: 670px) 100vw, 670px\" \/><\/figure>\n<\/figure>\n<!-- AddThis Advanced Settings generic via filter on the_content --><!-- AddThis Share Buttons generic via filter on the_content -->","protected":false},"excerpt":{"rendered":"<p>Animal Farm Samedi 14 mars \u00e0 14h 1h 13min | Animation, Com\u00e9die dramatique | 1954De John Halas, Joy Batchelor| Par Joy Batchelor, Philip StappAvec Maurice Denham, Gordon Heath, Jean-Claude Michel Lass\u00e9s des mauvais traitements, les animaux de la ferme de M. Jones d\u00e9cident de prendre le pouvoir et instaurent une nouvelle soci\u00e9t\u00e9 fond\u00e9e sur un<\/p>\n<p><a href=\"https:\/\/festivalbritannique.fr\/?page_id=2227\" class=\"more-link themebutton\">Read More<\/a><\/p>\n<p><!-- AddThis Advanced Settings generic via filter on get_the_excerpt --><!-- AddThis Share Buttons generic via filter on get_the_excerpt --><\/p>\n","protected":false},"author":2,"featured_media":0,"parent":2215,"menu_order":0,"comment_status":"closed","ping_status":"closed","template":"","meta":{"ngg_post_thumbnail":0,"footnotes":""},"class_list":["post-2227","page","type-page","status-publish","hentry"],"_links":{"self":[{"href":"https:\/\/festivalbritannique.fr\/index.php?rest_route=\/wp\/v2\/pages\/2227","targetHints":{"allow":["GET"]}}],"collection":[{"href":"https:\/\/festivalbritannique.fr\/index.php?rest_route=\/wp\/v2\/pages"}],"about":[{"href":"https:\/\/festivalbritannique.fr\/index.php?rest_route=\/wp\/v2\/types\/page"}],"author":[{"embeddable":true,"href":"https:\/\/festivalbritannique.fr\/index.php?rest_route=\/wp\/v2\/users\/2"}],"replies":[{"embeddable":true,"href":"https:\/\/festivalbritannique.fr\/index.php?rest_route=%2Fwp%2Fv2%2Fcomments&post=2227"}],"version-history":[{"count":4,"href":"https:\/\/festivalbritannique.fr\/index.php?rest_route=\/wp\/v2\/pages\/2227\/revisions"}],"predecessor-version":[{"id":2286,"href":"https:\/\/festivalbritannique.fr\/index.php?rest_route=\/wp\/v2\/pages\/2227\/revisions\/2286"}],"up":[{"embeddable":true,"href":"https:\/\/festivalbritannique.fr\/index.php?rest_route=\/wp\/v2\/pages\/2215"}],"wp:attachment":[{"href":"https:\/\/festivalbritannique.fr\/index.php?rest_route=%2Fwp%2Fv2%2Fmedia&parent=2227"}],"curies":[{"name":"wp","href":"https:\/\/api.w.org\/{rel}","templated":true}]}}