{"id":2232,"date":"2026-02-18T16:54:46","date_gmt":"2026-02-18T15:54:46","guid":{"rendered":"https:\/\/festivalbritannique.fr\/?page_id=2232"},"modified":"2026-02-18T17:09:51","modified_gmt":"2026-02-18T16:09:51","slug":"the-old-oak-2-2-2-2-18","status":"publish","type":"page","link":"https:\/\/festivalbritannique.fr\/?page_id=2232","title":{"rendered":"Hamnet"},"content":{"rendered":"\n<p class=\"has-luminous-vivid-amber-color has-text-color\"><strong>Hamnet<\/strong><\/p>\n\n\n\n<p class=\"has-white-color has-luminous-vivid-amber-background-color has-text-color has-background\">Samedi 14 mars \u00e0 15h30<\/p>\n\n\n\n<p class=\"has-luminous-vivid-orange-color has-text-color\">2h 05min | Drame | 2026<br>De Chlo\u00e9 Zhao<br>| Par Chlo\u00e9 Zhao, Maggie O\u2019Farrell<br>Avec Paul Mescal, Jessie Buckley, Emily Watson<\/p>\n\n\n\n<p class=\"has-black-color has-text-color\"><br>Angleterre, 1580. Un professeur de latin fauch\u00e9, fait la connaissance d\u2019Agnes, jeune femme \u00e0 l\u2019esprit libre. Fascin\u00e9s l\u2019un par l\u2019autre, ils entament une liaison fougueuse avant de se marier et d\u2019avoir trois enfants. Tandis que Will tente sa chance comme dramaturge \u00e0 Londres, Agnes assume seule les t\u00e2ches domestiques. Lorsqu\u2019un drame se produit, le couple, autrefois profond\u00e9ment uni, vacille. Mais c\u2019est de leur \u00e9preuve commune que na\u00eetra l\u2019inspiration d\u2019un chef d\u2019\u0153uvre universel.<\/p>\n\n\n\n<p class=\"has-cyan-bluish-gray-color has-text-color\">After her son Hamnet dies, aged eleven, Agnes Shakespeare is struck with intense grief. As she mourns with her husband William, the pair struggle to come to terms with the frailty of life and the ruthlessness of the plague. Set in 16th-century England, Agnes, a healer by trade, must find a way to move on with her life and provide for her other children.<\/p>\n\n\n\n<figure class=\"wp-block-embed is-type-video is-provider-youtube wp-block-embed-youtube wp-embed-aspect-16-9 wp-has-aspect-ratio\"><div class=\"wp-block-embed__wrapper\">\n<iframe loading=\"lazy\" title=\"Hamnet - Bande annonce VOST [Au cin\u00e9ma le 21 janvier]\" width=\"1170\" height=\"658\" src=\"https:\/\/www.youtube.com\/embed\/QeFClWmU5jc?feature=oembed\" frameborder=\"0\" allow=\"accelerometer; autoplay; clipboard-write; encrypted-media; gyroscope; picture-in-picture; web-share\" referrerpolicy=\"strict-origin-when-cross-origin\" allowfullscreen><\/iframe>\n<\/div><\/figure>\n\n\n\n<figure class=\"wp-block-gallery has-nested-images columns-default is-cropped wp-block-gallery-1 is-layout-flex wp-block-gallery-is-layout-flex\">\n<figure class=\"wp-block-image size-full\"><img loading=\"lazy\" decoding=\"async\" width=\"1239\" height=\"1678\" data-id=\"2233\" src=\"https:\/\/festivalbritannique.fr\/wp-content\/uploads\/2026\/02\/Capture-decran-2026-02-18-a-15.29.33.png\" alt=\"\" class=\"wp-image-2233\" srcset=\"https:\/\/festivalbritannique.fr\/wp-content\/uploads\/2026\/02\/Capture-decran-2026-02-18-a-15.29.33.png 1239w, https:\/\/festivalbritannique.fr\/wp-content\/uploads\/2026\/02\/Capture-decran-2026-02-18-a-15.29.33-222x300.png 222w, https:\/\/festivalbritannique.fr\/wp-content\/uploads\/2026\/02\/Capture-decran-2026-02-18-a-15.29.33-756x1024.png 756w, https:\/\/festivalbritannique.fr\/wp-content\/uploads\/2026\/02\/Capture-decran-2026-02-18-a-15.29.33-768x1040.png 768w, https:\/\/festivalbritannique.fr\/wp-content\/uploads\/2026\/02\/Capture-decran-2026-02-18-a-15.29.33-1134x1536.png 1134w\" sizes=\"auto, (max-width: 1239px) 100vw, 1239px\" \/><\/figure>\n\n\n\n<figure class=\"wp-block-image size-large\"><img loading=\"lazy\" decoding=\"async\" width=\"700\" height=\"1024\" data-id=\"2234\" src=\"https:\/\/festivalbritannique.fr\/wp-content\/uploads\/2026\/02\/Capture-decran-2026-02-18-a-15.30.44-700x1024.png\" alt=\"\" class=\"wp-image-2234\" srcset=\"https:\/\/festivalbritannique.fr\/wp-content\/uploads\/2026\/02\/Capture-decran-2026-02-18-a-15.30.44-700x1024.png 700w, https:\/\/festivalbritannique.fr\/wp-content\/uploads\/2026\/02\/Capture-decran-2026-02-18-a-15.30.44-205x300.png 205w, https:\/\/festivalbritannique.fr\/wp-content\/uploads\/2026\/02\/Capture-decran-2026-02-18-a-15.30.44-768x1123.png 768w, https:\/\/festivalbritannique.fr\/wp-content\/uploads\/2026\/02\/Capture-decran-2026-02-18-a-15.30.44-1050x1536.png 1050w, https:\/\/festivalbritannique.fr\/wp-content\/uploads\/2026\/02\/Capture-decran-2026-02-18-a-15.30.44.png 1128w\" sizes=\"auto, (max-width: 700px) 100vw, 700px\" \/><\/figure>\n<\/figure>\n<!-- AddThis Advanced Settings generic via filter on the_content --><!-- AddThis Share Buttons generic via filter on the_content -->","protected":false},"excerpt":{"rendered":"<p>Hamnet Samedi 14 mars \u00e0 15h30 2h 05min | Drame | 2026De Chlo\u00e9 Zhao| Par Chlo\u00e9 Zhao, Maggie O\u2019FarrellAvec Paul Mescal, Jessie Buckley, Emily Watson Angleterre, 1580. Un professeur de latin fauch\u00e9, fait la connaissance d\u2019Agnes, jeune femme \u00e0 l\u2019esprit libre. Fascin\u00e9s l\u2019un par l\u2019autre, ils entament une liaison fougueuse avant de se marier et<\/p>\n<p><a href=\"https:\/\/festivalbritannique.fr\/?page_id=2232\" class=\"more-link themebutton\">Read More<\/a><\/p>\n<p><!-- AddThis Advanced Settings generic via filter on get_the_excerpt --><!-- AddThis Share Buttons generic via filter on get_the_excerpt --><\/p>\n","protected":false},"author":2,"featured_media":0,"parent":2215,"menu_order":0,"comment_status":"closed","ping_status":"closed","template":"","meta":{"ngg_post_thumbnail":0,"footnotes":""},"class_list":["post-2232","page","type-page","status-publish","hentry"],"_links":{"self":[{"href":"https:\/\/festivalbritannique.fr\/index.php?rest_route=\/wp\/v2\/pages\/2232","targetHints":{"allow":["GET"]}}],"collection":[{"href":"https:\/\/festivalbritannique.fr\/index.php?rest_route=\/wp\/v2\/pages"}],"about":[{"href":"https:\/\/festivalbritannique.fr\/index.php?rest_route=\/wp\/v2\/types\/page"}],"author":[{"embeddable":true,"href":"https:\/\/festivalbritannique.fr\/index.php?rest_route=\/wp\/v2\/users\/2"}],"replies":[{"embeddable":true,"href":"https:\/\/festivalbritannique.fr\/index.php?rest_route=%2Fwp%2Fv2%2Fcomments&post=2232"}],"version-history":[{"count":3,"href":"https:\/\/festivalbritannique.fr\/index.php?rest_route=\/wp\/v2\/pages\/2232\/revisions"}],"predecessor-version":[{"id":2282,"href":"https:\/\/festivalbritannique.fr\/index.php?rest_route=\/wp\/v2\/pages\/2232\/revisions\/2282"}],"up":[{"embeddable":true,"href":"https:\/\/festivalbritannique.fr\/index.php?rest_route=\/wp\/v2\/pages\/2215"}],"wp:attachment":[{"href":"https:\/\/festivalbritannique.fr\/index.php?rest_route=%2Fwp%2Fv2%2Fmedia&parent=2232"}],"curies":[{"name":"wp","href":"https:\/\/api.w.org\/{rel}","templated":true}]}}