{"id":2236,"date":"2026-02-18T16:54:31","date_gmt":"2026-02-18T15:54:31","guid":{"rendered":"https:\/\/festivalbritannique.fr\/?page_id=2236"},"modified":"2026-02-18T17:09:18","modified_gmt":"2026-02-18T16:09:18","slug":"the-old-oak-2-2-2-2-17","status":"publish","type":"page","link":"https:\/\/festivalbritannique.fr\/?page_id=2236","title":{"rendered":"Christy and his Brother"},"content":{"rendered":"\n<p class=\"has-luminous-vivid-amber-color has-text-color\"><strong>Christy<\/strong><\/p>\n\n\n\n<p class=\"has-white-color has-luminous-vivid-amber-background-color has-text-color has-background\">Samedi 14 mars \u00e0 18h<\/p>\n\n\n\n<p class=\"has-luminous-vivid-orange-color has-text-color\">1h 34min | Drame | 2026<br>De Brendan Canty<br>| Par Alan O&rsquo;Gorman<br>Avec Danny Power, Diarmuid Noyes, Emma Willis<\/p>\n\n\n\n<p class=\"has-black-color has-text-color\">Expuls\u00e9 de sa famille d\u2019accueil, Christy, 17 ans, d\u00e9barque chez son demi-fr\u00e8re, jeune papa, qu\u2019il connait peu. Ce dernier vit mal cet arrangement qu\u2019il esp\u00e8re temporaire, mais Christy se sent vite chez lui, dans ce quartier populaire de Cork, se faisant des amis et renouant avec la famille de sa m\u00e8re. Les deux fr\u00e8res vont devoir se confronter \u00e0 leur pass\u00e9 tumultueux pour envisager un avenir commun.<\/p>\n\n\n\n<p class=\"has-cyan-bluish-gray-color has-text-color\">Two estranged brothers with chequered childhoods in the care system suddenly find themselves living under the same roof. They must now reconcile with their pasts and make decisions about the future.<\/p>\n\n\n\n<figure class=\"wp-block-embed is-type-video is-provider-youtube wp-block-embed-youtube wp-embed-aspect-16-9 wp-has-aspect-ratio\"><div class=\"wp-block-embed__wrapper\">\n<iframe loading=\"lazy\" title=\"CHRISTY AND HIS BROTHER de Brendan Canty - Bande-annonce - au cin\u00e9ma le 21 janvier 2026\" width=\"1170\" height=\"658\" src=\"https:\/\/www.youtube.com\/embed\/to_VgtBf2Hc?feature=oembed\" frameborder=\"0\" allow=\"accelerometer; autoplay; clipboard-write; encrypted-media; gyroscope; picture-in-picture; web-share\" referrerpolicy=\"strict-origin-when-cross-origin\" allowfullscreen><\/iframe>\n<\/div><\/figure>\n\n\n\n<figure class=\"wp-block-gallery has-nested-images columns-default is-cropped wp-block-gallery-1 is-layout-flex wp-block-gallery-is-layout-flex\">\n<figure class=\"wp-block-image size-full\"><img loading=\"lazy\" decoding=\"async\" width=\"1359\" height=\"1828\" data-id=\"2237\" src=\"https:\/\/festivalbritannique.fr\/wp-content\/uploads\/2026\/02\/Capture-decran-2026-02-18-a-15.36.23.png\" alt=\"\" class=\"wp-image-2237\" srcset=\"https:\/\/festivalbritannique.fr\/wp-content\/uploads\/2026\/02\/Capture-decran-2026-02-18-a-15.36.23.png 1359w, https:\/\/festivalbritannique.fr\/wp-content\/uploads\/2026\/02\/Capture-decran-2026-02-18-a-15.36.23-223x300.png 223w, https:\/\/festivalbritannique.fr\/wp-content\/uploads\/2026\/02\/Capture-decran-2026-02-18-a-15.36.23-761x1024.png 761w, https:\/\/festivalbritannique.fr\/wp-content\/uploads\/2026\/02\/Capture-decran-2026-02-18-a-15.36.23-768x1033.png 768w, https:\/\/festivalbritannique.fr\/wp-content\/uploads\/2026\/02\/Capture-decran-2026-02-18-a-15.36.23-1142x1536.png 1142w\" sizes=\"auto, (max-width: 1359px) 100vw, 1359px\" \/><\/figure>\n\n\n\n<figure class=\"wp-block-image size-large\"><img loading=\"lazy\" decoding=\"async\" width=\"723\" height=\"1024\" data-id=\"2238\" src=\"https:\/\/festivalbritannique.fr\/wp-content\/uploads\/2026\/02\/Capture-decran-2026-02-18-a-15.35.51-723x1024.png\" alt=\"\" class=\"wp-image-2238\" srcset=\"https:\/\/festivalbritannique.fr\/wp-content\/uploads\/2026\/02\/Capture-decran-2026-02-18-a-15.35.51-723x1024.png 723w, https:\/\/festivalbritannique.fr\/wp-content\/uploads\/2026\/02\/Capture-decran-2026-02-18-a-15.35.51-212x300.png 212w, https:\/\/festivalbritannique.fr\/wp-content\/uploads\/2026\/02\/Capture-decran-2026-02-18-a-15.35.51-768x1087.png 768w, https:\/\/festivalbritannique.fr\/wp-content\/uploads\/2026\/02\/Capture-decran-2026-02-18-a-15.35.51-1085x1536.png 1085w, https:\/\/festivalbritannique.fr\/wp-content\/uploads\/2026\/02\/Capture-decran-2026-02-18-a-15.35.51.png 1183w\" sizes=\"auto, (max-width: 723px) 100vw, 723px\" \/><\/figure>\n<\/figure>\n<!-- AddThis Advanced Settings generic via filter on the_content --><!-- AddThis Share Buttons generic via filter on the_content -->","protected":false},"excerpt":{"rendered":"<p>Christy Samedi 14 mars \u00e0 18h 1h 34min | Drame | 2026De Brendan Canty| Par Alan O&rsquo;GormanAvec Danny Power, Diarmuid Noyes, Emma Willis Expuls\u00e9 de sa famille d\u2019accueil, Christy, 17 ans, d\u00e9barque chez son demi-fr\u00e8re, jeune papa, qu\u2019il connait peu. Ce dernier vit mal cet arrangement qu\u2019il esp\u00e8re temporaire, mais Christy se sent vite chez<\/p>\n<p><a href=\"https:\/\/festivalbritannique.fr\/?page_id=2236\" class=\"more-link themebutton\">Read More<\/a><\/p>\n<p><!-- AddThis Advanced Settings generic via filter on get_the_excerpt --><!-- AddThis Share Buttons generic via filter on get_the_excerpt --><\/p>\n","protected":false},"author":2,"featured_media":0,"parent":2215,"menu_order":0,"comment_status":"closed","ping_status":"closed","template":"","meta":{"ngg_post_thumbnail":0,"footnotes":""},"class_list":["post-2236","page","type-page","status-publish","hentry"],"_links":{"self":[{"href":"https:\/\/festivalbritannique.fr\/index.php?rest_route=\/wp\/v2\/pages\/2236","targetHints":{"allow":["GET"]}}],"collection":[{"href":"https:\/\/festivalbritannique.fr\/index.php?rest_route=\/wp\/v2\/pages"}],"about":[{"href":"https:\/\/festivalbritannique.fr\/index.php?rest_route=\/wp\/v2\/types\/page"}],"author":[{"embeddable":true,"href":"https:\/\/festivalbritannique.fr\/index.php?rest_route=\/wp\/v2\/users\/2"}],"replies":[{"embeddable":true,"href":"https:\/\/festivalbritannique.fr\/index.php?rest_route=%2Fwp%2Fv2%2Fcomments&post=2236"}],"version-history":[{"count":3,"href":"https:\/\/festivalbritannique.fr\/index.php?rest_route=\/wp\/v2\/pages\/2236\/revisions"}],"predecessor-version":[{"id":2280,"href":"https:\/\/festivalbritannique.fr\/index.php?rest_route=\/wp\/v2\/pages\/2236\/revisions\/2280"}],"up":[{"embeddable":true,"href":"https:\/\/festivalbritannique.fr\/index.php?rest_route=\/wp\/v2\/pages\/2215"}],"wp:attachment":[{"href":"https:\/\/festivalbritannique.fr\/index.php?rest_route=%2Fwp%2Fv2%2Fmedia&parent=2236"}],"curies":[{"name":"wp","href":"https:\/\/api.w.org\/{rel}","templated":true}]}}