{"id":2240,"date":"2026-02-18T16:54:19","date_gmt":"2026-02-18T15:54:19","guid":{"rendered":"https:\/\/festivalbritannique.fr\/?page_id=2240"},"modified":"2026-03-01T11:16:17","modified_gmt":"2026-03-01T10:16:17","slug":"the-old-oak-2-2-2-2-16","status":"publish","type":"page","link":"https:\/\/festivalbritannique.fr\/?page_id=2240","title":{"rendered":"Beaucoup de bruit pour rien"},"content":{"rendered":"\n<p class=\"has-luminous-vivid-amber-color has-text-color\"><strong>Much Ado about Nothing<\/strong><\/p>\n\n\n\n<p class=\"has-white-color has-luminous-vivid-amber-background-color has-text-color has-background\">Samedi 14 mars \u00e0 20h50<\/p>\n\n\n\n<p class=\"has-luminous-vivid-orange-color has-text-color\">1h 50min | Com\u00e9die, Drame, Romance | 1993<br>De Kenneth Branagh<br>| Par Kenneth Branagh<br>Avec Emma Thompson, Kenneth Branagh, Keanu Reeves<\/p>\n\n\n\n<p class=\"has-black-color has-text-color\">Apr\u00e8s les jeux de la guerre, les fid\u00e8les compagnons de Don Pedro, Claudio et Benedict, vont se livrer \u00e0 ceux de l&rsquo;amour, aussi cruels et exaltants avec leurs lots de trahisons, leurs ruses et leurs mots d&rsquo;esprit.<\/p>\n\n\n\n<p class=\"has-cyan-bluish-gray-color has-text-color\">Young lovers, Hero (Kate Beckinsale) and Claudio (Robert Sean Leonard), are to be married in one week. To pass the time, they conspire with Don Pedro (Denzel Washington) to set a \u00ab\u00a0lover&rsquo;s trap\u00a0\u00bb for Benedick (Sir Kenneth Branagh), an arrogant confirmed bachelor, and Beatrice (Dame Emma Thompson), his favorite sparring partner. Meanwhile, the evil Don Jon (Keanu Reeves) conspires to break up the wedding by accusing Hero of infidelity. In the end though, it all turns out to be \u00ab\u00a0much ado about nothing.\u00a0\u00bb<\/p>\n\n\n\n<figure class=\"wp-block-embed is-type-video is-provider-youtube wp-block-embed-youtube wp-embed-aspect-16-9 wp-has-aspect-ratio\"><div class=\"wp-block-embed__wrapper\">\n<iframe loading=\"lazy\" title=\"Much Ado About Nothing (1993)  | Official Trailer | MGM Studios\" width=\"1170\" height=\"658\" src=\"https:\/\/www.youtube.com\/embed\/rbSN4Lv_N4g?feature=oembed\" frameborder=\"0\" allow=\"accelerometer; autoplay; clipboard-write; encrypted-media; gyroscope; picture-in-picture; web-share\" referrerpolicy=\"strict-origin-when-cross-origin\" allowfullscreen><\/iframe>\n<\/div><\/figure>\n\n\n\n<figure class=\"wp-block-gallery has-nested-images columns-default is-cropped wp-block-gallery-1 is-layout-flex wp-block-gallery-is-layout-flex\">\n<figure class=\"wp-block-image size-full\"><img loading=\"lazy\" decoding=\"async\" width=\"1198\" height=\"1596\" data-id=\"2242\" src=\"https:\/\/festivalbritannique.fr\/wp-content\/uploads\/2026\/02\/Capture-decran-2026-02-18-a-15.54.50.png\" alt=\"\" class=\"wp-image-2242\" srcset=\"https:\/\/festivalbritannique.fr\/wp-content\/uploads\/2026\/02\/Capture-decran-2026-02-18-a-15.54.50.png 1198w, https:\/\/festivalbritannique.fr\/wp-content\/uploads\/2026\/02\/Capture-decran-2026-02-18-a-15.54.50-225x300.png 225w, https:\/\/festivalbritannique.fr\/wp-content\/uploads\/2026\/02\/Capture-decran-2026-02-18-a-15.54.50-769x1024.png 769w, https:\/\/festivalbritannique.fr\/wp-content\/uploads\/2026\/02\/Capture-decran-2026-02-18-a-15.54.50-768x1023.png 768w, https:\/\/festivalbritannique.fr\/wp-content\/uploads\/2026\/02\/Capture-decran-2026-02-18-a-15.54.50-1153x1536.png 1153w\" sizes=\"auto, (max-width: 1198px) 100vw, 1198px\" \/><\/figure>\n\n\n\n<figure class=\"wp-block-image size-large\"><img loading=\"lazy\" decoding=\"async\" width=\"688\" height=\"1024\" data-id=\"2243\" src=\"https:\/\/festivalbritannique.fr\/wp-content\/uploads\/2026\/02\/Capture-decran-2026-02-18-a-15.55.19-688x1024.png\" alt=\"\" class=\"wp-image-2243\" srcset=\"https:\/\/festivalbritannique.fr\/wp-content\/uploads\/2026\/02\/Capture-decran-2026-02-18-a-15.55.19-688x1024.png 688w, https:\/\/festivalbritannique.fr\/wp-content\/uploads\/2026\/02\/Capture-decran-2026-02-18-a-15.55.19-202x300.png 202w, https:\/\/festivalbritannique.fr\/wp-content\/uploads\/2026\/02\/Capture-decran-2026-02-18-a-15.55.19-768x1143.png 768w, https:\/\/festivalbritannique.fr\/wp-content\/uploads\/2026\/02\/Capture-decran-2026-02-18-a-15.55.19.png 988w\" sizes=\"auto, (max-width: 688px) 100vw, 688px\" \/><\/figure>\n<\/figure>\n<!-- AddThis Advanced Settings generic via filter on the_content --><!-- AddThis Share Buttons generic via filter on the_content -->","protected":false},"excerpt":{"rendered":"<p>Much Ado about Nothing Samedi 14 mars \u00e0 20h50 1h 50min | Com\u00e9die, Drame, Romance | 1993De Kenneth Branagh| Par Kenneth BranaghAvec Emma Thompson, Kenneth Branagh, Keanu Reeves Apr\u00e8s les jeux de la guerre, les fid\u00e8les compagnons de Don Pedro, Claudio et Benedict, vont se livrer \u00e0 ceux de l&rsquo;amour, aussi cruels et exaltants avec<\/p>\n<p><a href=\"https:\/\/festivalbritannique.fr\/?page_id=2240\" class=\"more-link themebutton\">Read More<\/a><\/p>\n<p><!-- AddThis Advanced Settings generic via filter on get_the_excerpt --><!-- AddThis Share Buttons generic via filter on get_the_excerpt --><\/p>\n","protected":false},"author":2,"featured_media":0,"parent":2215,"menu_order":0,"comment_status":"closed","ping_status":"closed","template":"","meta":{"ngg_post_thumbnail":0,"footnotes":""},"class_list":["post-2240","page","type-page","status-publish","hentry"],"_links":{"self":[{"href":"https:\/\/festivalbritannique.fr\/index.php?rest_route=\/wp\/v2\/pages\/2240","targetHints":{"allow":["GET"]}}],"collection":[{"href":"https:\/\/festivalbritannique.fr\/index.php?rest_route=\/wp\/v2\/pages"}],"about":[{"href":"https:\/\/festivalbritannique.fr\/index.php?rest_route=\/wp\/v2\/types\/page"}],"author":[{"embeddable":true,"href":"https:\/\/festivalbritannique.fr\/index.php?rest_route=\/wp\/v2\/users\/2"}],"replies":[{"embeddable":true,"href":"https:\/\/festivalbritannique.fr\/index.php?rest_route=%2Fwp%2Fv2%2Fcomments&post=2240"}],"version-history":[{"count":5,"href":"https:\/\/festivalbritannique.fr\/index.php?rest_route=\/wp\/v2\/pages\/2240\/revisions"}],"predecessor-version":[{"id":2308,"href":"https:\/\/festivalbritannique.fr\/index.php?rest_route=\/wp\/v2\/pages\/2240\/revisions\/2308"}],"up":[{"embeddable":true,"href":"https:\/\/festivalbritannique.fr\/index.php?rest_route=\/wp\/v2\/pages\/2215"}],"wp:attachment":[{"href":"https:\/\/festivalbritannique.fr\/index.php?rest_route=%2Fwp%2Fv2%2Fmedia&parent=2240"}],"curies":[{"name":"wp","href":"https:\/\/api.w.org\/{rel}","templated":true}]}}