{"id":2245,"date":"2026-02-18T16:54:04","date_gmt":"2026-02-18T15:54:04","guid":{"rendered":"https:\/\/festivalbritannique.fr\/?page_id=2245"},"modified":"2026-02-18T17:13:14","modified_gmt":"2026-02-18T16:13:14","slug":"the-old-oak-2-2-2-2-15","status":"publish","type":"page","link":"https:\/\/festivalbritannique.fr\/?page_id=2245","title":{"rendered":"Jack et Nancy &#8211; Les plus belles histoires de Quentin Blake"},"content":{"rendered":"\n<p class=\"has-luminous-vivid-amber-color has-text-color\"><strong>Quentin Blake&rsquo;s Box of Treasures<\/strong><\/p>\n\n\n\n<p class=\"has-white-color has-luminous-vivid-amber-background-color has-text-color has-background\">Dimanche 15 mars \u00e0 11h &#8211; EN VERSION FRANCAISE<\/p>\n\n\n\n<p class=\"has-luminous-vivid-orange-color has-text-color\">0h 52min | Animation, Famille | 2025<br>De Gerrit Bekers, Massimo Fenati<br>| Par Mark Evans, Massimo Fenati<br>Avec Alexandra Lamy<\/p>\n\n\n\n<p class=\"has-luminous-vivid-orange-color has-text-color has-link-color wp-elements-5c933966afbd19fcedf587e87a6bbb23\"> <strong>\u00e0 partir de 3 ans<\/strong><\/p>\n\n\n\n<p class=\"has-black-color has-text-color\">C\u2019est quand le vent se l\u00e8ve que naissent les meilleures histoires ! C\u2019est ainsi que Jack et Nancy s\u2019envolent, accroch\u00e9s \u00e0 un parapluie magique, et qu\u2019Ang\u00e8le rencontre un minuscule oisillon tomb\u00e9 du ciel lors d\u2019une temp\u00eate. Deux contes pleins de charme et d\u2019humour adapt\u00e9s des albums de Quentin Blake, o\u00f9 l\u2019on parle d\u2019amiti\u00e9, de d\u00e9couvertes et de d\u00e9parts\u2026 mais aussi du bonheur de rentrer chez soi.<\/p>\n\n\n\n<p class=\"has-cyan-bluish-gray-color has-text-color\">This animated film chronicles the adventures of eccentric animals and humans on a tropical island. It features tales of two friends, a magical creature&rsquo;s personal growth, and a clever inventor&rsquo;s zany contraptions.<\/p>\n\n\n\n<figure class=\"wp-block-embed is-type-video is-provider-youtube wp-block-embed-youtube wp-embed-aspect-16-9 wp-has-aspect-ratio\"><div class=\"wp-block-embed__wrapper\">\n<iframe loading=\"lazy\" title=\"JACK et NANCY - Les Plus belles histoires de Quentin Blake | Bande-annonce\" width=\"1170\" height=\"658\" src=\"https:\/\/www.youtube.com\/embed\/3kYKPYkBkjM?feature=oembed\" frameborder=\"0\" allow=\"accelerometer; autoplay; clipboard-write; encrypted-media; gyroscope; picture-in-picture; web-share\" referrerpolicy=\"strict-origin-when-cross-origin\" allowfullscreen><\/iframe>\n<\/div><\/figure>\n\n\n\n<figure class=\"wp-block-gallery has-nested-images columns-default is-cropped wp-block-gallery-1 is-layout-flex wp-block-gallery-is-layout-flex\">\n<figure class=\"wp-block-image size-full\"><img loading=\"lazy\" decoding=\"async\" width=\"1355\" height=\"1828\" data-id=\"2247\" src=\"https:\/\/festivalbritannique.fr\/wp-content\/uploads\/2026\/02\/Capture-decran-2026-02-18-a-16.05.45.png\" alt=\"\" class=\"wp-image-2247\" srcset=\"https:\/\/festivalbritannique.fr\/wp-content\/uploads\/2026\/02\/Capture-decran-2026-02-18-a-16.05.45.png 1355w, https:\/\/festivalbritannique.fr\/wp-content\/uploads\/2026\/02\/Capture-decran-2026-02-18-a-16.05.45-222x300.png 222w, https:\/\/festivalbritannique.fr\/wp-content\/uploads\/2026\/02\/Capture-decran-2026-02-18-a-16.05.45-759x1024.png 759w, https:\/\/festivalbritannique.fr\/wp-content\/uploads\/2026\/02\/Capture-decran-2026-02-18-a-16.05.45-768x1036.png 768w, https:\/\/festivalbritannique.fr\/wp-content\/uploads\/2026\/02\/Capture-decran-2026-02-18-a-16.05.45-1139x1536.png 1139w\" sizes=\"auto, (max-width: 1355px) 100vw, 1355px\" \/><\/figure>\n\n\n\n<figure class=\"wp-block-image size-large\"><img loading=\"lazy\" decoding=\"async\" width=\"686\" height=\"1024\" data-id=\"2248\" src=\"https:\/\/festivalbritannique.fr\/wp-content\/uploads\/2026\/02\/Capture-decran-2026-02-18-a-16.05.16-686x1024.png\" alt=\"\" class=\"wp-image-2248\" srcset=\"https:\/\/festivalbritannique.fr\/wp-content\/uploads\/2026\/02\/Capture-decran-2026-02-18-a-16.05.16-686x1024.png 686w, https:\/\/festivalbritannique.fr\/wp-content\/uploads\/2026\/02\/Capture-decran-2026-02-18-a-16.05.16-201x300.png 201w, https:\/\/festivalbritannique.fr\/wp-content\/uploads\/2026\/02\/Capture-decran-2026-02-18-a-16.05.16-768x1146.png 768w, https:\/\/festivalbritannique.fr\/wp-content\/uploads\/2026\/02\/Capture-decran-2026-02-18-a-16.05.16-1029x1536.png 1029w, https:\/\/festivalbritannique.fr\/wp-content\/uploads\/2026\/02\/Capture-decran-2026-02-18-a-16.05.16.png 1108w\" sizes=\"auto, (max-width: 686px) 100vw, 686px\" \/><\/figure>\n<\/figure>\n<!-- AddThis Advanced Settings generic via filter on the_content --><!-- AddThis Share Buttons generic via filter on the_content -->","protected":false},"excerpt":{"rendered":"<p>Quentin Blake&rsquo;s Box of Treasures Dimanche 15 mars \u00e0 11h &#8211; EN VERSION FRANCAISE 0h 52min | Animation, Famille | 2025De Gerrit Bekers, Massimo Fenati| Par Mark Evans, Massimo FenatiAvec Alexandra Lamy \u00e0 partir de 3 ans C\u2019est quand le vent se l\u00e8ve que naissent les meilleures histoires ! C\u2019est ainsi que Jack et Nancy<\/p>\n<p><a href=\"https:\/\/festivalbritannique.fr\/?page_id=2245\" class=\"more-link themebutton\">Read More<\/a><\/p>\n<p><!-- AddThis Advanced Settings generic via filter on get_the_excerpt --><!-- AddThis Share Buttons generic via filter on get_the_excerpt --><\/p>\n","protected":false},"author":2,"featured_media":0,"parent":2215,"menu_order":0,"comment_status":"closed","ping_status":"closed","template":"","meta":{"ngg_post_thumbnail":0,"footnotes":""},"class_list":["post-2245","page","type-page","status-publish","hentry"],"_links":{"self":[{"href":"https:\/\/festivalbritannique.fr\/index.php?rest_route=\/wp\/v2\/pages\/2245","targetHints":{"allow":["GET"]}}],"collection":[{"href":"https:\/\/festivalbritannique.fr\/index.php?rest_route=\/wp\/v2\/pages"}],"about":[{"href":"https:\/\/festivalbritannique.fr\/index.php?rest_route=\/wp\/v2\/types\/page"}],"author":[{"embeddable":true,"href":"https:\/\/festivalbritannique.fr\/index.php?rest_route=\/wp\/v2\/users\/2"}],"replies":[{"embeddable":true,"href":"https:\/\/festivalbritannique.fr\/index.php?rest_route=%2Fwp%2Fv2%2Fcomments&post=2245"}],"version-history":[{"count":5,"href":"https:\/\/festivalbritannique.fr\/index.php?rest_route=\/wp\/v2\/pages\/2245\/revisions"}],"predecessor-version":[{"id":2290,"href":"https:\/\/festivalbritannique.fr\/index.php?rest_route=\/wp\/v2\/pages\/2245\/revisions\/2290"}],"up":[{"embeddable":true,"href":"https:\/\/festivalbritannique.fr\/index.php?rest_route=\/wp\/v2\/pages\/2215"}],"wp:attachment":[{"href":"https:\/\/festivalbritannique.fr\/index.php?rest_route=%2Fwp%2Fv2%2Fmedia&parent=2245"}],"curies":[{"name":"wp","href":"https:\/\/api.w.org\/{rel}","templated":true}]}}