{"id":2254,"date":"2026-02-18T16:53:43","date_gmt":"2026-02-18T15:53:43","guid":{"rendered":"https:\/\/festivalbritannique.fr\/?page_id=2254"},"modified":"2026-02-18T17:11:39","modified_gmt":"2026-02-18T16:11:39","slug":"the-old-oak-2-2-2-2-13","status":"publish","type":"page","link":"https:\/\/festivalbritannique.fr\/?page_id=2254","title":{"rendered":"La guerre des rose"},"content":{"rendered":"\n<p class=\"has-luminous-vivid-amber-color has-text-color\"><strong>The Roses<\/strong><\/p>\n\n\n\n<p class=\"has-white-color has-luminous-vivid-amber-background-color has-text-color has-background\">Dimanche 15 mars \u00e0 16h<\/p>\n\n\n\n<p class=\"has-luminous-vivid-orange-color has-text-color\">1h 45min | Com\u00e9die dramatique<br>De Jay Roach<br>| Par Tony McNamara<br>Avec Olivia Colman, Benedict Cumberbatch, Andy Samberg<\/p>\n\n\n\n<p class=\"has-black-color has-text-color\">Ivy et Theo forment un couple parfait \u00e0 qui tout r\u00e9ussit : des carri\u00e8res couronn\u00e9es de succ\u00e8s, un mariage \u00e9panoui, des enfants formidables\u2026 Mais sous les apparences de cette vie id\u00e9ale, une temp\u00eate se pr\u00e9pare\u2026 Alors que la carri\u00e8re de Theo s\u2019\u00e9croule et que celle d\u2019Ivy d\u00e9colle, leurs ressentiments et leur rivalit\u00e9 jusque-l\u00e0 \u00e9touff\u00e9s vont bient\u00f4t exploser.<\/p>\n\n\n\n<p class=\"has-cyan-bluish-gray-color has-text-color\">Reviewers say &lsquo;The Roses&rsquo; is a polarizing dark comedy that offers sharp humor with some tonal inconsistencies. Many praise the movie for its biting satire and the exceptional chemistry between Benedict Cumberbatch and Olivia Colman, who both deliver standout performances. The supporting cast, including Andy Samberg and Kate McKinnon, are also highlighted for adding depth to the film&rsquo;s exploration of modern relationships and societal pressures. Others, however, feel the film fails to match the dark comedy of the 1989 original, finding its pacing and tone to be erratic. Reviewers enjoy the film&rsquo;s British wit and modern take on classic themes, but its mixed reception suggests that while it has moments of brilliance, it may not fully satisfy all viewers.<\/p>\n\n\n\n<figure class=\"wp-block-embed is-type-video is-provider-youtube wp-block-embed-youtube wp-embed-aspect-16-9 wp-has-aspect-ratio\"><div class=\"wp-block-embed__wrapper\">\n<iframe loading=\"lazy\" title=\"La Guerre des Rose - Premi\u00e8re bande-annonce (VOST) | Searchlight Pictures\" width=\"1170\" height=\"658\" src=\"https:\/\/www.youtube.com\/embed\/bIhMYWHqVbY?feature=oembed\" frameborder=\"0\" allow=\"accelerometer; autoplay; clipboard-write; encrypted-media; gyroscope; picture-in-picture; web-share\" referrerpolicy=\"strict-origin-when-cross-origin\" allowfullscreen><\/iframe>\n<\/div><\/figure>\n\n\n\n<figure class=\"wp-block-gallery has-nested-images columns-default is-cropped wp-block-gallery-1 is-layout-flex wp-block-gallery-is-layout-flex\">\n<figure class=\"wp-block-image size-full\"><img loading=\"lazy\" decoding=\"async\" width=\"1224\" height=\"1829\" data-id=\"2255\" src=\"https:\/\/festivalbritannique.fr\/wp-content\/uploads\/2026\/02\/Capture-decran-2026-02-18-a-16.37.55.png\" alt=\"\" class=\"wp-image-2255\" srcset=\"https:\/\/festivalbritannique.fr\/wp-content\/uploads\/2026\/02\/Capture-decran-2026-02-18-a-16.37.55.png 1224w, https:\/\/festivalbritannique.fr\/wp-content\/uploads\/2026\/02\/Capture-decran-2026-02-18-a-16.37.55-201x300.png 201w, https:\/\/festivalbritannique.fr\/wp-content\/uploads\/2026\/02\/Capture-decran-2026-02-18-a-16.37.55-685x1024.png 685w, https:\/\/festivalbritannique.fr\/wp-content\/uploads\/2026\/02\/Capture-decran-2026-02-18-a-16.37.55-768x1148.png 768w, https:\/\/festivalbritannique.fr\/wp-content\/uploads\/2026\/02\/Capture-decran-2026-02-18-a-16.37.55-1028x1536.png 1028w\" sizes=\"auto, (max-width: 1224px) 100vw, 1224px\" \/><\/figure>\n\n\n\n<figure class=\"wp-block-image size-large\"><img loading=\"lazy\" decoding=\"async\" width=\"680\" height=\"1024\" data-id=\"2256\" src=\"https:\/\/festivalbritannique.fr\/wp-content\/uploads\/2026\/02\/Capture-decran-2026-02-18-a-16.23.42-680x1024.png\" alt=\"\" class=\"wp-image-2256\" srcset=\"https:\/\/festivalbritannique.fr\/wp-content\/uploads\/2026\/02\/Capture-decran-2026-02-18-a-16.23.42-680x1024.png 680w, https:\/\/festivalbritannique.fr\/wp-content\/uploads\/2026\/02\/Capture-decran-2026-02-18-a-16.23.42-199x300.png 199w, https:\/\/festivalbritannique.fr\/wp-content\/uploads\/2026\/02\/Capture-decran-2026-02-18-a-16.23.42-768x1157.png 768w, https:\/\/festivalbritannique.fr\/wp-content\/uploads\/2026\/02\/Capture-decran-2026-02-18-a-16.23.42.png 998w\" sizes=\"auto, (max-width: 680px) 100vw, 680px\" \/><\/figure>\n<\/figure>\n<!-- AddThis Advanced Settings generic via filter on the_content --><!-- AddThis Share Buttons generic via filter on the_content -->","protected":false},"excerpt":{"rendered":"<p>The Roses Dimanche 15 mars \u00e0 16h 1h 45min | Com\u00e9die dramatiqueDe Jay Roach| Par Tony McNamaraAvec Olivia Colman, Benedict Cumberbatch, Andy Samberg Ivy et Theo forment un couple parfait \u00e0 qui tout r\u00e9ussit : des carri\u00e8res couronn\u00e9es de succ\u00e8s, un mariage \u00e9panoui, des enfants formidables\u2026 Mais sous les apparences de cette vie id\u00e9ale, une<\/p>\n<p><a href=\"https:\/\/festivalbritannique.fr\/?page_id=2254\" class=\"more-link themebutton\">Read More<\/a><\/p>\n<p><!-- AddThis Advanced Settings generic via filter on get_the_excerpt --><!-- AddThis Share Buttons generic via filter on get_the_excerpt --><\/p>\n","protected":false},"author":2,"featured_media":0,"parent":2215,"menu_order":0,"comment_status":"closed","ping_status":"closed","template":"","meta":{"ngg_post_thumbnail":0,"footnotes":""},"class_list":["post-2254","page","type-page","status-publish","hentry"],"_links":{"self":[{"href":"https:\/\/festivalbritannique.fr\/index.php?rest_route=\/wp\/v2\/pages\/2254","targetHints":{"allow":["GET"]}}],"collection":[{"href":"https:\/\/festivalbritannique.fr\/index.php?rest_route=\/wp\/v2\/pages"}],"about":[{"href":"https:\/\/festivalbritannique.fr\/index.php?rest_route=\/wp\/v2\/types\/page"}],"author":[{"embeddable":true,"href":"https:\/\/festivalbritannique.fr\/index.php?rest_route=\/wp\/v2\/users\/2"}],"replies":[{"embeddable":true,"href":"https:\/\/festivalbritannique.fr\/index.php?rest_route=%2Fwp%2Fv2%2Fcomments&post=2254"}],"version-history":[{"count":3,"href":"https:\/\/festivalbritannique.fr\/index.php?rest_route=\/wp\/v2\/pages\/2254\/revisions"}],"predecessor-version":[{"id":2287,"href":"https:\/\/festivalbritannique.fr\/index.php?rest_route=\/wp\/v2\/pages\/2254\/revisions\/2287"}],"up":[{"embeddable":true,"href":"https:\/\/festivalbritannique.fr\/index.php?rest_route=\/wp\/v2\/pages\/2215"}],"wp:attachment":[{"href":"https:\/\/festivalbritannique.fr\/index.php?rest_route=%2Fwp%2Fv2%2Fmedia&parent=2254"}],"curies":[{"name":"wp","href":"https:\/\/api.w.org\/{rel}","templated":true}]}}