{"id":311,"date":"2016-02-08T17:30:09","date_gmt":"2016-02-08T16:30:09","guid":{"rendered":"http:\/\/festivalbritannique.fr\/?page_id=311"},"modified":"2017-01-26T19:58:11","modified_gmt":"2017-01-26T18:58:11","slug":"vendredi-11-mars","status":"publish","type":"page","link":"https:\/\/festivalbritannique.fr\/?page_id=311","title":{"rendered":"Vendredi 11 mars"},"content":{"rendered":"<div class=\"csRow\">\n<div class=\"csColumnGap\" style=\"margin: 0px; padding: 0px; float: left; width: 1.56%;\"><img decoding=\"async\" src=\"http:\/\/festivalbritannique.fr\/wp-content\/plugins\/advanced-wp-columns\/assets\/js\/plugins\/views\/img\/1x1-pixel.png\" alt=\"\" \/><\/div>\n<div class=\"csColumn\" style=\"margin: 0px; padding: 0px; float: left; width: 31.3%;\" data-csid=\"c7659684-7c69-457b-9956-6f770e2b871a\" data-cswidth=\"31.3%\" data-csendpoint=\"315\" data-csstartpoint=\"15\">\n<p>\u00a0<a href=\"http:\/\/festivalbritannique.fr\/?page_id=400\"><img loading=\"lazy\" decoding=\"async\" class=\"size-medium wp-image-21 aligncenter\" src=\"http:\/\/festivalbritannique.fr\/wp-content\/uploads\/2016\/02\/affiche-2-221x300.jpg\" alt=\"affiche\" width=\"221\" height=\"300\" srcset=\"https:\/\/festivalbritannique.fr\/wp-content\/uploads\/2016\/02\/affiche-2-221x300.jpg 221w, https:\/\/festivalbritannique.fr\/wp-content\/uploads\/2016\/02\/affiche-2-768x1043.jpg 768w, https:\/\/festivalbritannique.fr\/wp-content\/uploads\/2016\/02\/affiche-2-754x1024.jpg 754w, https:\/\/festivalbritannique.fr\/wp-content\/uploads\/2016\/02\/affiche-2-800x1087.jpg 800w, https:\/\/festivalbritannique.fr\/wp-content\/uploads\/2016\/02\/affiche-2.jpg 1178w\" sizes=\"auto, (max-width: 221px) 100vw, 221px\" \/><\/a><\/p>\n<h4 style=\"text-align: center;\"><strong><span style=\"color: #ff0000;\">9h30<\/span><\/strong><br \/>\nS\u00e9ance r\u00e9serv\u00e9e aux scolaires<br \/>\nPlus d&rsquo;informations :<br \/>\ncine.halleauxgrains@gmail.com<\/h4>\n<\/div>\n<div class=\"csColumnGap\" style=\"margin: 0px; padding: 0px; float: left; width: 1.56%;\"><img decoding=\"async\" src=\"http:\/\/festivalbritannique.fr\/wp-content\/plugins\/advanced-wp-columns\/assets\/js\/plugins\/views\/img\/1x1-pixel.png\" alt=\"\" \/><\/div>\n<div class=\"csColumn\" style=\"margin: 0px; padding: 0px; float: left; width: 31.3%;\" data-csid=\"22a232ab-fd9e-e71a-8e4a-2e569879508b\" data-cswidth=\"31.3%\" data-csendpoint=\"630\" data-csstartpoint=\"330\">\n<p>\u00a0<a href=\"http:\/\/festivalbritannique.fr\/?page_id=413\"><img loading=\"lazy\" decoding=\"async\" class=\"size-medium wp-image-319 aligncenter\" src=\"http:\/\/festivalbritannique.fr\/wp-content\/uploads\/2016\/02\/affiche-4-221x300.jpg\" alt=\"affiche\" width=\"221\" height=\"300\" srcset=\"https:\/\/festivalbritannique.fr\/wp-content\/uploads\/2016\/02\/affiche-4-221x300.jpg 221w, https:\/\/festivalbritannique.fr\/wp-content\/uploads\/2016\/02\/affiche-4-768x1041.jpg 768w, https:\/\/festivalbritannique.fr\/wp-content\/uploads\/2016\/02\/affiche-4-755x1024.jpg 755w, https:\/\/festivalbritannique.fr\/wp-content\/uploads\/2016\/02\/affiche-4.jpg 885w\" sizes=\"auto, (max-width: 221px) 100vw, 221px\" \/><\/a><\/p>\n<h4 style=\"text-align: center;\"><strong><span style=\"color: #ff0000;\">14h30<\/span><\/strong><br \/>\nS\u00e9ance r\u00e9serv\u00e9e aux scolaires<br \/>\nPlus d&rsquo;informations :<br \/>\ncine.halleauxgrains@gmail.com<\/h4>\n<\/div>\n<div class=\"csColumnGap\" style=\"margin: 0px; padding: 0px; float: left; width: 1.56%;\"><img decoding=\"async\" src=\"http:\/\/festivalbritannique.fr\/wp-content\/plugins\/advanced-wp-columns\/assets\/js\/plugins\/views\/img\/1x1-pixel.png\" alt=\"\" \/><\/div>\n<div class=\"csColumn\" style=\"margin: 0px; padding: 0px; float: left; width: 31.3%;\" data-csid=\"2f8eb4aa-89c7-4cbf-b2ec-7c23f8b059e0\" data-cswidth=\"31.3%\" data-csendpoint=\"945\" data-csstartpoint=\"645\">\n<p>\u00a0<a href=\"http:\/\/festivalbritannique.fr\/?page_id=586\"><img loading=\"lazy\" decoding=\"async\" class=\"aligncenter wp-image-614 size-medium\" src=\"http:\/\/festivalbritannique.fr\/wp-content\/uploads\/2016\/02\/148667-225x300.jpg\" alt=\"\" width=\"225\" height=\"300\" srcset=\"https:\/\/festivalbritannique.fr\/wp-content\/uploads\/2016\/02\/148667-225x300.jpg 225w, https:\/\/festivalbritannique.fr\/wp-content\/uploads\/2016\/02\/148667-768x1024.jpg 768w, https:\/\/festivalbritannique.fr\/wp-content\/uploads\/2016\/02\/148667.jpg 1200w\" sizes=\"auto, (max-width: 225px) 100vw, 225px\" \/><\/a><\/p>\n<h4 style=\"text-align: center;\"><strong><span style=\"color: #ff0000;\">20h30<\/span><\/strong><br \/>\nAvant-premi\u00e8re<br \/>\nOuverture du festival<\/h4>\n<\/div>\n<div class=\"csColumnGap\" style=\"margin: 0px; padding: 0px; float: left; width: 1.56%;\"><img decoding=\"async\" src=\"http:\/\/festivalbritannique.fr\/wp-content\/plugins\/advanced-wp-columns\/assets\/js\/plugins\/views\/img\/1x1-pixel.png\" alt=\"\" \/><\/div>\n<div style=\"clear: both; float: none; display: block; visibility: hidden; width: 0px; font-size: 0px; line-height: 0;\"><\/div>\n<\/div>\n<!-- AddThis Advanced Settings generic via filter on the_content --><!-- AddThis Share Buttons generic via filter on the_content -->","protected":false},"excerpt":{"rendered":"<p>\u00a0 9h30 S\u00e9ance r\u00e9serv\u00e9e aux scolaires Plus d&rsquo;informations : cine.halleauxgrains@gmail.com \u00a0 14h30 S\u00e9ance r\u00e9serv\u00e9e aux scolaires Plus d&rsquo;informations : cine.halleauxgrains@gmail.com \u00a0 20h30 Avant-premi\u00e8re Ouverture du festival<!-- AddThis Advanced Settings generic via filter on get_the_excerpt --><!-- AddThis Share Buttons generic via filter on get_the_excerpt --><\/p>\n","protected":false},"author":2,"featured_media":0,"parent":409,"menu_order":24,"comment_status":"closed","ping_status":"closed","template":"","meta":{"ngg_post_thumbnail":0,"footnotes":""},"class_list":["post-311","page","type-page","status-publish","hentry"],"_links":{"self":[{"href":"https:\/\/festivalbritannique.fr\/index.php?rest_route=\/wp\/v2\/pages\/311","targetHints":{"allow":["GET"]}}],"collection":[{"href":"https:\/\/festivalbritannique.fr\/index.php?rest_route=\/wp\/v2\/pages"}],"about":[{"href":"https:\/\/festivalbritannique.fr\/index.php?rest_route=\/wp\/v2\/types\/page"}],"author":[{"embeddable":true,"href":"https:\/\/festivalbritannique.fr\/index.php?rest_route=\/wp\/v2\/users\/2"}],"replies":[{"embeddable":true,"href":"https:\/\/festivalbritannique.fr\/index.php?rest_route=%2Fwp%2Fv2%2Fcomments&post=311"}],"version-history":[{"count":24,"href":"https:\/\/festivalbritannique.fr\/index.php?rest_route=\/wp\/v2\/pages\/311\/revisions"}],"predecessor-version":[{"id":757,"href":"https:\/\/festivalbritannique.fr\/index.php?rest_route=\/wp\/v2\/pages\/311\/revisions\/757"}],"up":[{"embeddable":true,"href":"https:\/\/festivalbritannique.fr\/index.php?rest_route=\/wp\/v2\/pages\/409"}],"wp:attachment":[{"href":"https:\/\/festivalbritannique.fr\/index.php?rest_route=%2Fwp%2Fv2%2Fmedia&parent=311"}],"curies":[{"name":"wp","href":"https:\/\/api.w.org\/{rel}","templated":true}]}}