{"id":387,"date":"2016-02-08T17:00:59","date_gmt":"2016-02-08T16:00:59","guid":{"rendered":"http:\/\/festivalbritannique.fr\/?page_id=387"},"modified":"2017-01-26T19:58:19","modified_gmt":"2017-01-26T18:58:19","slug":"dimanche-13-mars","status":"publish","type":"page","link":"https:\/\/festivalbritannique.fr\/?page_id=387","title":{"rendered":"Dimanche 13 mars"},"content":{"rendered":"<div class=\"csRow\">\n<div class=\"csColumn\" style=\"margin: 0px; padding: 0px; float: left; width: 31.3%;\" data-csid=\"c7659684-7c69-457b-9956-6f770e2b871a\" data-cswidth=\"31.3%\" data-csendpoint=\"315\" data-csstartpoint=\"15\">\n<p>\u00a0<a href=\"http:\/\/festivalbritannique.fr\/?page_id=449\"><img loading=\"lazy\" decoding=\"async\" class=\"wp-image-23 size-medium aligncenter\" src=\"http:\/\/festivalbritannique.fr\/wp-content\/uploads\/2016\/02\/affiche-3-212x300.jpg\" alt=\"\" width=\"212\" height=\"300\" srcset=\"https:\/\/festivalbritannique.fr\/wp-content\/uploads\/2016\/02\/affiche-3-212x300.jpg 212w, https:\/\/festivalbritannique.fr\/wp-content\/uploads\/2016\/02\/affiche-3-768x1086.jpg 768w, https:\/\/festivalbritannique.fr\/wp-content\/uploads\/2016\/02\/affiche-3-724x1024.jpg 724w, https:\/\/festivalbritannique.fr\/wp-content\/uploads\/2016\/02\/affiche-3-800x1132.jpg 800w, https:\/\/festivalbritannique.fr\/wp-content\/uploads\/2016\/02\/affiche-3.jpg 1131w\" sizes=\"auto, (max-width: 212px) 100vw, 212px\" \/><\/a><\/p>\n<h4 style=\"text-align: center;\"><strong><span style=\"color: #ff0000;\">14h30<\/span><\/strong><br \/>\nUn go\u00fbter sera offert \u00e0 la fin du film<\/h4>\n<p><img loading=\"lazy\" decoding=\"async\" class=\"size-medium wp-image-96 aligncenter\" src=\"http:\/\/festivalbritannique.fr\/wp-content\/uploads\/2016\/02\/site_unsacrepetrin1-300x102.jpg\" alt=\"site_unsacrepetrin1\" width=\"300\" height=\"102\" srcset=\"https:\/\/festivalbritannique.fr\/wp-content\/uploads\/2016\/02\/site_unsacrepetrin1-300x102.jpg 300w, https:\/\/festivalbritannique.fr\/wp-content\/uploads\/2016\/02\/site_unsacrepetrin1-768x261.jpg 768w, https:\/\/festivalbritannique.fr\/wp-content\/uploads\/2016\/02\/site_unsacrepetrin1.jpg 800w\" sizes=\"auto, (max-width: 300px) 100vw, 300px\" \/><\/p>\n<\/div>\n<div class=\"csColumnGap\" style=\"margin: 0px; padding: 0px; float: left; width: 1.56%;\"><img decoding=\"async\" src=\"http:\/\/festivalbritannique.fr\/wp-content\/plugins\/advanced-wp-columns\/assets\/js\/plugins\/views\/img\/1x1-pixel.png\" alt=\"\" \/><\/div>\n<div class=\"csColumn\" style=\"margin: 0px; padding: 0px; float: left; width: 31.3%;\" data-csid=\"22a232ab-fd9e-e71a-8e4a-2e569879508b\" data-cswidth=\"31.3%\" data-csendpoint=\"630\" data-csstartpoint=\"330\">\n<p>\u00a0<a href=\"http:\/\/festivalbritannique.fr\/?page_id=646\"><img loading=\"lazy\" decoding=\"async\" class=\"aligncenter wp-image-643 size-medium\" src=\"http:\/\/festivalbritannique.fr\/wp-content\/uploads\/2016\/02\/188318-225x300.jpg\" alt=\"\" width=\"225\" height=\"300\" srcset=\"https:\/\/festivalbritannique.fr\/wp-content\/uploads\/2016\/02\/188318-225x300.jpg 225w, https:\/\/festivalbritannique.fr\/wp-content\/uploads\/2016\/02\/188318-768x1024.jpg 768w, https:\/\/festivalbritannique.fr\/wp-content\/uploads\/2016\/02\/188318.jpg 1200w\" sizes=\"auto, (max-width: 225px) 100vw, 225px\" \/><\/a><\/p>\n<h4 style=\"text-align: center;\"><strong><span style=\"color: #ff0000;\">17h<\/span><\/strong><br \/>\nAvant-premi\u00e8re<\/h4>\n<h4 style=\"text-align: center;\">Cl\u00f4ture du festival<br \/>\nD\u00e9lib\u00e9ration du jury<\/h4>\n<p>&nbsp;<\/p>\n<\/div>\n<div class=\"csColumnGap\" style=\"margin: 0px; padding: 0px; float: left; width: 1.56%;\"><img decoding=\"async\" src=\"http:\/\/festivalbritannique.fr\/wp-content\/plugins\/advanced-wp-columns\/assets\/js\/plugins\/views\/img\/1x1-pixel.png\" alt=\"\" \/><\/div>\n<div class=\"csColumn\" style=\"margin: 0px; padding: 0px; float: left; width: 31.3%;\" data-csid=\"2f8eb4aa-89c7-4cbf-b2ec-7c23f8b059e0\" data-cswidth=\"31.3%\" data-csendpoint=\"945\" data-csstartpoint=\"645\">\n<p>\u00a0<a href=\"http:\/\/festivalbritannique.fr\/wp-content\/uploads\/2016\/02\/affiche.jpg\"><img loading=\"lazy\" decoding=\"async\" class=\"aligncenter wp-image-15 size-medium\" src=\"http:\/\/festivalbritannique.fr\/wp-content\/uploads\/2016\/02\/affiche-221x300.jpg\" alt=\"\" width=\"221\" height=\"300\" srcset=\"https:\/\/festivalbritannique.fr\/wp-content\/uploads\/2016\/02\/affiche-221x300.jpg 221w, https:\/\/festivalbritannique.fr\/wp-content\/uploads\/2016\/02\/affiche-768x1043.jpg 768w, https:\/\/festivalbritannique.fr\/wp-content\/uploads\/2016\/02\/affiche-754x1024.jpg 754w, https:\/\/festivalbritannique.fr\/wp-content\/uploads\/2016\/02\/affiche-800x1087.jpg 800w, https:\/\/festivalbritannique.fr\/wp-content\/uploads\/2016\/02\/affiche.jpg 1178w\" sizes=\"auto, (max-width: 221px) 100vw, 221px\" \/><\/a><\/p>\n<h4 style=\"text-align: center;\"><strong><span style=\"color: #ff0000;\">20h30<\/span><\/strong><br \/>\nFilm nomin\u00e9 aux BAFTA<\/h4>\n<p><img loading=\"lazy\" decoding=\"async\" class=\"size-medium wp-image-95 aligncenter\" src=\"http:\/\/festivalbritannique.fr\/wp-content\/uploads\/2016\/02\/BAFTA-300x54.jpg\" alt=\"BAFTA\" width=\"300\" height=\"54\" srcset=\"https:\/\/festivalbritannique.fr\/wp-content\/uploads\/2016\/02\/BAFTA-300x54.jpg 300w, https:\/\/festivalbritannique.fr\/wp-content\/uploads\/2016\/02\/BAFTA-768x138.jpg 768w, https:\/\/festivalbritannique.fr\/wp-content\/uploads\/2016\/02\/BAFTA-1024x184.jpg 1024w, https:\/\/festivalbritannique.fr\/wp-content\/uploads\/2016\/02\/BAFTA-800x144.jpg 800w, https:\/\/festivalbritannique.fr\/wp-content\/uploads\/2016\/02\/BAFTA.jpg 1410w\" sizes=\"auto, (max-width: 300px) 100vw, 300px\" \/><\/p>\n<\/div>\n<div class=\"csColumnGap\" style=\"margin: 0px; padding: 0px; float: left; width: 1.56%;\"><img decoding=\"async\" src=\"http:\/\/festivalbritannique.fr\/wp-content\/plugins\/advanced-wp-columns\/assets\/js\/plugins\/views\/img\/1x1-pixel.png\" alt=\"\" \/><\/div>\n<div style=\"clear: both; float: none; display: block; visibility: hidden; width: 0px; font-size: 0px; line-height: 0;\"><\/div>\n<\/div>\n<p>&nbsp;<\/p>\n<!-- AddThis Advanced Settings generic via filter on the_content --><!-- AddThis Share Buttons generic via filter on the_content -->","protected":false},"excerpt":{"rendered":"<p>\u00a0 14h30 Un go\u00fbter sera offert \u00e0 la fin du film \u00a0 17h Avant-premi\u00e8re Cl\u00f4ture du festival D\u00e9lib\u00e9ration du jury &nbsp; \u00a0 20h30 Film nomin\u00e9 aux BAFTA &nbsp;<!-- AddThis Advanced Settings generic via filter on get_the_excerpt --><!-- AddThis Share Buttons generic via filter on get_the_excerpt --><\/p>\n","protected":false},"author":2,"featured_media":0,"parent":409,"menu_order":28,"comment_status":"closed","ping_status":"closed","template":"","meta":{"ngg_post_thumbnail":0,"footnotes":""},"class_list":["post-387","page","type-page","status-publish","hentry"],"_links":{"self":[{"href":"https:\/\/festivalbritannique.fr\/index.php?rest_route=\/wp\/v2\/pages\/387","targetHints":{"allow":["GET"]}}],"collection":[{"href":"https:\/\/festivalbritannique.fr\/index.php?rest_route=\/wp\/v2\/pages"}],"about":[{"href":"https:\/\/festivalbritannique.fr\/index.php?rest_route=\/wp\/v2\/types\/page"}],"author":[{"embeddable":true,"href":"https:\/\/festivalbritannique.fr\/index.php?rest_route=\/wp\/v2\/users\/2"}],"replies":[{"embeddable":true,"href":"https:\/\/festivalbritannique.fr\/index.php?rest_route=%2Fwp%2Fv2%2Fcomments&post=387"}],"version-history":[{"count":14,"href":"https:\/\/festivalbritannique.fr\/index.php?rest_route=\/wp\/v2\/pages\/387\/revisions"}],"predecessor-version":[{"id":759,"href":"https:\/\/festivalbritannique.fr\/index.php?rest_route=\/wp\/v2\/pages\/387\/revisions\/759"}],"up":[{"embeddable":true,"href":"https:\/\/festivalbritannique.fr\/index.php?rest_route=\/wp\/v2\/pages\/409"}],"wp:attachment":[{"href":"https:\/\/festivalbritannique.fr\/index.php?rest_route=%2Fwp%2Fv2%2Fmedia&parent=387"}],"curies":[{"name":"wp","href":"https:\/\/api.w.org\/{rel}","templated":true}]}}