{"id":398,"date":"2016-02-08T18:58:12","date_gmt":"2016-02-08T17:58:12","guid":{"rendered":"http:\/\/festivalbritannique.fr\/?page_id=398"},"modified":"2017-01-26T19:58:02","modified_gmt":"2017-01-26T18:58:02","slug":"loin-de-la-foule-dechainee-2","status":"publish","type":"page","link":"https:\/\/festivalbritannique.fr\/?page_id=398","title":{"rendered":"Loin de la foule d\u00e9chain\u00e9e"},"content":{"rendered":"<h3><em>Titre original : <span style=\"color: #0000ff;\">FAR FROM MADDING CROW<\/span><\/em><\/h3>\n<hr \/>\n<h3><strong><span style=\"color: #ff0000;\">Samedi 12 mars \u00e0 14h<\/span><\/strong><\/h3>\n<hr \/>\n<h5>Romance avec <strong>Carey Mulligan<\/strong>. 1h59.<\/h5>\n<blockquote>\n<h5>Dans la campagne anglaise de l\u2019\u00e9poque victorienne, une jeune h\u00e9riti\u00e8re, Bathsheba Everdeene doit diriger la ferme l\u00e9gu\u00e9e par son oncle. Femme belle et libre, elle veut s\u2019assumer seule et sans mari, ce qui n\u2019est pas au go\u00fbt de tous \u00e0 commencer par ses ouvriers. Bathsheba ne se mariera qu\u2019une fois amoureuse. Qu\u2019\u00e0 cela ne tienne, elle se fait courtiser par trois hommes, le berger Gabriel Oake, le riche voisin Mr Boldwood et le Sergent Troy.<\/h5>\n<hr \/>\n<\/blockquote>\n<p style=\"text-align: center;\"><p>Invalid Displayed Gallery<\/p><\/p>\n<p><iframe loading=\"lazy\" title=\"Loin De La Foule D\u00e9chain\u00e9e - Bande annonce [Officielle] VOST HD\" width=\"1170\" height=\"658\" src=\"https:\/\/www.youtube.com\/embed\/yjD7Cgpn2N8?feature=oembed\" frameborder=\"0\" allow=\"accelerometer; autoplay; encrypted-media; gyroscope; picture-in-picture\" allowfullscreen><\/iframe><\/p>\n<!-- AddThis Advanced Settings generic via filter on the_content --><!-- AddThis Share Buttons generic via filter on the_content -->","protected":false},"excerpt":{"rendered":"<p>Titre original : FAR FROM MADDING CROW Samedi 12 mars \u00e0 14h Romance avec Carey Mulligan. 1h59. Dans la campagne anglaise de l\u2019\u00e9poque victorienne, une jeune h\u00e9riti\u00e8re, Bathsheba Everdeene doit diriger la ferme l\u00e9gu\u00e9e par son oncle. Femme belle et libre, elle veut s\u2019assumer seule et sans mari, ce qui n\u2019est pas au go\u00fbt de<\/p>\n<p><a href=\"https:\/\/festivalbritannique.fr\/?page_id=398\" class=\"more-link themebutton\">Read More<\/a><\/p>\n<p><!-- AddThis Advanced Settings generic via filter on get_the_excerpt --><!-- AddThis Share Buttons generic via filter on get_the_excerpt --><\/p>\n","protected":false},"author":2,"featured_media":0,"parent":407,"menu_order":27,"comment_status":"closed","ping_status":"closed","template":"","meta":{"ngg_post_thumbnail":0,"footnotes":""},"class_list":["post-398","page","type-page","status-publish","hentry"],"_links":{"self":[{"href":"https:\/\/festivalbritannique.fr\/index.php?rest_route=\/wp\/v2\/pages\/398","targetHints":{"allow":["GET"]}}],"collection":[{"href":"https:\/\/festivalbritannique.fr\/index.php?rest_route=\/wp\/v2\/pages"}],"about":[{"href":"https:\/\/festivalbritannique.fr\/index.php?rest_route=\/wp\/v2\/types\/page"}],"author":[{"embeddable":true,"href":"https:\/\/festivalbritannique.fr\/index.php?rest_route=\/wp\/v2\/users\/2"}],"replies":[{"embeddable":true,"href":"https:\/\/festivalbritannique.fr\/index.php?rest_route=%2Fwp%2Fv2%2Fcomments&post=398"}],"version-history":[{"count":5,"href":"https:\/\/festivalbritannique.fr\/index.php?rest_route=\/wp\/v2\/pages\/398\/revisions"}],"predecessor-version":[{"id":756,"href":"https:\/\/festivalbritannique.fr\/index.php?rest_route=\/wp\/v2\/pages\/398\/revisions\/756"}],"up":[{"embeddable":true,"href":"https:\/\/festivalbritannique.fr\/index.php?rest_route=\/wp\/v2\/pages\/407"}],"wp:attachment":[{"href":"https:\/\/festivalbritannique.fr\/index.php?rest_route=%2Fwp%2Fv2%2Fmedia&parent=398"}],"curies":[{"name":"wp","href":"https:\/\/api.w.org\/{rel}","templated":true}]}}