{"id":400,"date":"2016-02-08T18:59:48","date_gmt":"2016-02-08T17:59:48","guid":{"rendered":"http:\/\/festivalbritannique.fr\/?page_id=400"},"modified":"2017-01-26T19:57:59","modified_gmt":"2017-01-26T18:57:59","slug":"les-suffragettes","status":"publish","type":"page","link":"https:\/\/festivalbritannique.fr\/?page_id=400","title":{"rendered":"Les Suffragettes"},"content":{"rendered":"<h3><span style=\"color: #0000ff;\"><em><span style=\"color: #000000;\">Titre original :<\/span> SUFFRAGETTE<\/em><\/span><\/h3>\n<hr \/>\n<h3><strong><span style=\"color: #ff0000;\">Samedi 12 mars \u00e0 16h15<\/span><\/strong><\/h3>\n<hr \/>\n<h5>Drame historique avec <strong>Carey Mulligan<\/strong>. 1h47.<strong><br \/>\n<\/strong><\/h5>\n<blockquote>\n<h5>Au d\u00e9but du si\u00e8cle dernier, en Angleterre, des femmes de toutes conditions d\u00e9cident de se battre pour obtenir le droit de vote. Face \u00e0 leurs revendications, les r\u00e9actions du gouvernement sont de plus en plus brutales et les obligent \u00e0 entrer dans la clandestinit\u00e9 pour une lutte de plus en plus radicale. Puisque les manifestations pacifiques n\u2019ont rien donn\u00e9, celles que l\u2019on appelle les suffragettes finissent par avoir recours \u00e0 la violence pour se faire entendre. Dans ce combat pour l\u2019\u00e9galit\u00e9, elles sont pr\u00eates \u00e0 tout risquer: leur travail, leur maison, leurs enfants, et m\u00eame leur vie. Maud est l\u2019une de ces femmes. Jeune, mari\u00e9e, m\u00e8re, elle va se jeter dans le tourbillon d\u2019une histoire que plus rien n\u2019arr\u00eatera\u2026<\/h5>\n<hr \/>\n<\/blockquote>\n<p><p>Invalid Displayed Gallery<\/p><\/p>\n<p><iframe loading=\"lazy\" title=\"Les Suffragettes - Bande-annonce officielle HD\" width=\"1170\" height=\"658\" src=\"https:\/\/www.youtube.com\/embed\/TiujqFcuxKw?feature=oembed\" frameborder=\"0\" allow=\"accelerometer; autoplay; encrypted-media; gyroscope; picture-in-picture\" allowfullscreen><\/iframe><\/p>\n<!-- AddThis Advanced Settings generic via filter on the_content --><!-- AddThis Share Buttons generic via filter on the_content -->","protected":false},"excerpt":{"rendered":"<p>Titre original : SUFFRAGETTE Samedi 12 mars \u00e0 16h15 Drame historique avec Carey Mulligan. 1h47. Au d\u00e9but du si\u00e8cle dernier, en Angleterre, des femmes de toutes conditions d\u00e9cident de se battre pour obtenir le droit de vote. Face \u00e0 leurs revendications, les r\u00e9actions du gouvernement sont de plus en plus brutales et les obligent \u00e0<\/p>\n<p><a href=\"https:\/\/festivalbritannique.fr\/?page_id=400\" class=\"more-link themebutton\">Read More<\/a><\/p>\n<p><!-- AddThis Advanced Settings generic via filter on get_the_excerpt --><!-- AddThis Share Buttons generic via filter on get_the_excerpt --><\/p>\n","protected":false},"author":2,"featured_media":0,"parent":407,"menu_order":28,"comment_status":"closed","ping_status":"closed","template":"","meta":{"ngg_post_thumbnail":0,"footnotes":""},"class_list":["post-400","page","type-page","status-publish","hentry"],"_links":{"self":[{"href":"https:\/\/festivalbritannique.fr\/index.php?rest_route=\/wp\/v2\/pages\/400","targetHints":{"allow":["GET"]}}],"collection":[{"href":"https:\/\/festivalbritannique.fr\/index.php?rest_route=\/wp\/v2\/pages"}],"about":[{"href":"https:\/\/festivalbritannique.fr\/index.php?rest_route=\/wp\/v2\/types\/page"}],"author":[{"embeddable":true,"href":"https:\/\/festivalbritannique.fr\/index.php?rest_route=\/wp\/v2\/users\/2"}],"replies":[{"embeddable":true,"href":"https:\/\/festivalbritannique.fr\/index.php?rest_route=%2Fwp%2Fv2%2Fcomments&post=400"}],"version-history":[{"count":8,"href":"https:\/\/festivalbritannique.fr\/index.php?rest_route=\/wp\/v2\/pages\/400\/revisions"}],"predecessor-version":[{"id":755,"href":"https:\/\/festivalbritannique.fr\/index.php?rest_route=\/wp\/v2\/pages\/400\/revisions\/755"}],"up":[{"embeddable":true,"href":"https:\/\/festivalbritannique.fr\/index.php?rest_route=\/wp\/v2\/pages\/407"}],"wp:attachment":[{"href":"https:\/\/festivalbritannique.fr\/index.php?rest_route=%2Fwp%2Fv2%2Fmedia&parent=400"}],"curies":[{"name":"wp","href":"https:\/\/api.w.org\/{rel}","templated":true}]}}