{"id":405,"date":"2016-02-08T19:00:52","date_gmt":"2016-02-08T18:00:52","guid":{"rendered":"http:\/\/festivalbritannique.fr\/?page_id=405"},"modified":"2017-01-26T19:57:19","modified_gmt":"2017-01-26T18:57:19","slug":"absolutely-anything","status":"publish","type":"page","link":"https:\/\/festivalbritannique.fr\/?page_id=405","title":{"rendered":"Absolutely anything"},"content":{"rendered":"<h3><em>Titre original : <span style=\"color: #0000ff;\">ABSOLUTELY ANYTHING<\/span><\/em><\/h3>\n<hr \/>\n<h3><strong><span style=\"color: #ff0000;\">Samedi 12 mars \u00e0 21h<\/span><\/strong><\/h3>\n<hr \/>\n<h5>Com\u00e9die de <strong>Terry Jones.<\/strong> 1h26.<strong><br \/>\n<\/strong><\/h5>\n<blockquote>\n<h5>Neil Clarke, un enseignant d\u00e9senchant\u00e9, amoureux de sa voisine du dessous qui sait \u00e0 peine qu&rsquo;il existe, se voit attribuer par un conseil extraterrestre le pouvoir de faire absolument tout ce qui lui passe par la t\u00eate. Neil l&rsquo;ignore mais la mani\u00e8re dont il va se servir de ce nouveau pouvoir va dicter le destin de l&rsquo;humanit\u00e9. Un seul faux pas de sa part et les extraterrestres an\u00e9antiront la plan\u00e8te Terre.<\/h5>\n<hr \/>\n<\/blockquote>\n<p><p>Invalid Displayed Gallery<\/p><\/p>\n<p>https:\/\/www.youtube.com\/watch?v=owIZdiz0jUk<\/p>\n<!-- AddThis Advanced Settings generic via filter on the_content --><!-- AddThis Share Buttons generic via filter on the_content -->","protected":false},"excerpt":{"rendered":"<p>Titre original : ABSOLUTELY ANYTHING Samedi 12 mars \u00e0 21h Com\u00e9die de Terry Jones. 1h26. Neil Clarke, un enseignant d\u00e9senchant\u00e9, amoureux de sa voisine du dessous qui sait \u00e0 peine qu&rsquo;il existe, se voit attribuer par un conseil extraterrestre le pouvoir de faire absolument tout ce qui lui passe par la t\u00eate. Neil l&rsquo;ignore mais<\/p>\n<p><a href=\"https:\/\/festivalbritannique.fr\/?page_id=405\" class=\"more-link themebutton\">Read More<\/a><\/p>\n<p><!-- AddThis Advanced Settings generic via filter on get_the_excerpt --><!-- AddThis Share Buttons generic via filter on get_the_excerpt --><\/p>\n","protected":false},"author":2,"featured_media":0,"parent":407,"menu_order":37,"comment_status":"closed","ping_status":"closed","template":"","meta":{"ngg_post_thumbnail":0,"footnotes":""},"class_list":["post-405","page","type-page","status-publish","hentry"],"_links":{"self":[{"href":"https:\/\/festivalbritannique.fr\/index.php?rest_route=\/wp\/v2\/pages\/405","targetHints":{"allow":["GET"]}}],"collection":[{"href":"https:\/\/festivalbritannique.fr\/index.php?rest_route=\/wp\/v2\/pages"}],"about":[{"href":"https:\/\/festivalbritannique.fr\/index.php?rest_route=\/wp\/v2\/types\/page"}],"author":[{"embeddable":true,"href":"https:\/\/festivalbritannique.fr\/index.php?rest_route=\/wp\/v2\/users\/2"}],"replies":[{"embeddable":true,"href":"https:\/\/festivalbritannique.fr\/index.php?rest_route=%2Fwp%2Fv2%2Fcomments&post=405"}],"version-history":[{"count":6,"href":"https:\/\/festivalbritannique.fr\/index.php?rest_route=\/wp\/v2\/pages\/405\/revisions"}],"predecessor-version":[{"id":750,"href":"https:\/\/festivalbritannique.fr\/index.php?rest_route=\/wp\/v2\/pages\/405\/revisions\/750"}],"up":[{"embeddable":true,"href":"https:\/\/festivalbritannique.fr\/index.php?rest_route=\/wp\/v2\/pages\/407"}],"wp:attachment":[{"href":"https:\/\/festivalbritannique.fr\/index.php?rest_route=%2Fwp%2Fv2%2Fmedia&parent=405"}],"curies":[{"name":"wp","href":"https:\/\/api.w.org\/{rel}","templated":true}]}}