{"id":449,"date":"2016-02-08T19:38:22","date_gmt":"2016-02-08T18:38:22","guid":{"rendered":"http:\/\/festivalbritannique.fr\/?page_id=449"},"modified":"2017-01-26T19:57:26","modified_gmt":"2017-01-26T18:57:26","slug":"wallace-et-gromit-le-mystere-du-lapin-garou","status":"publish","type":"page","link":"https:\/\/festivalbritannique.fr\/?page_id=449","title":{"rendered":"Wallace et Gromit : le myst\u00e8re du Lapin-garou"},"content":{"rendered":"<h3><em>Titre original : <span style=\"color: #0000ff;\">Wallace &amp; Gromit : the curse of the Were-rabbit<br \/>\n<\/span><\/em><\/h3>\n<hr \/>\n<h3><span style=\"color: #ff0000;\"><strong>Dimanche 13 mars \u00e0 14h30<\/strong> <em>&#8211; S\u00e9ance accompagn\u00e9e d&rsquo;un go\u00fbter<\/em><br \/>\n<\/span><\/h3>\n<hr \/>\n<h5>Film d&rsquo;animation pour tout public. 1h25.<\/h5>\n<blockquote>\n<h5>Une \u00ab\u00a0fi\u00e8vre v\u00e9g\u00e9tarienne\u00a0\u00bb intense r\u00e8gne dans la petite ville de Wallace et Gromit, et l&rsquo;ing\u00e9nieux duo a mis \u00e0 profit cet engouement en inventant un produit anti-nuisibles humain et \u00e9colo, qui \u00e9pargne la vie des lapins. L&rsquo;astuce consiste simplement \u00e0 capturer, \u00e0 la main, un maximum de ces rongeurs et \u00e0 les mettre en cage. A quelques jours du Grand Concours Annuel de L\u00e9gumes, les affaires de Wallace et Gromit n&rsquo;ont jamais \u00e9t\u00e9 aussi florissantes, et tout irait pour le mieux dans le meilleur des mondes, si un lapin-garou g\u00e9ant ne venait soudain s&rsquo;attaquer aux sacro-saints potagers de la ville. Pour faire face \u00e0 ce p\u00e9ril in\u00e9dit, l&rsquo;organisatrice du concours, Lady Tottington, se tourne vers nos deux \u00ab\u00a0sp\u00e9cialistes\u00a0\u00bb et leur demande d&rsquo;appr\u00e9hender le monstre.<\/h5>\n<hr \/>\n<\/blockquote>\n<p>\n<div class=\"ngg-galleryoverview ngg-slideshow\"\n\tid=\"ngg-slideshow-0915ad65c54f013c2f3a8341ddb87940-15857010690\"\n\tdata-gallery-id=\"0915ad65c54f013c2f3a8341ddb87940\"\n\tstyle=\"max-width: 600px;\n\t\t\tmax-height: 400px;\n\t\t\tdisplay: none;\">\n\n\t\n\t\t<a href=\"https:\/\/festivalbritannique.fr\/wp-content\/gallery\/wallace-et-gromit\/affiche.jpg\"\n\t\t\ttitle=\"\"\n\t\t\tdata-src=\"https:\/\/festivalbritannique.fr\/wp-content\/gallery\/wallace-et-gromit\/affiche.jpg\"\n\t\t\tdata-thumbnail=\"https:\/\/festivalbritannique.fr\/wp-content\/gallery\/wallace-et-gromit\/thumbs\/thumbs_affiche.jpg\"\n\t\t\tdata-image-id=\"78\"\n\t\t\tdata-title=\"affiche\"\n\t\t\tdata-description=\"\"\n\t\t\tclass=\"ngg-fancybox\" rel=\"0915ad65c54f013c2f3a8341ddb87940\">\n\n\t\t\t<img data-image-id='78'\n\t\t\t\ttitle=\"\"\n\t\t\t\talt=\"affiche\"\n\t\t\t\tsrc=\"https:\/\/festivalbritannique.fr\/wp-content\/gallery\/wallace-et-gromit\/affiche.jpg\"\n\t\t\t\tstyle=\"max-height: 380px;\"\/>\n\t\t<\/a>\n\n\t\t\n\t\t<a href=\"https:\/\/festivalbritannique.fr\/wp-content\/gallery\/wallace-et-gromit\/affiche-GB.jpg\"\n\t\t\ttitle=\"\"\n\t\t\tdata-src=\"https:\/\/festivalbritannique.fr\/wp-content\/gallery\/wallace-et-gromit\/affiche-GB.jpg\"\n\t\t\tdata-thumbnail=\"https:\/\/festivalbritannique.fr\/wp-content\/gallery\/wallace-et-gromit\/thumbs\/thumbs_affiche-GB.jpg\"\n\t\t\tdata-image-id=\"79\"\n\t\t\tdata-title=\"affiche GB\"\n\t\t\tdata-description=\"\"\n\t\t\tclass=\"ngg-fancybox\" rel=\"0915ad65c54f013c2f3a8341ddb87940\">\n\n\t\t\t<img data-image-id='79'\n\t\t\t\ttitle=\"\"\n\t\t\t\talt=\"affiche GB\"\n\t\t\t\tsrc=\"https:\/\/festivalbritannique.fr\/wp-content\/gallery\/wallace-et-gromit\/affiche-GB.jpg\"\n\t\t\t\tstyle=\"max-height: 380px;\"\/>\n\t\t<\/a>\n\n\t\t\n\t\t<a href=\"https:\/\/festivalbritannique.fr\/wp-content\/gallery\/wallace-et-gromit\/18834162.jpg\"\n\t\t\ttitle=\"Wallace et gromit : le mystere du lapin garouWallace and gromit : the curse of the were rabbitreal : Nick Park et Steve BoxCOLLECTION CHRISTOPHEL\"\n\t\t\tdata-src=\"https:\/\/festivalbritannique.fr\/wp-content\/gallery\/wallace-et-gromit\/18834162.jpg\"\n\t\t\tdata-thumbnail=\"https:\/\/festivalbritannique.fr\/wp-content\/gallery\/wallace-et-gromit\/thumbs\/thumbs_18834162.jpg\"\n\t\t\tdata-image-id=\"72\"\n\t\t\tdata-title=\"Wallace et gromit : le mystere du lapin garou\nWallace and gromit : the curse of the were rabbit\nreal : Nick Park et Steve Box\nCOLLECTION CHRISTOPHEL\"\n\t\t\tdata-description=\"Wallace et gromit : le mystere du lapin garouWallace and gromit : the curse of the were rabbitreal : Nick Park et Steve BoxCOLLECTION CHRISTOPHEL\"\n\t\t\tclass=\"ngg-fancybox\" rel=\"0915ad65c54f013c2f3a8341ddb87940\">\n\n\t\t\t<img data-image-id='72'\n\t\t\t\ttitle=\"Wallace et gromit : le mystere du lapin garouWallace and gromit : the curse of the were rabbitreal : Nick Park et Steve BoxCOLLECTION CHRISTOPHEL\"\n\t\t\t\talt=\"Wallace et gromit : le mystere du lapin garou\nWallace and gromit : the curse of the were rabbit\nreal : Nick Park et Steve Box\nCOLLECTION CHRISTOPHEL\"\n\t\t\t\tsrc=\"https:\/\/festivalbritannique.fr\/wp-content\/gallery\/wallace-et-gromit\/18834162.jpg\"\n\t\t\t\tstyle=\"max-height: 380px;\"\/>\n\t\t<\/a>\n\n\t\t\n\t\t<a href=\"https:\/\/festivalbritannique.fr\/wp-content\/gallery\/wallace-et-gromit\/18834164.jpg\"\n\t\t\ttitle=\"Wallace et gromit : le mystere du lapin garouWallace and gromit : the curse of the were rabbitreal : Nick Park et Steve BoxCOLLECTION CHRISTOPHEL\"\n\t\t\tdata-src=\"https:\/\/festivalbritannique.fr\/wp-content\/gallery\/wallace-et-gromit\/18834164.jpg\"\n\t\t\tdata-thumbnail=\"https:\/\/festivalbritannique.fr\/wp-content\/gallery\/wallace-et-gromit\/thumbs\/thumbs_18834164.jpg\"\n\t\t\tdata-image-id=\"73\"\n\t\t\tdata-title=\"Wallace et gromit : le mystere du lapin garou\nWallace and gromit : the curse of the were rabbit\nreal : Nick Park et Steve Box\nCOLLECTION CHRISTOPHEL\"\n\t\t\tdata-description=\"Wallace et gromit : le mystere du lapin garouWallace and gromit : the curse of the were rabbitreal : Nick Park et Steve BoxCOLLECTION CHRISTOPHEL\"\n\t\t\tclass=\"ngg-fancybox\" rel=\"0915ad65c54f013c2f3a8341ddb87940\">\n\n\t\t\t<img data-image-id='73'\n\t\t\t\ttitle=\"Wallace et gromit : le mystere du lapin garouWallace and gromit : the curse of the were rabbitreal : Nick Park et Steve BoxCOLLECTION CHRISTOPHEL\"\n\t\t\t\talt=\"Wallace et gromit : le mystere du lapin garou\nWallace and gromit : the curse of the were rabbit\nreal : Nick Park et Steve Box\nCOLLECTION CHRISTOPHEL\"\n\t\t\t\tsrc=\"https:\/\/festivalbritannique.fr\/wp-content\/gallery\/wallace-et-gromit\/18834164.jpg\"\n\t\t\t\tstyle=\"max-height: 380px;\"\/>\n\t\t<\/a>\n\n\t\t\n\t\t<a href=\"https:\/\/festivalbritannique.fr\/wp-content\/gallery\/wallace-et-gromit\/18834166.jpg\"\n\t\t\ttitle=\"Wallace et gromit : le mystere du lapin garouWallace and gromit : the curse of the were rabbitreal : Nick Park et Steve BoxCOLLECTION CHRISTOPHEL\"\n\t\t\tdata-src=\"https:\/\/festivalbritannique.fr\/wp-content\/gallery\/wallace-et-gromit\/18834166.jpg\"\n\t\t\tdata-thumbnail=\"https:\/\/festivalbritannique.fr\/wp-content\/gallery\/wallace-et-gromit\/thumbs\/thumbs_18834166.jpg\"\n\t\t\tdata-image-id=\"74\"\n\t\t\tdata-title=\"Wallace et gromit : le mystere du lapin garou\nWallace and gromit : the curse of the were rabbit\nreal : Nick Park et Steve Box\nCOLLECTION CHRISTOPHEL\"\n\t\t\tdata-description=\"Wallace et gromit : le mystere du lapin garouWallace and gromit : the curse of the were rabbitreal : Nick Park et Steve BoxCOLLECTION CHRISTOPHEL\"\n\t\t\tclass=\"ngg-fancybox\" rel=\"0915ad65c54f013c2f3a8341ddb87940\">\n\n\t\t\t<img data-image-id='74'\n\t\t\t\ttitle=\"Wallace et gromit : le mystere du lapin garouWallace and gromit : the curse of the were rabbitreal : Nick Park et Steve BoxCOLLECTION CHRISTOPHEL\"\n\t\t\t\talt=\"Wallace et gromit : le mystere du lapin garou\nWallace and gromit : the curse of the were rabbit\nreal : Nick Park et Steve Box\nCOLLECTION CHRISTOPHEL\"\n\t\t\t\tsrc=\"https:\/\/festivalbritannique.fr\/wp-content\/gallery\/wallace-et-gromit\/18834166.jpg\"\n\t\t\t\tstyle=\"max-height: 380px;\"\/>\n\t\t<\/a>\n\n\t\t\n\t\t<a href=\"https:\/\/festivalbritannique.fr\/wp-content\/gallery\/wallace-et-gromit\/18834168.jpg\"\n\t\t\ttitle=\"Wallace et gromit : le mystere du lapin garouWallace and gromit : the curse of the were rabbitreal : Nick Park et Steve BoxCOLLECTION CHRISTOPHEL\"\n\t\t\tdata-src=\"https:\/\/festivalbritannique.fr\/wp-content\/gallery\/wallace-et-gromit\/18834168.jpg\"\n\t\t\tdata-thumbnail=\"https:\/\/festivalbritannique.fr\/wp-content\/gallery\/wallace-et-gromit\/thumbs\/thumbs_18834168.jpg\"\n\t\t\tdata-image-id=\"75\"\n\t\t\tdata-title=\"Wallace et gromit : le mystere du lapin garou\nWallace and gromit : the curse of the were rabbit\nreal : Nick Park et Steve Box\nCOLLECTION CHRISTOPHEL\"\n\t\t\tdata-description=\"Wallace et gromit : le mystere du lapin garouWallace and gromit : the curse of the were rabbitreal : Nick Park et Steve BoxCOLLECTION CHRISTOPHEL\"\n\t\t\tclass=\"ngg-fancybox\" rel=\"0915ad65c54f013c2f3a8341ddb87940\">\n\n\t\t\t<img data-image-id='75'\n\t\t\t\ttitle=\"Wallace et gromit : le mystere du lapin garouWallace and gromit : the curse of the were rabbitreal : Nick Park et Steve BoxCOLLECTION CHRISTOPHEL\"\n\t\t\t\talt=\"Wallace et gromit : le mystere du lapin garou\nWallace and gromit : the curse of the were rabbit\nreal : Nick Park et Steve Box\nCOLLECTION CHRISTOPHEL\"\n\t\t\t\tsrc=\"https:\/\/festivalbritannique.fr\/wp-content\/gallery\/wallace-et-gromit\/18834168.jpg\"\n\t\t\t\tstyle=\"max-height: 380px;\"\/>\n\t\t<\/a>\n\n\t\t\n\t\t<a href=\"https:\/\/festivalbritannique.fr\/wp-content\/gallery\/wallace-et-gromit\/18834169.jpg\"\n\t\t\ttitle=\"Wallace et gromit : le mystere du lapin garouWallace and gromit : the curse of the were rabbitreal : Nick Park et Steve BoxCOLLECTION CHRISTOPHEL\"\n\t\t\tdata-src=\"https:\/\/festivalbritannique.fr\/wp-content\/gallery\/wallace-et-gromit\/18834169.jpg\"\n\t\t\tdata-thumbnail=\"https:\/\/festivalbritannique.fr\/wp-content\/gallery\/wallace-et-gromit\/thumbs\/thumbs_18834169.jpg\"\n\t\t\tdata-image-id=\"76\"\n\t\t\tdata-title=\"Wallace et gromit : le mystere du lapin garou\nWallace and gromit : the curse of the were rabbit\nreal : Nick Park et Steve Box\nCOLLECTION CHRISTOPHEL\"\n\t\t\tdata-description=\"Wallace et gromit : le mystere du lapin garouWallace and gromit : the curse of the were rabbitreal : Nick Park et Steve BoxCOLLECTION CHRISTOPHEL\"\n\t\t\tclass=\"ngg-fancybox\" rel=\"0915ad65c54f013c2f3a8341ddb87940\">\n\n\t\t\t<img data-image-id='76'\n\t\t\t\ttitle=\"Wallace et gromit : le mystere du lapin garouWallace and gromit : the curse of the were rabbitreal : Nick Park et Steve BoxCOLLECTION CHRISTOPHEL\"\n\t\t\t\talt=\"Wallace et gromit : le mystere du lapin garou\nWallace and gromit : the curse of the were rabbit\nreal : Nick Park et Steve Box\nCOLLECTION CHRISTOPHEL\"\n\t\t\t\tsrc=\"https:\/\/festivalbritannique.fr\/wp-content\/gallery\/wallace-et-gromit\/18834169.jpg\"\n\t\t\t\tstyle=\"max-height: 380px;\"\/>\n\t\t<\/a>\n\n\t\t\n\t\t<a href=\"https:\/\/festivalbritannique.fr\/wp-content\/gallery\/wallace-et-gromit\/18834171.jpg\"\n\t\t\ttitle=\"Wallace et gromit : le mystere du lapin garouWallace and gromit : the curse of the were rabbitreal : Nick Park et Steve BoxCOLLECTION CHRISTOPHEL\"\n\t\t\tdata-src=\"https:\/\/festivalbritannique.fr\/wp-content\/gallery\/wallace-et-gromit\/18834171.jpg\"\n\t\t\tdata-thumbnail=\"https:\/\/festivalbritannique.fr\/wp-content\/gallery\/wallace-et-gromit\/thumbs\/thumbs_18834171.jpg\"\n\t\t\tdata-image-id=\"77\"\n\t\t\tdata-title=\"Wallace et gromit : le mystere du lapin garou\nWallace and gromit : the curse of the were rabbit\nreal : Nick Park et Steve Box\nCOLLECTION CHRISTOPHEL\"\n\t\t\tdata-description=\"Wallace et gromit : le mystere du lapin garouWallace and gromit : the curse of the were rabbitreal : Nick Park et Steve BoxCOLLECTION CHRISTOPHEL\"\n\t\t\tclass=\"ngg-fancybox\" rel=\"0915ad65c54f013c2f3a8341ddb87940\">\n\n\t\t\t<img data-image-id='77'\n\t\t\t\ttitle=\"Wallace et gromit : le mystere du lapin garouWallace and gromit : the curse of the were rabbitreal : Nick Park et Steve BoxCOLLECTION CHRISTOPHEL\"\n\t\t\t\talt=\"Wallace et gromit : le mystere du lapin garou\nWallace and gromit : the curse of the were rabbit\nreal : Nick Park et Steve Box\nCOLLECTION CHRISTOPHEL\"\n\t\t\t\tsrc=\"https:\/\/festivalbritannique.fr\/wp-content\/gallery\/wallace-et-gromit\/18834171.jpg\"\n\t\t\t\tstyle=\"max-height: 380px;\"\/>\n\t\t<\/a>\n\n\t\t<\/div>\n\n\n<\/p>\n<p><iframe loading=\"lazy\" title=\"Wallace &amp; Gromit, le Myst\u00e9re du Lapin-Garou - Bande Annonce\" width=\"1170\" height=\"658\" src=\"https:\/\/www.youtube.com\/embed\/tHKA9U8zF7A?feature=oembed\" frameborder=\"0\" allow=\"accelerometer; autoplay; encrypted-media; gyroscope; picture-in-picture\" allowfullscreen><\/iframe><\/p>\n<p class=\"wpview-selection-before\" style=\"text-align: center;\">\n<!-- AddThis Advanced Settings generic via filter on the_content --><!-- AddThis Share Buttons generic via filter on the_content -->","protected":false},"excerpt":{"rendered":"<p>Titre original : Wallace &amp; Gromit : the curse of the Were-rabbit Dimanche 13 mars \u00e0 14h30 &#8211; S\u00e9ance accompagn\u00e9e d&rsquo;un go\u00fbter Film d&rsquo;animation pour tout public. 1h25. Une \u00ab\u00a0fi\u00e8vre v\u00e9g\u00e9tarienne\u00a0\u00bb intense r\u00e8gne dans la petite ville de Wallace et Gromit, et l&rsquo;ing\u00e9nieux duo a mis \u00e0 profit cet engouement en inventant un produit anti-nuisibles<\/p>\n<p><a href=\"https:\/\/festivalbritannique.fr\/?page_id=449\" class=\"more-link themebutton\">Read More<\/a><\/p>\n<p><!-- AddThis Advanced Settings generic via filter on get_the_excerpt --><!-- AddThis Share Buttons generic via filter on get_the_excerpt --><\/p>\n","protected":false},"author":2,"featured_media":0,"parent":407,"menu_order":39,"comment_status":"closed","ping_status":"closed","template":"","meta":{"ngg_post_thumbnail":0,"footnotes":""},"class_list":["post-449","page","type-page","status-publish","hentry"],"_links":{"self":[{"href":"https:\/\/festivalbritannique.fr\/index.php?rest_route=\/wp\/v2\/pages\/449","targetHints":{"allow":["GET"]}}],"collection":[{"href":"https:\/\/festivalbritannique.fr\/index.php?rest_route=\/wp\/v2\/pages"}],"about":[{"href":"https:\/\/festivalbritannique.fr\/index.php?rest_route=\/wp\/v2\/types\/page"}],"author":[{"embeddable":true,"href":"https:\/\/festivalbritannique.fr\/index.php?rest_route=\/wp\/v2\/users\/2"}],"replies":[{"embeddable":true,"href":"https:\/\/festivalbritannique.fr\/index.php?rest_route=%2Fwp%2Fv2%2Fcomments&post=449"}],"version-history":[{"count":9,"href":"https:\/\/festivalbritannique.fr\/index.php?rest_route=\/wp\/v2\/pages\/449\/revisions"}],"predecessor-version":[{"id":751,"href":"https:\/\/festivalbritannique.fr\/index.php?rest_route=\/wp\/v2\/pages\/449\/revisions\/751"}],"up":[{"embeddable":true,"href":"https:\/\/festivalbritannique.fr\/index.php?rest_route=\/wp\/v2\/pages\/407"}],"wp:attachment":[{"href":"https:\/\/festivalbritannique.fr\/index.php?rest_route=%2Fwp%2Fv2%2Fmedia&parent=449"}],"curies":[{"name":"wp","href":"https:\/\/api.w.org\/{rel}","templated":true}]}}