{"id":488,"date":"2016-02-08T20:01:14","date_gmt":"2016-02-08T19:01:14","guid":{"rendered":"http:\/\/festivalbritannique.fr\/?page_id=488"},"modified":"2026-03-04T21:02:41","modified_gmt":"2026-03-04T20:02:41","slug":"infos-pratiques","status":"publish","type":"page","link":"https:\/\/festivalbritannique.fr\/?page_id=488","title":{"rendered":"Acc\u00e8s, tarifs, contacts"},"content":{"rendered":"<hr>\n<p style=\"text-align: center;\"><span style=\"text-decoration: underline;\">Lieu du festival :<\/span><br \/>\n<strong>CINEMA VEO CASTELNAUDARY<\/strong><br \/>\n<strong>31 boulevard Lapasset<\/strong><br \/>\n<strong>11400 CASTELNAUDARY<\/strong><\/p>\n<p><img loading=\"lazy\" decoding=\"async\" class=\"aligncenter wp-image-1499 size-medium\" src=\"http:\/\/festivalbritannique.fr\/wp-content\/uploads\/2020\/02\/P1070769-300x169.jpg\" alt=\"\" width=\"300\" height=\"169\" srcset=\"https:\/\/festivalbritannique.fr\/wp-content\/uploads\/2020\/02\/P1070769-300x169.jpg 300w, https:\/\/festivalbritannique.fr\/wp-content\/uploads\/2020\/02\/P1070769-1024x576.jpg 1024w, https:\/\/festivalbritannique.fr\/wp-content\/uploads\/2020\/02\/P1070769-768x432.jpg 768w, https:\/\/festivalbritannique.fr\/wp-content\/uploads\/2020\/02\/P1070769-1536x864.jpg 1536w, https:\/\/festivalbritannique.fr\/wp-content\/uploads\/2020\/02\/P1070769-2048x1152.jpg 2048w\" sizes=\"auto, (max-width: 300px) 100vw, 300px\" \/><\/p>\n<p style=\"text-align: center;\">&nbsp;<\/p>\n<hr>\n<p style=\"text-align: center;\"><span style=\"text-decoration: underline;\">Contacts : <\/span><br \/>\n<strong>contact.castelnaudary@veocinemas.fr<\/strong><br \/>\n<strong>09.71.56.90.98<\/strong><\/p>\n<p style=\"text-align: center;\"><a href=\"https:\/\/festivalbritannique.files.wordpress.com\/2014\/10\/contact-us-ep1.jpg\"><img loading=\"lazy\" decoding=\"async\" class=\"alignnone wp-image-148\" src=\"https:\/\/festivalbritannique.files.wordpress.com\/2014\/10\/contact-us-ep1.jpg?w=300\" alt=\"Contact-Us-EP[1]\" width=\"152\" height=\"152\"><\/a><\/p>\n<hr>\n<p style=\"text-align: center;\"><span style=\"text-decoration: underline;\">Tarifs :<\/span><br \/>\n<strong>R\u00e9duit \u00e0 6\u20ac50 pour tous<\/strong><br \/>\n<strong>5\u20ac pour les &#8211; de 16 ans<br \/>\n3,50\u20ac par \u00e9l\u00e8ves pour les s\u00e9ances scolaires<br \/>\n<\/strong><\/p>\n<p style=\"text-align: center;\"><a href=\"https:\/\/festivalbritannique.files.wordpress.com\/2014\/10\/autopromo-cinema-289px214px1.jpg\"><img loading=\"lazy\" decoding=\"async\" class=\"alignnone wp-image-151\" src=\"https:\/\/festivalbritannique.files.wordpress.com\/2014\/10\/autopromo-cinema-289px214px1.jpg\" alt=\"autopromo-cinema-289px214px[1]\" width=\"163\" height=\"121\"><\/a><\/p>\n<hr>\n<!-- AddThis Advanced Settings generic via filter on the_content --><!-- AddThis Share Buttons generic via filter on the_content -->","protected":false},"excerpt":{"rendered":"<p>Lieu du festival : CINEMA VEO CASTELNAUDARY 31 boulevard Lapasset 11400 CASTELNAUDARY &nbsp; Contacts : contact.castelnaudary@veocinemas.fr 09.71.56.90.98 Tarifs : R\u00e9duit \u00e0 6\u20ac50 pour tous 5\u20ac pour les &#8211; de 16 ans 3,50\u20ac par \u00e9l\u00e8ves pour les s\u00e9ances scolaires<!-- AddThis Advanced Settings generic via filter on get_the_excerpt --><!-- AddThis Share Buttons generic via filter on get_the_excerpt --><\/p>\n","protected":false},"author":2,"featured_media":0,"parent":526,"menu_order":0,"comment_status":"closed","ping_status":"closed","template":"","meta":{"ngg_post_thumbnail":0,"footnotes":""},"class_list":["post-488","page","type-page","status-publish","hentry"],"_links":{"self":[{"href":"https:\/\/festivalbritannique.fr\/index.php?rest_route=\/wp\/v2\/pages\/488","targetHints":{"allow":["GET"]}}],"collection":[{"href":"https:\/\/festivalbritannique.fr\/index.php?rest_route=\/wp\/v2\/pages"}],"about":[{"href":"https:\/\/festivalbritannique.fr\/index.php?rest_route=\/wp\/v2\/types\/page"}],"author":[{"embeddable":true,"href":"https:\/\/festivalbritannique.fr\/index.php?rest_route=\/wp\/v2\/users\/2"}],"replies":[{"embeddable":true,"href":"https:\/\/festivalbritannique.fr\/index.php?rest_route=%2Fwp%2Fv2%2Fcomments&post=488"}],"version-history":[{"count":13,"href":"https:\/\/festivalbritannique.fr\/index.php?rest_route=\/wp\/v2\/pages\/488\/revisions"}],"predecessor-version":[{"id":2312,"href":"https:\/\/festivalbritannique.fr\/index.php?rest_route=\/wp\/v2\/pages\/488\/revisions\/2312"}],"up":[{"embeddable":true,"href":"https:\/\/festivalbritannique.fr\/index.php?rest_route=\/wp\/v2\/pages\/526"}],"wp:attachment":[{"href":"https:\/\/festivalbritannique.fr\/index.php?rest_route=%2Fwp%2Fv2%2Fmedia&parent=488"}],"curies":[{"name":"wp","href":"https:\/\/api.w.org\/{rel}","templated":true}]}}