{"id":490,"date":"2016-02-08T20:02:07","date_gmt":"2016-02-08T19:02:07","guid":{"rendered":"http:\/\/festivalbritannique.fr\/?page_id=490"},"modified":"2026-02-18T09:44:46","modified_gmt":"2026-02-18T08:44:46","slug":"restauration-sur-place","status":"publish","type":"page","link":"https:\/\/festivalbritannique.fr\/?page_id=490","title":{"rendered":"Restauration sur place"},"content":{"rendered":"<h2 style=\"text-align: center;\"><span style=\"color: #000080;\"><a href=\"https:\/\/fishchips.fr\/\" target=\"_blank\" rel=\"home noopener\"><span style=\"color: #993300;\">Chef Paul&rsquo;s Fish &amp; Chips<\/span><\/a><\/span><\/h2>\n<p style=\"text-align: center;\"><span style=\"color: #800000;\"><a style=\"color: #800000;\" href=\"https:\/\/fishchips.fr\/\" target=\"_blank\" rel=\"noopener noreferrer\">fishchips.fr<\/a><\/span><\/p>\n<p style=\"text-align: center;\"><strong>Chef Paul&rsquo;s Fish &amp; Chips sera pr\u00e9sent pendant la dur\u00e9e du festival,<br \/>\ntous les soirs \u00e0 partir de 18h.<br \/>\n<\/strong><\/p>\n<p style=\"text-align: center;\"><em>Pensez \u00e0 r\u00e9server votre repas \u00e0 l&rsquo;adresse suivante : <span style=\"color: #800000;\"><a class=\"o365button ms-font-m\" style=\"color: #800000;\" role=\"link\"><span class=\"_rpc_41 ms-font-s allowTextSelection _rpc_l1 ms-font-color-themePrimary _rpc_p1\">fishchips@orange.fr<\/span><\/a><\/span><\/em><\/p>\n<p>&nbsp;<\/p>\n\n\t\t<style type=\"text\/css\">\n\t\t\t#gallery-1 {\n\t\t\t\tmargin: auto;\n\t\t\t}\n\t\t\t#gallery-1 .gallery-item {\n\t\t\t\tfloat: left;\n\t\t\t\tmargin-top: 10px;\n\t\t\t\ttext-align: center;\n\t\t\t\twidth: 100%;\n\t\t\t}\n\t\t\t#gallery-1 img {\n\t\t\t\tborder: 2px solid #cfcfcf;\n\t\t\t}\n\t\t\t#gallery-1 .gallery-caption {\n\t\t\t\tmargin-left: 0;\n\t\t\t}\n\t\t\t\/* see gallery_shortcode() in wp-includes\/media.php *\/\n\t\t<\/style>\n\t\t<div id='gallery-1' class='gallery galleryid-490 gallery-columns-1 gallery-size-medium'><dl class='gallery-item'>\n\t\t\t<dt class='gallery-icon landscape'>\n\t\t\t\t<img loading=\"lazy\" decoding=\"async\" width=\"300\" height=\"225\" src=\"https:\/\/festivalbritannique.fr\/wp-content\/uploads\/2023\/02\/s-l1600-2-300x225.jpg\" class=\"attachment-medium size-medium\" alt=\"\" srcset=\"https:\/\/festivalbritannique.fr\/wp-content\/uploads\/2023\/02\/s-l1600-2-300x225.jpg 300w, https:\/\/festivalbritannique.fr\/wp-content\/uploads\/2023\/02\/s-l1600-2-1024x768.jpg 1024w, https:\/\/festivalbritannique.fr\/wp-content\/uploads\/2023\/02\/s-l1600-2-768x576.jpg 768w, https:\/\/festivalbritannique.fr\/wp-content\/uploads\/2023\/02\/s-l1600-2-1536x1153.jpg 1536w, https:\/\/festivalbritannique.fr\/wp-content\/uploads\/2023\/02\/s-l1600-2.jpg 1599w\" sizes=\"auto, (max-width: 300px) 100vw, 300px\" \/>\n\t\t\t<\/dt><\/dl><br style=\"clear: both\" \/>\n\t\t<\/div>\n\n<!-- AddThis Advanced Settings generic via filter on the_content --><!-- AddThis Share Buttons generic via filter on the_content -->","protected":false},"excerpt":{"rendered":"<p>Chef Paul&rsquo;s Fish &amp; Chips fishchips.fr Chef Paul&rsquo;s Fish &amp; Chips sera pr\u00e9sent pendant la dur\u00e9e du festival, tous les soirs \u00e0 partir de 18h. Pensez \u00e0 r\u00e9server votre repas \u00e0 l&rsquo;adresse suivante : fishchips@orange.fr &nbsp;<!-- AddThis Advanced Settings generic via filter on get_the_excerpt --><!-- AddThis Share Buttons generic via filter on get_the_excerpt --><\/p>\n","protected":false},"author":2,"featured_media":0,"parent":526,"menu_order":0,"comment_status":"closed","ping_status":"closed","template":"","meta":{"ngg_post_thumbnail":0,"footnotes":""},"class_list":["post-490","page","type-page","status-publish","hentry"],"_links":{"self":[{"href":"https:\/\/festivalbritannique.fr\/index.php?rest_route=\/wp\/v2\/pages\/490","targetHints":{"allow":["GET"]}}],"collection":[{"href":"https:\/\/festivalbritannique.fr\/index.php?rest_route=\/wp\/v2\/pages"}],"about":[{"href":"https:\/\/festivalbritannique.fr\/index.php?rest_route=\/wp\/v2\/types\/page"}],"author":[{"embeddable":true,"href":"https:\/\/festivalbritannique.fr\/index.php?rest_route=\/wp\/v2\/users\/2"}],"replies":[{"embeddable":true,"href":"https:\/\/festivalbritannique.fr\/index.php?rest_route=%2Fwp%2Fv2%2Fcomments&post=490"}],"version-history":[{"count":27,"href":"https:\/\/festivalbritannique.fr\/index.php?rest_route=\/wp\/v2\/pages\/490\/revisions"}],"predecessor-version":[{"id":2199,"href":"https:\/\/festivalbritannique.fr\/index.php?rest_route=\/wp\/v2\/pages\/490\/revisions\/2199"}],"up":[{"embeddable":true,"href":"https:\/\/festivalbritannique.fr\/index.php?rest_route=\/wp\/v2\/pages\/526"}],"wp:attachment":[{"href":"https:\/\/festivalbritannique.fr\/index.php?rest_route=%2Fwp%2Fv2%2Fmedia&parent=490"}],"curies":[{"name":"wp","href":"https:\/\/api.w.org\/{rel}","templated":true}]}}