{"id":518,"date":"2016-02-08T20:44:34","date_gmt":"2016-02-08T19:44:34","guid":{"rendered":"http:\/\/festivalbritannique.fr\/?page_id=518"},"modified":"2020-02-09T12:16:46","modified_gmt":"2020-02-09T11:16:46","slug":"tea-time","status":"publish","type":"page","link":"https:\/\/festivalbritannique.fr\/?page_id=518","title":{"rendered":"Tea time"},"content":{"rendered":"<p style=\"text-align: center;\"><span style=\"color: #ffffff;\">.<\/span><\/p>\n<p style=\"text-align: center;\"><span style=\"color: #ffffff;\">.<\/span>Prenez le temps d&rsquo;une d\u00e9gustation de th\u00e9s et p\u00e2tisseries britannique entre deux s\u00e9ances.<\/p>\n<p style=\"text-align: center;\">Pendant la dur\u00e9e du festival, dans le hall du cin\u00e9ma vous trouverez divers <strong>th\u00e9s et g\u00e2teaux<\/strong> &#8230;<\/p>\n<p style=\"text-align: center;\">Pour r\u00e9galer aussi vos papilles &#8230;. Dans un espace d\u00e9tente am\u00e9nag\u00e9 pour l&rsquo;occasion, avec lectures et musiques tr\u00e8s &#8230; british !<\/p>\n<p style=\"text-align: center;\"><a href=\"https:\/\/festivalbritannique.files.wordpress.com\/2015\/03\/kusmi_v_-_recadr_1.jpg\"><img loading=\"lazy\" decoding=\"async\" class=\"alignnone wp-image-289\" src=\"https:\/\/festivalbritannique.files.wordpress.com\/2015\/03\/kusmi_v_-_recadr_1.jpg?w=300\" alt=\"Kusmi_V_-_recadr_[1]\" width=\"382\" height=\"159\"><\/a><\/p>\n\n\t\t<style type=\"text\/css\">\n\t\t\t#gallery-1 {\n\t\t\t\tmargin: auto;\n\t\t\t}\n\t\t\t#gallery-1 .gallery-item {\n\t\t\t\tfloat: left;\n\t\t\t\tmargin-top: 10px;\n\t\t\t\ttext-align: center;\n\t\t\t\twidth: 33%;\n\t\t\t}\n\t\t\t#gallery-1 img {\n\t\t\t\tborder: 2px solid #cfcfcf;\n\t\t\t}\n\t\t\t#gallery-1 .gallery-caption {\n\t\t\t\tmargin-left: 0;\n\t\t\t}\n\t\t\t\/* see gallery_shortcode() in wp-includes\/media.php *\/\n\t\t<\/style>\n\t\t<div id='gallery-1' class='gallery galleryid-518 gallery-columns-3 gallery-size-thumbnail'><dl class='gallery-item'>\n\t\t\t<dt class='gallery-icon landscape'>\n\t\t\t\t<img loading=\"lazy\" decoding=\"async\" width=\"150\" height=\"150\" src=\"https:\/\/festivalbritannique.fr\/wp-content\/uploads\/2016\/02\/front_fr.16.4001-150x150.jpg\" class=\"attachment-thumbnail size-thumbnail\" alt=\"\" \/>\n\t\t\t<\/dt><\/dl><dl class='gallery-item'>\n\t\t\t<dt class='gallery-icon landscape'>\n\t\t\t\t<img loading=\"lazy\" decoding=\"async\" width=\"150\" height=\"150\" src=\"https:\/\/festivalbritannique.fr\/wp-content\/uploads\/2016\/02\/32943_w420h344c1cx1574cy23621-150x150.jpg\" class=\"attachment-thumbnail size-thumbnail\" alt=\"\" srcset=\"https:\/\/festivalbritannique.fr\/wp-content\/uploads\/2016\/02\/32943_w420h344c1cx1574cy23621-150x150.jpg 150w, https:\/\/festivalbritannique.fr\/wp-content\/uploads\/2016\/02\/32943_w420h344c1cx1574cy23621-320x320.jpg 320w, https:\/\/festivalbritannique.fr\/wp-content\/uploads\/2016\/02\/32943_w420h344c1cx1574cy23621-240x240.jpg 240w\" sizes=\"auto, (max-width: 150px) 100vw, 150px\" \/>\n\t\t\t<\/dt><\/dl><dl class='gallery-item'>\n\t\t\t<dt class='gallery-icon landscape'>\n\t\t\t\t<img loading=\"lazy\" decoding=\"async\" width=\"150\" height=\"150\" src=\"https:\/\/festivalbritannique.fr\/wp-content\/uploads\/2016\/02\/4c7eb677-99c1-4498-b0f1-fe82376d5df5-150x150.jpeg\" class=\"attachment-thumbnail size-thumbnail\" alt=\"\" srcset=\"https:\/\/festivalbritannique.fr\/wp-content\/uploads\/2016\/02\/4c7eb677-99c1-4498-b0f1-fe82376d5df5-150x150.jpeg 150w, https:\/\/festivalbritannique.fr\/wp-content\/uploads\/2016\/02\/4c7eb677-99c1-4498-b0f1-fe82376d5df5-320x320.jpeg 320w, https:\/\/festivalbritannique.fr\/wp-content\/uploads\/2016\/02\/4c7eb677-99c1-4498-b0f1-fe82376d5df5-240x240.jpeg 240w\" sizes=\"auto, (max-width: 150px) 100vw, 150px\" \/>\n\t\t\t<\/dt><\/dl><br style=\"clear: both\" \/>\n\t\t<\/div>\n\n<!-- AddThis Advanced Settings generic via filter on the_content --><!-- AddThis Share Buttons generic via filter on the_content -->","protected":false},"excerpt":{"rendered":"<p>. .Prenez le temps d&rsquo;une d\u00e9gustation de th\u00e9s et p\u00e2tisseries britannique entre deux s\u00e9ances. Pendant la dur\u00e9e du festival, dans le hall du cin\u00e9ma vous trouverez divers th\u00e9s et g\u00e2teaux &#8230; Pour r\u00e9galer aussi vos papilles &#8230;. Dans un espace d\u00e9tente am\u00e9nag\u00e9 pour l&rsquo;occasion, avec lectures et musiques tr\u00e8s &#8230; british !<!-- AddThis Advanced Settings generic via filter on get_the_excerpt --><!-- AddThis Share Buttons generic via filter on get_the_excerpt --><\/p>\n","protected":false},"author":2,"featured_media":0,"parent":526,"menu_order":0,"comment_status":"closed","ping_status":"closed","template":"","meta":{"ngg_post_thumbnail":0,"footnotes":""},"class_list":["post-518","page","type-page","status-publish","hentry"],"_links":{"self":[{"href":"https:\/\/festivalbritannique.fr\/index.php?rest_route=\/wp\/v2\/pages\/518","targetHints":{"allow":["GET"]}}],"collection":[{"href":"https:\/\/festivalbritannique.fr\/index.php?rest_route=\/wp\/v2\/pages"}],"about":[{"href":"https:\/\/festivalbritannique.fr\/index.php?rest_route=\/wp\/v2\/types\/page"}],"author":[{"embeddable":true,"href":"https:\/\/festivalbritannique.fr\/index.php?rest_route=\/wp\/v2\/users\/2"}],"replies":[{"embeddable":true,"href":"https:\/\/festivalbritannique.fr\/index.php?rest_route=%2Fwp%2Fv2%2Fcomments&post=518"}],"version-history":[{"count":8,"href":"https:\/\/festivalbritannique.fr\/index.php?rest_route=\/wp\/v2\/pages\/518\/revisions"}],"predecessor-version":[{"id":1497,"href":"https:\/\/festivalbritannique.fr\/index.php?rest_route=\/wp\/v2\/pages\/518\/revisions\/1497"}],"up":[{"embeddable":true,"href":"https:\/\/festivalbritannique.fr\/index.php?rest_route=\/wp\/v2\/pages\/526"}],"wp:attachment":[{"href":"https:\/\/festivalbritannique.fr\/index.php?rest_route=%2Fwp%2Fv2%2Fmedia&parent=518"}],"curies":[{"name":"wp","href":"https:\/\/api.w.org\/{rel}","templated":true}]}}