{"id":586,"date":"2016-02-21T14:52:14","date_gmt":"2016-02-21T13:52:14","guid":{"rendered":"http:\/\/festivalbritannique.fr\/?page_id=586"},"modified":"2017-01-26T19:55:52","modified_gmt":"2017-01-26T18:55:52","slug":"eddie-the-eagle","status":"publish","type":"page","link":"https:\/\/festivalbritannique.fr\/?page_id=586","title":{"rendered":"Eddie the Eagle"},"content":{"rendered":"<h3><em>Titre original : <span style=\"color: #0000ff;\">EDDIE THE EAGLE<br \/>\n<\/span><\/em><\/h3>\n<hr \/>\n<h3><span style=\"color: #ff0000;\"><strong>Vendredi 11 mars \u00e0 20h30 <\/strong><em>&#8211; film en Avant-premi\u00e8re<\/em><br \/>\n<\/span><\/h3>\n<hr \/>\n<h5>Biopic \u00ab\u00a0Feel good movie\u00a0\u00bb. 1h45<\/h5>\n<blockquote>\n<h5>Michael \u00ab Eddie \u00bb Edwards a toujours eu un seul r\u00eave, participer aux Jeux Olympiques. Le probl\u00e8me, c\u2019est qu\u2019il n\u2019a jamais r\u00e9ussi \u00e0 briller dans aucun sport. Touch\u00e9 par la pers\u00e9v\u00e9rance d\u2019Eddie, un ancien champion am\u00e9ricain va devenir son coach afin de l\u2019aider \u00e0 prendre part aux J.O. d\u2019Hiver de Calgary dans la discipline dangereuse du saut \u00e0 ski. L\u2019histoire vraie de cet anti-h\u00e9ros qui n\u2019a jamais cess\u00e9 de croire en lui-m\u00eame quand la Grande Bretagne toute enti\u00e8re n\u2019y croyait pas.<\/h5>\n<hr \/>\n<\/blockquote>\n<p class=\"wpview-selection-after\" style=\"text-align: center;\">\n<div class=\"ngg-galleryoverview ngg-slideshow\"\n\tid=\"ngg-slideshow-a2c3359ffe197c3098e38d033ece3b53-13182763290\"\n\tdata-gallery-id=\"a2c3359ffe197c3098e38d033ece3b53\"\n\tstyle=\"max-width: 600px;\n\t\t\tmax-height: 400px;\n\t\t\tdisplay: none;\">\n\n\t\n\t\t<a href=\"https:\/\/festivalbritannique.fr\/wp-content\/gallery\/eddie\/148667.jpg\"\n\t\t\ttitle=\"\"\n\t\t\tdata-src=\"https:\/\/festivalbritannique.fr\/wp-content\/gallery\/eddie\/148667.jpg\"\n\t\t\tdata-thumbnail=\"https:\/\/festivalbritannique.fr\/wp-content\/gallery\/eddie\/thumbs\/thumbs_148667.jpg\"\n\t\t\tdata-image-id=\"98\"\n\t\t\tdata-title=\"148667\"\n\t\t\tdata-description=\"\"\n\t\t\tclass=\"ngg-fancybox\" rel=\"a2c3359ffe197c3098e38d033ece3b53\">\n\n\t\t\t<img data-image-id='98'\n\t\t\t\ttitle=\"\"\n\t\t\t\talt=\"148667\"\n\t\t\t\tsrc=\"https:\/\/festivalbritannique.fr\/wp-content\/gallery\/eddie\/148667.jpg\"\n\t\t\t\tstyle=\"max-height: 380px;\"\/>\n\t\t<\/a>\n\n\t\t\n\t\t<a href=\"https:\/\/festivalbritannique.fr\/wp-content\/gallery\/eddie\/113315.jpg\"\n\t\t\ttitle=\"\"\n\t\t\tdata-src=\"https:\/\/festivalbritannique.fr\/wp-content\/gallery\/eddie\/113315.jpg\"\n\t\t\tdata-thumbnail=\"https:\/\/festivalbritannique.fr\/wp-content\/gallery\/eddie\/thumbs\/thumbs_113315.jpg\"\n\t\t\tdata-image-id=\"96\"\n\t\t\tdata-title=\"113315\"\n\t\t\tdata-description=\"\"\n\t\t\tclass=\"ngg-fancybox\" rel=\"a2c3359ffe197c3098e38d033ece3b53\">\n\n\t\t\t<img data-image-id='96'\n\t\t\t\ttitle=\"\"\n\t\t\t\talt=\"113315\"\n\t\t\t\tsrc=\"https:\/\/festivalbritannique.fr\/wp-content\/gallery\/eddie\/113315.jpg\"\n\t\t\t\tstyle=\"max-height: 380px;\"\/>\n\t\t<\/a>\n\n\t\t\n\t\t<a href=\"https:\/\/festivalbritannique.fr\/wp-content\/gallery\/eddie\/522324.jpg\"\n\t\t\ttitle=\"\"\n\t\t\tdata-src=\"https:\/\/festivalbritannique.fr\/wp-content\/gallery\/eddie\/522324.jpg\"\n\t\t\tdata-thumbnail=\"https:\/\/festivalbritannique.fr\/wp-content\/gallery\/eddie\/thumbs\/thumbs_522324.jpg\"\n\t\t\tdata-image-id=\"95\"\n\t\t\tdata-title=\"522324\"\n\t\t\tdata-description=\"\"\n\t\t\tclass=\"ngg-fancybox\" rel=\"a2c3359ffe197c3098e38d033ece3b53\">\n\n\t\t\t<img data-image-id='95'\n\t\t\t\ttitle=\"\"\n\t\t\t\talt=\"522324\"\n\t\t\t\tsrc=\"https:\/\/festivalbritannique.fr\/wp-content\/gallery\/eddie\/522324.jpg\"\n\t\t\t\tstyle=\"max-height: 380px;\"\/>\n\t\t<\/a>\n\n\t\t\n\t\t<a href=\"https:\/\/festivalbritannique.fr\/wp-content\/gallery\/eddie\/114477.jpg\"\n\t\t\ttitle=\"\"\n\t\t\tdata-src=\"https:\/\/festivalbritannique.fr\/wp-content\/gallery\/eddie\/114477.jpg\"\n\t\t\tdata-thumbnail=\"https:\/\/festivalbritannique.fr\/wp-content\/gallery\/eddie\/thumbs\/thumbs_114477.jpg\"\n\t\t\tdata-image-id=\"97\"\n\t\t\tdata-title=\"114477\"\n\t\t\tdata-description=\"\"\n\t\t\tclass=\"ngg-fancybox\" rel=\"a2c3359ffe197c3098e38d033ece3b53\">\n\n\t\t\t<img data-image-id='97'\n\t\t\t\ttitle=\"\"\n\t\t\t\talt=\"114477\"\n\t\t\t\tsrc=\"https:\/\/festivalbritannique.fr\/wp-content\/gallery\/eddie\/114477.jpg\"\n\t\t\t\tstyle=\"max-height: 380px;\"\/>\n\t\t<\/a>\n\n\t\t\n\t\t<a href=\"https:\/\/festivalbritannique.fr\/wp-content\/gallery\/eddie\/253557.jpg\"\n\t\t\ttitle=\"\"\n\t\t\tdata-src=\"https:\/\/festivalbritannique.fr\/wp-content\/gallery\/eddie\/253557.jpg\"\n\t\t\tdata-thumbnail=\"https:\/\/festivalbritannique.fr\/wp-content\/gallery\/eddie\/thumbs\/thumbs_253557.jpg\"\n\t\t\tdata-image-id=\"99\"\n\t\t\tdata-title=\"253557\"\n\t\t\tdata-description=\"\"\n\t\t\tclass=\"ngg-fancybox\" rel=\"a2c3359ffe197c3098e38d033ece3b53\">\n\n\t\t\t<img data-image-id='99'\n\t\t\t\ttitle=\"\"\n\t\t\t\talt=\"253557\"\n\t\t\t\tsrc=\"https:\/\/festivalbritannique.fr\/wp-content\/gallery\/eddie\/253557.jpg\"\n\t\t\t\tstyle=\"max-height: 380px;\"\/>\n\t\t<\/a>\n\n\t\t\n\t\t<a href=\"https:\/\/festivalbritannique.fr\/wp-content\/gallery\/eddie\/254338.jpg\"\n\t\t\ttitle=\"\"\n\t\t\tdata-src=\"https:\/\/festivalbritannique.fr\/wp-content\/gallery\/eddie\/254338.jpg\"\n\t\t\tdata-thumbnail=\"https:\/\/festivalbritannique.fr\/wp-content\/gallery\/eddie\/thumbs\/thumbs_254338.jpg\"\n\t\t\tdata-image-id=\"100\"\n\t\t\tdata-title=\"254338\"\n\t\t\tdata-description=\"\"\n\t\t\tclass=\"ngg-fancybox\" rel=\"a2c3359ffe197c3098e38d033ece3b53\">\n\n\t\t\t<img data-image-id='100'\n\t\t\t\ttitle=\"\"\n\t\t\t\talt=\"254338\"\n\t\t\t\tsrc=\"https:\/\/festivalbritannique.fr\/wp-content\/gallery\/eddie\/254338.jpg\"\n\t\t\t\tstyle=\"max-height: 380px;\"\/>\n\t\t<\/a>\n\n\t\t\n\t\t<a href=\"https:\/\/festivalbritannique.fr\/wp-content\/gallery\/eddie\/255901.jpg\"\n\t\t\ttitle=\"\"\n\t\t\tdata-src=\"https:\/\/festivalbritannique.fr\/wp-content\/gallery\/eddie\/255901.jpg\"\n\t\t\tdata-thumbnail=\"https:\/\/festivalbritannique.fr\/wp-content\/gallery\/eddie\/thumbs\/thumbs_255901.jpg\"\n\t\t\tdata-image-id=\"101\"\n\t\t\tdata-title=\"255901\"\n\t\t\tdata-description=\"\"\n\t\t\tclass=\"ngg-fancybox\" rel=\"a2c3359ffe197c3098e38d033ece3b53\">\n\n\t\t\t<img data-image-id='101'\n\t\t\t\ttitle=\"\"\n\t\t\t\talt=\"255901\"\n\t\t\t\tsrc=\"https:\/\/festivalbritannique.fr\/wp-content\/gallery\/eddie\/255901.jpg\"\n\t\t\t\tstyle=\"max-height: 380px;\"\/>\n\t\t<\/a>\n\n\t\t\n\t\t<a href=\"https:\/\/festivalbritannique.fr\/wp-content\/gallery\/eddie\/256682.jpg\"\n\t\t\ttitle=\"\"\n\t\t\tdata-src=\"https:\/\/festivalbritannique.fr\/wp-content\/gallery\/eddie\/256682.jpg\"\n\t\t\tdata-thumbnail=\"https:\/\/festivalbritannique.fr\/wp-content\/gallery\/eddie\/thumbs\/thumbs_256682.jpg\"\n\t\t\tdata-image-id=\"102\"\n\t\t\tdata-title=\"256682\"\n\t\t\tdata-description=\"\"\n\t\t\tclass=\"ngg-fancybox\" rel=\"a2c3359ffe197c3098e38d033ece3b53\">\n\n\t\t\t<img data-image-id='102'\n\t\t\t\ttitle=\"\"\n\t\t\t\talt=\"256682\"\n\t\t\t\tsrc=\"https:\/\/festivalbritannique.fr\/wp-content\/gallery\/eddie\/256682.jpg\"\n\t\t\t\tstyle=\"max-height: 380px;\"\/>\n\t\t<\/a>\n\n\t\t\n\t\t<a href=\"https:\/\/festivalbritannique.fr\/wp-content\/gallery\/eddie\/521230.jpg\"\n\t\t\ttitle=\"\"\n\t\t\tdata-src=\"https:\/\/festivalbritannique.fr\/wp-content\/gallery\/eddie\/521230.jpg\"\n\t\t\tdata-thumbnail=\"https:\/\/festivalbritannique.fr\/wp-content\/gallery\/eddie\/thumbs\/thumbs_521230.jpg\"\n\t\t\tdata-image-id=\"103\"\n\t\t\tdata-title=\"521230\"\n\t\t\tdata-description=\"\"\n\t\t\tclass=\"ngg-fancybox\" rel=\"a2c3359ffe197c3098e38d033ece3b53\">\n\n\t\t\t<img data-image-id='103'\n\t\t\t\ttitle=\"\"\n\t\t\t\talt=\"521230\"\n\t\t\t\tsrc=\"https:\/\/festivalbritannique.fr\/wp-content\/gallery\/eddie\/521230.jpg\"\n\t\t\t\tstyle=\"max-height: 380px;\"\/>\n\t\t<\/a>\n\n\t\t<\/div>\n\n\n<\/p>\n<p><iframe loading=\"lazy\" title=\"EDDIE THE EAGLE Bande Annonce (2016)\" width=\"1170\" height=\"658\" src=\"https:\/\/www.youtube.com\/embed\/CpGB_yWsKGw?feature=oembed\" frameborder=\"0\" allow=\"accelerometer; autoplay; encrypted-media; gyroscope; picture-in-picture\" allowfullscreen><\/iframe><\/p>\n<!-- AddThis Advanced Settings generic via filter on the_content --><!-- AddThis Share Buttons generic via filter on the_content -->","protected":false},"excerpt":{"rendered":"<p>Titre original : EDDIE THE EAGLE Vendredi 11 mars \u00e0 20h30 &#8211; film en Avant-premi\u00e8re Biopic \u00ab\u00a0Feel good movie\u00a0\u00bb. 1h45 Michael \u00ab Eddie \u00bb Edwards a toujours eu un seul r\u00eave, participer aux Jeux Olympiques. Le probl\u00e8me, c\u2019est qu\u2019il n\u2019a jamais r\u00e9ussi \u00e0 briller dans aucun sport. Touch\u00e9 par la pers\u00e9v\u00e9rance d\u2019Eddie, un ancien champion<\/p>\n<p><a href=\"https:\/\/festivalbritannique.fr\/?page_id=586\" class=\"more-link themebutton\">Read More<\/a><\/p>\n<p><!-- AddThis Advanced Settings generic via filter on get_the_excerpt --><!-- AddThis Share Buttons generic via filter on get_the_excerpt --><\/p>\n","protected":false},"author":2,"featured_media":0,"parent":407,"menu_order":24,"comment_status":"closed","ping_status":"closed","template":"","meta":{"ngg_post_thumbnail":0,"footnotes":""},"class_list":["post-586","page","type-page","status-publish","hentry"],"_links":{"self":[{"href":"https:\/\/festivalbritannique.fr\/index.php?rest_route=\/wp\/v2\/pages\/586","targetHints":{"allow":["GET"]}}],"collection":[{"href":"https:\/\/festivalbritannique.fr\/index.php?rest_route=\/wp\/v2\/pages"}],"about":[{"href":"https:\/\/festivalbritannique.fr\/index.php?rest_route=\/wp\/v2\/types\/page"}],"author":[{"embeddable":true,"href":"https:\/\/festivalbritannique.fr\/index.php?rest_route=\/wp\/v2\/users\/2"}],"replies":[{"embeddable":true,"href":"https:\/\/festivalbritannique.fr\/index.php?rest_route=%2Fwp%2Fv2%2Fcomments&post=586"}],"version-history":[{"count":8,"href":"https:\/\/festivalbritannique.fr\/index.php?rest_route=\/wp\/v2\/pages\/586\/revisions"}],"predecessor-version":[{"id":748,"href":"https:\/\/festivalbritannique.fr\/index.php?rest_route=\/wp\/v2\/pages\/586\/revisions\/748"}],"up":[{"embeddable":true,"href":"https:\/\/festivalbritannique.fr\/index.php?rest_route=\/wp\/v2\/pages\/407"}],"wp:attachment":[{"href":"https:\/\/festivalbritannique.fr\/index.php?rest_route=%2Fwp%2Fv2%2Fmedia&parent=586"}],"curies":[{"name":"wp","href":"https:\/\/api.w.org\/{rel}","templated":true}]}}