{"id":646,"date":"2016-02-25T17:37:52","date_gmt":"2016-02-25T16:37:52","guid":{"rendered":"http:\/\/festivalbritannique.fr\/?page_id=646"},"modified":"2017-01-26T19:57:34","modified_gmt":"2017-01-26T18:57:34","slug":"mr-homes","status":"publish","type":"page","link":"https:\/\/festivalbritannique.fr\/?page_id=646","title":{"rendered":"Mr. Holmes"},"content":{"rendered":"<h3><em>Titre original : <span style=\"color: #0000ff;\">MR. HOLMES<br \/>\n<\/span><\/em><\/h3>\n<hr \/>\n<h3><span style=\"color: #ff0000;\"><strong>Dimanche 13 mars \u00e0 17h <\/strong><em>&#8211; film en Avant-premi\u00e8re<\/em><br \/>\n<\/span><\/h3>\n<hr \/>\n<h5>Policier. 1h44<\/h5>\n<blockquote>\n<h5>En 1947, Sherlock Holmes, depuis longtemps \u00e0 la retraite, vit paisiblement dans le Sussex, avec sa gouvernante et son fils, un d\u00e9tective amateur. Mais la qui\u00e9tude recherch\u00e9e n&rsquo;est que de fa\u00e7ade&#8230; Une affaire vieille de 50 ans le hante encore et toujours. Malheureusement seuls quelques fragments sont encore vivaces : une altercation avec un \u00e9poux en col\u00e8re, un lien profond mais myst\u00e9rieux avec son \u00e9pouse fragile. Si son l\u00e9gendaire pouvoir de d\u00e9duction n&rsquo;est plus intact, et si Watson n&rsquo;est plus l\u00e0, Holmes va se lancer dans son ultime enqu\u00eate, la plus compliqu\u00e9e de sa longue carri\u00e8re&#8230;<\/h5>\n<hr \/>\n<\/blockquote>\n<p class=\"wpview-selection-after\" style=\"text-align: center;\">\n<div class=\"ngg-galleryoverview ngg-slideshow\"\n\tid=\"ngg-slideshow-dd2ff36a2a97520e774f113751c017a5-19635898750\"\n\tdata-gallery-id=\"dd2ff36a2a97520e774f113751c017a5\"\n\tstyle=\"max-width: 600px;\n\t\t\tmax-height: 400px;\n\t\t\tdisplay: none;\">\n\n\t\n\t\t<a href=\"https:\/\/festivalbritannique.fr\/wp-content\/gallery\/mr-holmes\/188318.jpg\"\n\t\t\ttitle=\"\"\n\t\t\tdata-src=\"https:\/\/festivalbritannique.fr\/wp-content\/gallery\/mr-holmes\/188318.jpg\"\n\t\t\tdata-thumbnail=\"https:\/\/festivalbritannique.fr\/wp-content\/gallery\/mr-holmes\/thumbs\/thumbs_188318.jpg\"\n\t\t\tdata-image-id=\"107\"\n\t\t\tdata-title=\"188318\"\n\t\t\tdata-description=\"\"\n\t\t\tclass=\"ngg-fancybox\" rel=\"dd2ff36a2a97520e774f113751c017a5\">\n\n\t\t\t<img data-image-id='107'\n\t\t\t\ttitle=\"\"\n\t\t\t\talt=\"188318\"\n\t\t\t\tsrc=\"https:\/\/festivalbritannique.fr\/wp-content\/gallery\/mr-holmes\/188318.jpg\"\n\t\t\t\tstyle=\"max-height: 380px;\"\/>\n\t\t<\/a>\n\n\t\t\n\t\t<a href=\"https:\/\/festivalbritannique.fr\/wp-content\/gallery\/mr-holmes\/167903.jpg\"\n\t\t\ttitle=\"\"\n\t\t\tdata-src=\"https:\/\/festivalbritannique.fr\/wp-content\/gallery\/mr-holmes\/167903.jpg\"\n\t\t\tdata-thumbnail=\"https:\/\/festivalbritannique.fr\/wp-content\/gallery\/mr-holmes\/thumbs\/thumbs_167903.jpg\"\n\t\t\tdata-image-id=\"106\"\n\t\t\tdata-title=\"167903\"\n\t\t\tdata-description=\"\"\n\t\t\tclass=\"ngg-fancybox\" rel=\"dd2ff36a2a97520e774f113751c017a5\">\n\n\t\t\t<img data-image-id='106'\n\t\t\t\ttitle=\"\"\n\t\t\t\talt=\"167903\"\n\t\t\t\tsrc=\"https:\/\/festivalbritannique.fr\/wp-content\/gallery\/mr-holmes\/167903.jpg\"\n\t\t\t\tstyle=\"max-height: 380px;\"\/>\n\t\t<\/a>\n\n\t\t\n\t\t<a href=\"https:\/\/festivalbritannique.fr\/wp-content\/gallery\/mr-holmes\/495781.jpg\"\n\t\t\ttitle=\"\"\n\t\t\tdata-src=\"https:\/\/festivalbritannique.fr\/wp-content\/gallery\/mr-holmes\/495781.jpg\"\n\t\t\tdata-thumbnail=\"https:\/\/festivalbritannique.fr\/wp-content\/gallery\/mr-holmes\/thumbs\/thumbs_495781.jpg\"\n\t\t\tdata-image-id=\"104\"\n\t\t\tdata-title=\"495781\"\n\t\t\tdata-description=\"\"\n\t\t\tclass=\"ngg-fancybox\" rel=\"dd2ff36a2a97520e774f113751c017a5\">\n\n\t\t\t<img data-image-id='104'\n\t\t\t\ttitle=\"\"\n\t\t\t\talt=\"495781\"\n\t\t\t\tsrc=\"https:\/\/festivalbritannique.fr\/wp-content\/gallery\/mr-holmes\/495781.jpg\"\n\t\t\t\tstyle=\"max-height: 380px;\"\/>\n\t\t<\/a>\n\n\t\t\n\t\t<a href=\"https:\/\/festivalbritannique.fr\/wp-content\/gallery\/mr-holmes\/042797.jpg\"\n\t\t\ttitle=\"\"\n\t\t\tdata-src=\"https:\/\/festivalbritannique.fr\/wp-content\/gallery\/mr-holmes\/042797.jpg\"\n\t\t\tdata-thumbnail=\"https:\/\/festivalbritannique.fr\/wp-content\/gallery\/mr-holmes\/thumbs\/thumbs_042797.jpg\"\n\t\t\tdata-image-id=\"105\"\n\t\t\tdata-title=\"042797\"\n\t\t\tdata-description=\"\"\n\t\t\tclass=\"ngg-fancybox\" rel=\"dd2ff36a2a97520e774f113751c017a5\">\n\n\t\t\t<img data-image-id='105'\n\t\t\t\ttitle=\"\"\n\t\t\t\talt=\"042797\"\n\t\t\t\tsrc=\"https:\/\/festivalbritannique.fr\/wp-content\/gallery\/mr-holmes\/042797.jpg\"\n\t\t\t\tstyle=\"max-height: 380px;\"\/>\n\t\t<\/a>\n\n\t\t\n\t\t<a href=\"https:\/\/festivalbritannique.fr\/wp-content\/gallery\/mr-holmes\/197597.jpg\"\n\t\t\ttitle=\"\"\n\t\t\tdata-src=\"https:\/\/festivalbritannique.fr\/wp-content\/gallery\/mr-holmes\/197597.jpg\"\n\t\t\tdata-thumbnail=\"https:\/\/festivalbritannique.fr\/wp-content\/gallery\/mr-holmes\/thumbs\/thumbs_197597.jpg\"\n\t\t\tdata-image-id=\"108\"\n\t\t\tdata-title=\"197597\"\n\t\t\tdata-description=\"\"\n\t\t\tclass=\"ngg-fancybox\" rel=\"dd2ff36a2a97520e774f113751c017a5\">\n\n\t\t\t<img data-image-id='108'\n\t\t\t\ttitle=\"\"\n\t\t\t\talt=\"197597\"\n\t\t\t\tsrc=\"https:\/\/festivalbritannique.fr\/wp-content\/gallery\/mr-holmes\/197597.jpg\"\n\t\t\t\tstyle=\"max-height: 380px;\"\/>\n\t\t<\/a>\n\n\t\t\n\t\t<a href=\"https:\/\/festivalbritannique.fr\/wp-content\/gallery\/mr-holmes\/279317.jpg\"\n\t\t\ttitle=\"\"\n\t\t\tdata-src=\"https:\/\/festivalbritannique.fr\/wp-content\/gallery\/mr-holmes\/279317.jpg\"\n\t\t\tdata-thumbnail=\"https:\/\/festivalbritannique.fr\/wp-content\/gallery\/mr-holmes\/thumbs\/thumbs_279317.jpg\"\n\t\t\tdata-image-id=\"109\"\n\t\t\tdata-title=\"279317\"\n\t\t\tdata-description=\"\"\n\t\t\tclass=\"ngg-fancybox\" rel=\"dd2ff36a2a97520e774f113751c017a5\">\n\n\t\t\t<img data-image-id='109'\n\t\t\t\ttitle=\"\"\n\t\t\t\talt=\"279317\"\n\t\t\t\tsrc=\"https:\/\/festivalbritannique.fr\/wp-content\/gallery\/mr-holmes\/279317.jpg\"\n\t\t\t\tstyle=\"max-height: 380px;\"\/>\n\t\t<\/a>\n\n\t\t\n\t\t<a href=\"https:\/\/festivalbritannique.fr\/wp-content\/gallery\/mr-holmes\/288754.jpg\"\n\t\t\ttitle=\"\"\n\t\t\tdata-src=\"https:\/\/festivalbritannique.fr\/wp-content\/gallery\/mr-holmes\/288754.jpg\"\n\t\t\tdata-thumbnail=\"https:\/\/festivalbritannique.fr\/wp-content\/gallery\/mr-holmes\/thumbs\/thumbs_288754.jpg\"\n\t\t\tdata-image-id=\"110\"\n\t\t\tdata-title=\"288754\"\n\t\t\tdata-description=\"\"\n\t\t\tclass=\"ngg-fancybox\" rel=\"dd2ff36a2a97520e774f113751c017a5\">\n\n\t\t\t<img data-image-id='110'\n\t\t\t\ttitle=\"\"\n\t\t\t\talt=\"288754\"\n\t\t\t\tsrc=\"https:\/\/festivalbritannique.fr\/wp-content\/gallery\/mr-holmes\/288754.jpg\"\n\t\t\t\tstyle=\"max-height: 380px;\"\/>\n\t\t<\/a>\n\n\t\t\n\t\t<a href=\"https:\/\/festivalbritannique.fr\/wp-content\/gallery\/mr-holmes\/449469.jpg\"\n\t\t\ttitle=\"\"\n\t\t\tdata-src=\"https:\/\/festivalbritannique.fr\/wp-content\/gallery\/mr-holmes\/449469.jpg\"\n\t\t\tdata-thumbnail=\"https:\/\/festivalbritannique.fr\/wp-content\/gallery\/mr-holmes\/thumbs\/thumbs_449469.jpg\"\n\t\t\tdata-image-id=\"111\"\n\t\t\tdata-title=\"449469\"\n\t\t\tdata-description=\"\"\n\t\t\tclass=\"ngg-fancybox\" rel=\"dd2ff36a2a97520e774f113751c017a5\">\n\n\t\t\t<img data-image-id='111'\n\t\t\t\ttitle=\"\"\n\t\t\t\talt=\"449469\"\n\t\t\t\tsrc=\"https:\/\/festivalbritannique.fr\/wp-content\/gallery\/mr-holmes\/449469.jpg\"\n\t\t\t\tstyle=\"max-height: 380px;\"\/>\n\t\t<\/a>\n\n\t\t\n\t\t<a href=\"https:\/\/festivalbritannique.fr\/wp-content\/gallery\/mr-holmes\/456657.jpg\"\n\t\t\ttitle=\"\"\n\t\t\tdata-src=\"https:\/\/festivalbritannique.fr\/wp-content\/gallery\/mr-holmes\/456657.jpg\"\n\t\t\tdata-thumbnail=\"https:\/\/festivalbritannique.fr\/wp-content\/gallery\/mr-holmes\/thumbs\/thumbs_456657.jpg\"\n\t\t\tdata-image-id=\"112\"\n\t\t\tdata-title=\"456657\"\n\t\t\tdata-description=\"\"\n\t\t\tclass=\"ngg-fancybox\" rel=\"dd2ff36a2a97520e774f113751c017a5\">\n\n\t\t\t<img data-image-id='112'\n\t\t\t\ttitle=\"\"\n\t\t\t\talt=\"456657\"\n\t\t\t\tsrc=\"https:\/\/festivalbritannique.fr\/wp-content\/gallery\/mr-holmes\/456657.jpg\"\n\t\t\t\tstyle=\"max-height: 380px;\"\/>\n\t\t<\/a>\n\n\t\t\n\t\t<a href=\"https:\/\/festivalbritannique.fr\/wp-content\/gallery\/mr-holmes\/457594.jpg\"\n\t\t\ttitle=\"\"\n\t\t\tdata-src=\"https:\/\/festivalbritannique.fr\/wp-content\/gallery\/mr-holmes\/457594.jpg\"\n\t\t\tdata-thumbnail=\"https:\/\/festivalbritannique.fr\/wp-content\/gallery\/mr-holmes\/thumbs\/thumbs_457594.jpg\"\n\t\t\tdata-image-id=\"113\"\n\t\t\tdata-title=\"457594\"\n\t\t\tdata-description=\"\"\n\t\t\tclass=\"ngg-fancybox\" rel=\"dd2ff36a2a97520e774f113751c017a5\">\n\n\t\t\t<img data-image-id='113'\n\t\t\t\ttitle=\"\"\n\t\t\t\talt=\"457594\"\n\t\t\t\tsrc=\"https:\/\/festivalbritannique.fr\/wp-content\/gallery\/mr-holmes\/457594.jpg\"\n\t\t\t\tstyle=\"max-height: 380px;\"\/>\n\t\t<\/a>\n\n\t\t<\/div>\n\n\n<\/p>\n<p>https:\/\/www.youtube.com\/watch?v=NNS6bjiSWHU<\/p>\n<!-- AddThis Advanced Settings generic via filter on the_content --><!-- AddThis Share Buttons generic via filter on the_content -->","protected":false},"excerpt":{"rendered":"<p>Titre original : MR. HOLMES Dimanche 13 mars \u00e0 17h &#8211; film en Avant-premi\u00e8re Policier. 1h44 En 1947, Sherlock Holmes, depuis longtemps \u00e0 la retraite, vit paisiblement dans le Sussex, avec sa gouvernante et son fils, un d\u00e9tective amateur. Mais la qui\u00e9tude recherch\u00e9e n&rsquo;est que de fa\u00e7ade&#8230; Une affaire vieille de 50 ans le hante<\/p>\n<p><a href=\"https:\/\/festivalbritannique.fr\/?page_id=646\" class=\"more-link themebutton\">Read More<\/a><\/p>\n<p><!-- AddThis Advanced Settings generic via filter on get_the_excerpt --><!-- AddThis Share Buttons generic via filter on get_the_excerpt --><\/p>\n","protected":false},"author":2,"featured_media":0,"parent":407,"menu_order":44,"comment_status":"closed","ping_status":"closed","template":"","meta":{"ngg_post_thumbnail":0,"footnotes":""},"class_list":["post-646","page","type-page","status-publish","hentry"],"_links":{"self":[{"href":"https:\/\/festivalbritannique.fr\/index.php?rest_route=\/wp\/v2\/pages\/646","targetHints":{"allow":["GET"]}}],"collection":[{"href":"https:\/\/festivalbritannique.fr\/index.php?rest_route=\/wp\/v2\/pages"}],"about":[{"href":"https:\/\/festivalbritannique.fr\/index.php?rest_route=\/wp\/v2\/types\/page"}],"author":[{"embeddable":true,"href":"https:\/\/festivalbritannique.fr\/index.php?rest_route=\/wp\/v2\/users\/2"}],"replies":[{"embeddable":true,"href":"https:\/\/festivalbritannique.fr\/index.php?rest_route=%2Fwp%2Fv2%2Fcomments&post=646"}],"version-history":[{"count":4,"href":"https:\/\/festivalbritannique.fr\/index.php?rest_route=\/wp\/v2\/pages\/646\/revisions"}],"predecessor-version":[{"id":752,"href":"https:\/\/festivalbritannique.fr\/index.php?rest_route=\/wp\/v2\/pages\/646\/revisions\/752"}],"up":[{"embeddable":true,"href":"https:\/\/festivalbritannique.fr\/index.php?rest_route=\/wp\/v2\/pages\/407"}],"wp:attachment":[{"href":"https:\/\/festivalbritannique.fr\/index.php?rest_route=%2Fwp%2Fv2%2Fmedia&parent=646"}],"curies":[{"name":"wp","href":"https:\/\/api.w.org\/{rel}","templated":true}]}}