{"id":809,"date":"2017-02-13T17:23:57","date_gmt":"2017-02-13T16:23:57","guid":{"rendered":"http:\/\/festivalbritannique.fr\/?page_id=809"},"modified":"2018-02-06T10:54:47","modified_gmt":"2018-02-06T09:54:47","slug":"dough","status":"publish","type":"page","link":"https:\/\/festivalbritannique.fr\/?page_id=809","title":{"rendered":"Dough"},"content":{"rendered":"<h3><em>Titre original : <span style=\"color: #0000ff;\">Dough<br \/>\n<\/span><\/em><\/h3>\n<hr \/>\n<h3><span style=\"color: #ff0000;\"><strong>Samedi 11 mars \u00e0 21h<\/strong><br \/>\n<\/span><\/h3>\n<hr \/>\n<h5>Com\u00e9die dramatique. 1h34.<\/h5>\n<blockquote>\n<h5>Nat Dayan, un vieux boulanger juif de l\u2019East End de Londres, s\u2019efforce de maintenir l\u2019activit\u00e9 de sa boutique face aux vell\u00e9it\u00e9s d\u2019un supermarch\u00e9 voisin, qui va jusqu\u2019\u00e0 lui \u00ab voler \u00bb son employ\u00e9. Sans grand enthousiasme, il embauche comme apprenti un jeune immigr\u00e9 musulman originaire du Darfour, accessoirement dealer de cannabis. Leur relation n\u2019est pas de tout repos jusqu\u2019au jour o\u00f9 un incident fortuit va relancer les ventes&#8230; Une com\u00e9die \u00e0 la Ken Loach, qui nous parle d\u2019amiti\u00e9, de loyaut\u00e9 et de muffins magiques&#8230;<\/h5>\n<hr \/>\n<\/blockquote>\n<p>\n<div class=\"ngg-galleryoverview ngg-slideshow\"\n\tid=\"ngg-slideshow-b51bfa84d6f0bbb31bea1696d60943a6-9618039770\"\n\tdata-gallery-id=\"b51bfa84d6f0bbb31bea1696d60943a6\"\n\tstyle=\"max-width: 600px;\n\t\t\tmax-height: 400px;\n\t\t\tdisplay: none;\">\n\n\t\n\t\t<a href=\"https:\/\/festivalbritannique.fr\/wp-content\/gallery\/Dough\/Dough.jpg\"\n\t\t\ttitle=\"\"\n\t\t\tdata-src=\"https:\/\/festivalbritannique.fr\/wp-content\/gallery\/Dough\/Dough.jpg\"\n\t\t\tdata-thumbnail=\"https:\/\/festivalbritannique.fr\/wp-content\/gallery\/Dough\/thumbs\/thumbs_Dough.jpg\"\n\t\t\tdata-image-id=\"163\"\n\t\t\tdata-title=\"Dough\"\n\t\t\tdata-description=\"\"\n\t\t\tclass=\"ngg-fancybox\" rel=\"b51bfa84d6f0bbb31bea1696d60943a6\">\n\n\t\t\t<img data-image-id='163'\n\t\t\t\ttitle=\"\"\n\t\t\t\talt=\"Dough\"\n\t\t\t\tsrc=\"https:\/\/festivalbritannique.fr\/wp-content\/gallery\/Dough\/Dough.jpg\"\n\t\t\t\tstyle=\"max-height: 380px;\"\/>\n\t\t<\/a>\n\n\t\t\n\t\t<a href=\"https:\/\/festivalbritannique.fr\/wp-content\/gallery\/Dough\/427508.jpg-r_1920_1080-f_jpg-q_x-xxyxx.jpg\"\n\t\t\ttitle=\"\"\n\t\t\tdata-src=\"https:\/\/festivalbritannique.fr\/wp-content\/gallery\/Dough\/427508.jpg-r_1920_1080-f_jpg-q_x-xxyxx.jpg\"\n\t\t\tdata-thumbnail=\"https:\/\/festivalbritannique.fr\/wp-content\/gallery\/Dough\/thumbs\/thumbs_427508.jpg-r_1920_1080-f_jpg-q_x-xxyxx.jpg\"\n\t\t\tdata-image-id=\"164\"\n\t\t\tdata-title=\"427508-r_1920_1080-f_jpg-q_x-xxyxx\"\n\t\t\tdata-description=\"\"\n\t\t\tclass=\"ngg-fancybox\" rel=\"b51bfa84d6f0bbb31bea1696d60943a6\">\n\n\t\t\t<img data-image-id='164'\n\t\t\t\ttitle=\"\"\n\t\t\t\talt=\"427508-r_1920_1080-f_jpg-q_x-xxyxx\"\n\t\t\t\tsrc=\"https:\/\/festivalbritannique.fr\/wp-content\/gallery\/Dough\/427508.jpg-r_1920_1080-f_jpg-q_x-xxyxx.jpg\"\n\t\t\t\tstyle=\"max-height: 380px;\"\/>\n\t\t<\/a>\n\n\t\t\n\t\t<a href=\"https:\/\/festivalbritannique.fr\/wp-content\/gallery\/Dough\/553433.jpg-r_1920_1080-f_jpg-q_x-xxyxx.jpg\"\n\t\t\ttitle=\"\"\n\t\t\tdata-src=\"https:\/\/festivalbritannique.fr\/wp-content\/gallery\/Dough\/553433.jpg-r_1920_1080-f_jpg-q_x-xxyxx.jpg\"\n\t\t\tdata-thumbnail=\"https:\/\/festivalbritannique.fr\/wp-content\/gallery\/Dough\/thumbs\/thumbs_553433.jpg-r_1920_1080-f_jpg-q_x-xxyxx.jpg\"\n\t\t\tdata-image-id=\"165\"\n\t\t\tdata-title=\"553433-r_1920_1080-f_jpg-q_x-xxyxx\"\n\t\t\tdata-description=\"\"\n\t\t\tclass=\"ngg-fancybox\" rel=\"b51bfa84d6f0bbb31bea1696d60943a6\">\n\n\t\t\t<img data-image-id='165'\n\t\t\t\ttitle=\"\"\n\t\t\t\talt=\"553433-r_1920_1080-f_jpg-q_x-xxyxx\"\n\t\t\t\tsrc=\"https:\/\/festivalbritannique.fr\/wp-content\/gallery\/Dough\/553433.jpg-r_1920_1080-f_jpg-q_x-xxyxx.jpg\"\n\t\t\t\tstyle=\"max-height: 380px;\"\/>\n\t\t<\/a>\n\n\t\t<\/div>\n\n\n<\/p>\n<p>&nbsp;<\/p>\n<p><iframe loading=\"lazy\" title=\"DOUGH le film - bande annonce\" width=\"1170\" height=\"658\" src=\"https:\/\/www.youtube.com\/embed\/PkCSi2Cn95s?feature=oembed\" frameborder=\"0\" allow=\"accelerometer; autoplay; encrypted-media; gyroscope; picture-in-picture\" allowfullscreen><\/iframe><\/p>\n<p>&nbsp;<\/p>\n<!-- AddThis Advanced Settings generic via filter on the_content --><!-- AddThis Share Buttons generic via filter on the_content -->","protected":false},"excerpt":{"rendered":"<p>Titre original : Dough Samedi 11 mars \u00e0 21h Com\u00e9die dramatique. 1h34. Nat Dayan, un vieux boulanger juif de l\u2019East End de Londres, s\u2019efforce de maintenir l\u2019activit\u00e9 de sa boutique face aux vell\u00e9it\u00e9s d\u2019un supermarch\u00e9 voisin, qui va jusqu\u2019\u00e0 lui \u00ab voler \u00bb son employ\u00e9. Sans grand enthousiasme, il embauche comme apprenti un jeune immigr\u00e9<\/p>\n<p><a href=\"https:\/\/festivalbritannique.fr\/?page_id=809\" class=\"more-link themebutton\">Read More<\/a><\/p>\n<p><!-- AddThis Advanced Settings generic via filter on get_the_excerpt --><!-- AddThis Share Buttons generic via filter on get_the_excerpt --><\/p>\n","protected":false},"author":2,"featured_media":0,"parent":1105,"menu_order":0,"comment_status":"closed","ping_status":"closed","template":"","meta":{"ngg_post_thumbnail":0,"footnotes":""},"class_list":["post-809","page","type-page","status-publish","hentry"],"_links":{"self":[{"href":"https:\/\/festivalbritannique.fr\/index.php?rest_route=\/wp\/v2\/pages\/809","targetHints":{"allow":["GET"]}}],"collection":[{"href":"https:\/\/festivalbritannique.fr\/index.php?rest_route=\/wp\/v2\/pages"}],"about":[{"href":"https:\/\/festivalbritannique.fr\/index.php?rest_route=\/wp\/v2\/types\/page"}],"author":[{"embeddable":true,"href":"https:\/\/festivalbritannique.fr\/index.php?rest_route=\/wp\/v2\/users\/2"}],"replies":[{"embeddable":true,"href":"https:\/\/festivalbritannique.fr\/index.php?rest_route=%2Fwp%2Fv2%2Fcomments&post=809"}],"version-history":[{"count":2,"href":"https:\/\/festivalbritannique.fr\/index.php?rest_route=\/wp\/v2\/pages\/809\/revisions"}],"predecessor-version":[{"id":1040,"href":"https:\/\/festivalbritannique.fr\/index.php?rest_route=\/wp\/v2\/pages\/809\/revisions\/1040"}],"up":[{"embeddable":true,"href":"https:\/\/festivalbritannique.fr\/index.php?rest_route=\/wp\/v2\/pages\/1105"}],"wp:attachment":[{"href":"https:\/\/festivalbritannique.fr\/index.php?rest_route=%2Fwp%2Fv2%2Fmedia&parent=809"}],"curies":[{"name":"wp","href":"https:\/\/api.w.org\/{rel}","templated":true}]}}