{"id":811,"date":"2017-02-13T17:41:59","date_gmt":"2017-02-13T16:41:59","guid":{"rendered":"http:\/\/festivalbritannique.fr\/?page_id=811"},"modified":"2018-02-06T10:54:52","modified_gmt":"2018-02-06T09:54:52","slug":"new-york-melody","status":"publish","type":"page","link":"https:\/\/festivalbritannique.fr\/?page_id=811","title":{"rendered":"New York melody"},"content":{"rendered":"<h3><em>Titre original : <span style=\"color: #0000ff;\">Begin again<br \/>\n<\/span><\/em><\/h3>\n<hr \/>\n<h3><span style=\"color: #ff0000;\"><strong>Dimanche 12 mars \u00e0 14h30<\/strong><br \/>\n<\/span><\/h3>\n<hr \/>\n<h5>de John Carney. 1h44.<\/h5>\n<blockquote>\n<h5>Gretta et son petit ami viennent de d\u00e9barquer \u00e0 NYC. La ville est d&rsquo;autant plus magique pour les deux anglais qu&rsquo;on leur propose de venir y vivre pleinement leur passion : la musique. Le r\u00eave va se briser et l&rsquo;idylle voler en \u00e9clat quand, aveugl\u00e9 par la gloire naissante, il va la plaquer pour une carri\u00e8re solo et&#8230; une attach\u00e9e de presse.<br \/>\nSes valises pr\u00eates et son billet de retour pour Londres en poche, elle d\u00e9cide de passer une derni\u00e8re nuit \u00e0 New York avec son meilleur pote. Ce dernier l&#8217;emm\u00e8ne dans un pub, la pousse sur sc\u00e8ne et la force \u00e0 chanter. Dans la salle un producteur s&rsquo;adonne \u00e0 sa plus dangereuse passion : l&rsquo;alcool. Revenu de tout, du succ\u00e8s et de sa gloire pass\u00e9e, amer, rancunier, il a perdu le fil de sa vie,&#8230; Et soudain il entend cette voix, d\u00e9couvre cette gr\u00e2ce, ce talent brut et authentique&#8230; Une rencontre enchant\u00e9e qui pourrait finir en chansons&#8230;<\/h5>\n<hr \/>\n<\/blockquote>\n<p style=\"text-align: center;\">\n<div class=\"ngg-galleryoverview ngg-slideshow\"\n\tid=\"ngg-slideshow-e53ca1740d945d03354e58484e42b264-5226115090\"\n\tdata-gallery-id=\"e53ca1740d945d03354e58484e42b264\"\n\tstyle=\"max-width: 600px;\n\t\t\tmax-height: 400px;\n\t\t\tdisplay: none;\">\n\n\t\n\t\t<a href=\"https:\/\/festivalbritannique.fr\/wp-content\/gallery\/NY%20melody\/NY-melody.jpg\"\n\t\t\ttitle=\"\"\n\t\t\tdata-src=\"https:\/\/festivalbritannique.fr\/wp-content\/gallery\/NY%20melody\/NY-melody.jpg\"\n\t\t\tdata-thumbnail=\"https:\/\/festivalbritannique.fr\/wp-content\/gallery\/NY%20melody\/thumbs\/thumbs_NY-melody.jpg\"\n\t\t\tdata-image-id=\"176\"\n\t\t\tdata-title=\"NY melody\"\n\t\t\tdata-description=\"\"\n\t\t\tclass=\"ngg-fancybox\" rel=\"e53ca1740d945d03354e58484e42b264\">\n\n\t\t\t<img data-image-id='176'\n\t\t\t\ttitle=\"\"\n\t\t\t\talt=\"NY melody\"\n\t\t\t\tsrc=\"https:\/\/festivalbritannique.fr\/wp-content\/gallery\/NY%20melody\/NY-melody.jpg\"\n\t\t\t\tstyle=\"max-height: 380px;\"\/>\n\t\t<\/a>\n\n\t\t\n\t\t<a href=\"https:\/\/festivalbritannique.fr\/wp-content\/gallery\/NY%20melody\/Begin_Again_film_poster_2014.jpg\"\n\t\t\ttitle=\"\"\n\t\t\tdata-src=\"https:\/\/festivalbritannique.fr\/wp-content\/gallery\/NY%20melody\/Begin_Again_film_poster_2014.jpg\"\n\t\t\tdata-thumbnail=\"https:\/\/festivalbritannique.fr\/wp-content\/gallery\/NY%20melody\/thumbs\/thumbs_Begin_Again_film_poster_2014.jpg\"\n\t\t\tdata-image-id=\"177\"\n\t\t\tdata-title=\"Begin_Again_film_poster_2014\"\n\t\t\tdata-description=\"\"\n\t\t\tclass=\"ngg-fancybox\" rel=\"e53ca1740d945d03354e58484e42b264\">\n\n\t\t\t<img data-image-id='177'\n\t\t\t\ttitle=\"\"\n\t\t\t\talt=\"Begin_Again_film_poster_2014\"\n\t\t\t\tsrc=\"https:\/\/festivalbritannique.fr\/wp-content\/gallery\/NY%20melody\/Begin_Again_film_poster_2014.jpg\"\n\t\t\t\tstyle=\"max-height: 380px;\"\/>\n\t\t<\/a>\n\n\t\t\n\t\t<a href=\"https:\/\/festivalbritannique.fr\/wp-content\/gallery\/NY%20melody\/374305.jpg-r_1920_1080-f_jpg-q_x-xxyxx.jpg\"\n\t\t\ttitle=\"\"\n\t\t\tdata-src=\"https:\/\/festivalbritannique.fr\/wp-content\/gallery\/NY%20melody\/374305.jpg-r_1920_1080-f_jpg-q_x-xxyxx.jpg\"\n\t\t\tdata-thumbnail=\"https:\/\/festivalbritannique.fr\/wp-content\/gallery\/NY%20melody\/thumbs\/thumbs_374305.jpg-r_1920_1080-f_jpg-q_x-xxyxx.jpg\"\n\t\t\tdata-image-id=\"178\"\n\t\t\tdata-title=\"374305-r_1920_1080-f_jpg-q_x-xxyxx\"\n\t\t\tdata-description=\"\"\n\t\t\tclass=\"ngg-fancybox\" rel=\"e53ca1740d945d03354e58484e42b264\">\n\n\t\t\t<img data-image-id='178'\n\t\t\t\ttitle=\"\"\n\t\t\t\talt=\"374305-r_1920_1080-f_jpg-q_x-xxyxx\"\n\t\t\t\tsrc=\"https:\/\/festivalbritannique.fr\/wp-content\/gallery\/NY%20melody\/374305.jpg-r_1920_1080-f_jpg-q_x-xxyxx.jpg\"\n\t\t\t\tstyle=\"max-height: 380px;\"\/>\n\t\t<\/a>\n\n\t\t\n\t\t<a href=\"https:\/\/festivalbritannique.fr\/wp-content\/gallery\/NY%20melody\/378056.jpg-r_1920_1080-f_jpg-q_x-xxyxx.jpg\"\n\t\t\ttitle=\"Die erste Begegnung: Gretta (Keira Knightley) und Dan (Mark Ruffalo).\"\n\t\t\tdata-src=\"https:\/\/festivalbritannique.fr\/wp-content\/gallery\/NY%20melody\/378056.jpg-r_1920_1080-f_jpg-q_x-xxyxx.jpg\"\n\t\t\tdata-thumbnail=\"https:\/\/festivalbritannique.fr\/wp-content\/gallery\/NY%20melody\/thumbs\/thumbs_378056.jpg-r_1920_1080-f_jpg-q_x-xxyxx.jpg\"\n\t\t\tdata-image-id=\"179\"\n\t\t\tdata-title=\"378056-r_1920_1080-f_jpg-q_x-xxyxx\"\n\t\t\tdata-description=\"Die erste Begegnung: Gretta (Keira Knightley) und Dan (Mark Ruffalo).\"\n\t\t\tclass=\"ngg-fancybox\" rel=\"e53ca1740d945d03354e58484e42b264\">\n\n\t\t\t<img data-image-id='179'\n\t\t\t\ttitle=\"Die erste Begegnung: Gretta (Keira Knightley) und Dan (Mark Ruffalo).\"\n\t\t\t\talt=\"378056-r_1920_1080-f_jpg-q_x-xxyxx\"\n\t\t\t\tsrc=\"https:\/\/festivalbritannique.fr\/wp-content\/gallery\/NY%20melody\/378056.jpg-r_1920_1080-f_jpg-q_x-xxyxx.jpg\"\n\t\t\t\tstyle=\"max-height: 380px;\"\/>\n\t\t<\/a>\n\n\t\t\n\t\t<a href=\"https:\/\/festivalbritannique.fr\/wp-content\/gallery\/NY%20melody\/381493.jpg-r_1920_1080-f_jpg-q_x-xxyxx.jpg\"\n\t\t\ttitle=\"Steve (James Corden) und Gretta (Keira Knightley) vor ihrem mobilen Tonstudio.\"\n\t\t\tdata-src=\"https:\/\/festivalbritannique.fr\/wp-content\/gallery\/NY%20melody\/381493.jpg-r_1920_1080-f_jpg-q_x-xxyxx.jpg\"\n\t\t\tdata-thumbnail=\"https:\/\/festivalbritannique.fr\/wp-content\/gallery\/NY%20melody\/thumbs\/thumbs_381493.jpg-r_1920_1080-f_jpg-q_x-xxyxx.jpg\"\n\t\t\tdata-image-id=\"180\"\n\t\t\tdata-title=\"381493-r_1920_1080-f_jpg-q_x-xxyxx\"\n\t\t\tdata-description=\"Steve (James Corden) und Gretta (Keira Knightley) vor ihrem mobilen Tonstudio.\"\n\t\t\tclass=\"ngg-fancybox\" rel=\"e53ca1740d945d03354e58484e42b264\">\n\n\t\t\t<img data-image-id='180'\n\t\t\t\ttitle=\"Steve (James Corden) und Gretta (Keira Knightley) vor ihrem mobilen Tonstudio.\"\n\t\t\t\talt=\"381493-r_1920_1080-f_jpg-q_x-xxyxx\"\n\t\t\t\tsrc=\"https:\/\/festivalbritannique.fr\/wp-content\/gallery\/NY%20melody\/381493.jpg-r_1920_1080-f_jpg-q_x-xxyxx.jpg\"\n\t\t\t\tstyle=\"max-height: 380px;\"\/>\n\t\t<\/a>\n\n\t\t\n\t\t<a href=\"https:\/\/festivalbritannique.fr\/wp-content\/gallery\/NY%20melody\/385087.jpg-r_1920_1080-f_jpg-q_x-xxyxx.jpg\"\n\t\t\ttitle=\"\"\n\t\t\tdata-src=\"https:\/\/festivalbritannique.fr\/wp-content\/gallery\/NY%20melody\/385087.jpg-r_1920_1080-f_jpg-q_x-xxyxx.jpg\"\n\t\t\tdata-thumbnail=\"https:\/\/festivalbritannique.fr\/wp-content\/gallery\/NY%20melody\/thumbs\/thumbs_385087.jpg-r_1920_1080-f_jpg-q_x-xxyxx.jpg\"\n\t\t\tdata-image-id=\"181\"\n\t\t\tdata-title=\"385087-r_1920_1080-f_jpg-q_x-xxyxx\"\n\t\t\tdata-description=\"\"\n\t\t\tclass=\"ngg-fancybox\" rel=\"e53ca1740d945d03354e58484e42b264\">\n\n\t\t\t<img data-image-id='181'\n\t\t\t\ttitle=\"\"\n\t\t\t\talt=\"385087-r_1920_1080-f_jpg-q_x-xxyxx\"\n\t\t\t\tsrc=\"https:\/\/festivalbritannique.fr\/wp-content\/gallery\/NY%20melody\/385087.jpg-r_1920_1080-f_jpg-q_x-xxyxx.jpg\"\n\t\t\t\tstyle=\"max-height: 380px;\"\/>\n\t\t<\/a>\n\n\t\t\n\t\t<a href=\"https:\/\/festivalbritannique.fr\/wp-content\/gallery\/NY%20melody\/392119.jpg-r_1920_1080-f_jpg-q_x-xxyxx.jpg\"\n\t\t\ttitle=\"SONG 01864.nef\"\n\t\t\tdata-src=\"https:\/\/festivalbritannique.fr\/wp-content\/gallery\/NY%20melody\/392119.jpg-r_1920_1080-f_jpg-q_x-xxyxx.jpg\"\n\t\t\tdata-thumbnail=\"https:\/\/festivalbritannique.fr\/wp-content\/gallery\/NY%20melody\/thumbs\/thumbs_392119.jpg-r_1920_1080-f_jpg-q_x-xxyxx.jpg\"\n\t\t\tdata-image-id=\"182\"\n\t\t\tdata-title=\"SONG 01864.nef\"\n\t\t\tdata-description=\"SONG 01864.nef\"\n\t\t\tclass=\"ngg-fancybox\" rel=\"e53ca1740d945d03354e58484e42b264\">\n\n\t\t\t<img data-image-id='182'\n\t\t\t\ttitle=\"SONG 01864.nef\"\n\t\t\t\talt=\"SONG 01864.nef\"\n\t\t\t\tsrc=\"https:\/\/festivalbritannique.fr\/wp-content\/gallery\/NY%20melody\/392119.jpg-r_1920_1080-f_jpg-q_x-xxyxx.jpg\"\n\t\t\t\tstyle=\"max-height: 380px;\"\/>\n\t\t<\/a>\n\n\t\t\n\t\t<a href=\"https:\/\/festivalbritannique.fr\/wp-content\/gallery\/NY%20melody\/399776.jpg-r_1920_1080-f_jpg-q_x-xxyxx.jpg\"\n\t\t\ttitle=\"(L-R) HAILEE STEINFELD and MARK RUFFALO star in BEGIN AGAIN\"\n\t\t\tdata-src=\"https:\/\/festivalbritannique.fr\/wp-content\/gallery\/NY%20melody\/399776.jpg-r_1920_1080-f_jpg-q_x-xxyxx.jpg\"\n\t\t\tdata-thumbnail=\"https:\/\/festivalbritannique.fr\/wp-content\/gallery\/NY%20melody\/thumbs\/thumbs_399776.jpg-r_1920_1080-f_jpg-q_x-xxyxx.jpg\"\n\t\t\tdata-image-id=\"183\"\n\t\t\tdata-title=\"BEGIN AGAIN\"\n\t\t\tdata-description=\"(L-R) HAILEE STEINFELD and MARK RUFFALO star in BEGIN AGAIN\"\n\t\t\tclass=\"ngg-fancybox\" rel=\"e53ca1740d945d03354e58484e42b264\">\n\n\t\t\t<img data-image-id='183'\n\t\t\t\ttitle=\"(L-R) HAILEE STEINFELD and MARK RUFFALO star in BEGIN AGAIN\"\n\t\t\t\talt=\"BEGIN AGAIN\"\n\t\t\t\tsrc=\"https:\/\/festivalbritannique.fr\/wp-content\/gallery\/NY%20melody\/399776.jpg-r_1920_1080-f_jpg-q_x-xxyxx.jpg\"\n\t\t\t\tstyle=\"max-height: 380px;\"\/>\n\t\t<\/a>\n\n\t\t\n\t\t<a href=\"https:\/\/festivalbritannique.fr\/wp-content\/gallery\/NY%20melody\/421059.jpg-r_1920_1080-f_jpg-q_x-xxyxx.jpg\"\n\t\t\ttitle=\"\"\n\t\t\tdata-src=\"https:\/\/festivalbritannique.fr\/wp-content\/gallery\/NY%20melody\/421059.jpg-r_1920_1080-f_jpg-q_x-xxyxx.jpg\"\n\t\t\tdata-thumbnail=\"https:\/\/festivalbritannique.fr\/wp-content\/gallery\/NY%20melody\/thumbs\/thumbs_421059.jpg-r_1920_1080-f_jpg-q_x-xxyxx.jpg\"\n\t\t\tdata-image-id=\"184\"\n\t\t\tdata-title=\"421059-r_1920_1080-f_jpg-q_x-xxyxx\"\n\t\t\tdata-description=\"\"\n\t\t\tclass=\"ngg-fancybox\" rel=\"e53ca1740d945d03354e58484e42b264\">\n\n\t\t\t<img data-image-id='184'\n\t\t\t\ttitle=\"\"\n\t\t\t\talt=\"421059-r_1920_1080-f_jpg-q_x-xxyxx\"\n\t\t\t\tsrc=\"https:\/\/festivalbritannique.fr\/wp-content\/gallery\/NY%20melody\/421059.jpg-r_1920_1080-f_jpg-q_x-xxyxx.jpg\"\n\t\t\t\tstyle=\"max-height: 380px;\"\/>\n\t\t<\/a>\n\n\t\t\n\t\t<a href=\"https:\/\/festivalbritannique.fr\/wp-content\/gallery\/NY%20melody\/437973.jpg-r_1920_1080-f_jpg-q_x-xxyxx.jpg\"\n\t\t\ttitle=\"\"\n\t\t\tdata-src=\"https:\/\/festivalbritannique.fr\/wp-content\/gallery\/NY%20melody\/437973.jpg-r_1920_1080-f_jpg-q_x-xxyxx.jpg\"\n\t\t\tdata-thumbnail=\"https:\/\/festivalbritannique.fr\/wp-content\/gallery\/NY%20melody\/thumbs\/thumbs_437973.jpg-r_1920_1080-f_jpg-q_x-xxyxx.jpg\"\n\t\t\tdata-image-id=\"185\"\n\t\t\tdata-title=\"437973-r_1920_1080-f_jpg-q_x-xxyxx\"\n\t\t\tdata-description=\"\"\n\t\t\tclass=\"ngg-fancybox\" rel=\"e53ca1740d945d03354e58484e42b264\">\n\n\t\t\t<img data-image-id='185'\n\t\t\t\ttitle=\"\"\n\t\t\t\talt=\"437973-r_1920_1080-f_jpg-q_x-xxyxx\"\n\t\t\t\tsrc=\"https:\/\/festivalbritannique.fr\/wp-content\/gallery\/NY%20melody\/437973.jpg-r_1920_1080-f_jpg-q_x-xxyxx.jpg\"\n\t\t\t\tstyle=\"max-height: 380px;\"\/>\n\t\t<\/a>\n\n\t\t\n\t\t<a href=\"https:\/\/festivalbritannique.fr\/wp-content\/gallery\/NY%20melody\/441929.jpg-r_1920_1080-f_jpg-q_x-xxyxx.jpg\"\n\t\t\ttitle=\"\"\n\t\t\tdata-src=\"https:\/\/festivalbritannique.fr\/wp-content\/gallery\/NY%20melody\/441929.jpg-r_1920_1080-f_jpg-q_x-xxyxx.jpg\"\n\t\t\tdata-thumbnail=\"https:\/\/festivalbritannique.fr\/wp-content\/gallery\/NY%20melody\/thumbs\/thumbs_441929.jpg-r_1920_1080-f_jpg-q_x-xxyxx.jpg\"\n\t\t\tdata-image-id=\"186\"\n\t\t\tdata-title=\"441929-r_1920_1080-f_jpg-q_x-xxyxx\"\n\t\t\tdata-description=\"\"\n\t\t\tclass=\"ngg-fancybox\" rel=\"e53ca1740d945d03354e58484e42b264\">\n\n\t\t\t<img data-image-id='186'\n\t\t\t\ttitle=\"\"\n\t\t\t\talt=\"441929-r_1920_1080-f_jpg-q_x-xxyxx\"\n\t\t\t\tsrc=\"https:\/\/festivalbritannique.fr\/wp-content\/gallery\/NY%20melody\/441929.jpg-r_1920_1080-f_jpg-q_x-xxyxx.jpg\"\n\t\t\t\tstyle=\"max-height: 380px;\"\/>\n\t\t<\/a>\n\n\t\t\n\t\t<a href=\"https:\/\/festivalbritannique.fr\/wp-content\/gallery\/NY%20melody\/454922.jpg-r_1920_1080-f_jpg-q_x-xxyxx.jpg\"\n\t\t\ttitle=\"\"\n\t\t\tdata-src=\"https:\/\/festivalbritannique.fr\/wp-content\/gallery\/NY%20melody\/454922.jpg-r_1920_1080-f_jpg-q_x-xxyxx.jpg\"\n\t\t\tdata-thumbnail=\"https:\/\/festivalbritannique.fr\/wp-content\/gallery\/NY%20melody\/thumbs\/thumbs_454922.jpg-r_1920_1080-f_jpg-q_x-xxyxx.jpg\"\n\t\t\tdata-image-id=\"187\"\n\t\t\tdata-title=\"454922-r_1920_1080-f_jpg-q_x-xxyxx\"\n\t\t\tdata-description=\"\"\n\t\t\tclass=\"ngg-fancybox\" rel=\"e53ca1740d945d03354e58484e42b264\">\n\n\t\t\t<img data-image-id='187'\n\t\t\t\ttitle=\"\"\n\t\t\t\talt=\"454922-r_1920_1080-f_jpg-q_x-xxyxx\"\n\t\t\t\tsrc=\"https:\/\/festivalbritannique.fr\/wp-content\/gallery\/NY%20melody\/454922.jpg-r_1920_1080-f_jpg-q_x-xxyxx.jpg\"\n\t\t\t\tstyle=\"max-height: 380px;\"\/>\n\t\t<\/a>\n\n\t\t\n\t\t<a href=\"https:\/\/festivalbritannique.fr\/wp-content\/gallery\/NY%20melody\/591181.jpg-r_1920_1080-f_jpg-q_x-xxyxx.jpg\"\n\t\t\ttitle=\"\"\n\t\t\tdata-src=\"https:\/\/festivalbritannique.fr\/wp-content\/gallery\/NY%20melody\/591181.jpg-r_1920_1080-f_jpg-q_x-xxyxx.jpg\"\n\t\t\tdata-thumbnail=\"https:\/\/festivalbritannique.fr\/wp-content\/gallery\/NY%20melody\/thumbs\/thumbs_591181.jpg-r_1920_1080-f_jpg-q_x-xxyxx.jpg\"\n\t\t\tdata-image-id=\"188\"\n\t\t\tdata-title=\"591181-r_1920_1080-f_jpg-q_x-xxyxx\"\n\t\t\tdata-description=\"\"\n\t\t\tclass=\"ngg-fancybox\" rel=\"e53ca1740d945d03354e58484e42b264\">\n\n\t\t\t<img data-image-id='188'\n\t\t\t\ttitle=\"\"\n\t\t\t\talt=\"591181-r_1920_1080-f_jpg-q_x-xxyxx\"\n\t\t\t\tsrc=\"https:\/\/festivalbritannique.fr\/wp-content\/gallery\/NY%20melody\/591181.jpg-r_1920_1080-f_jpg-q_x-xxyxx.jpg\"\n\t\t\t\tstyle=\"max-height: 380px;\"\/>\n\t\t<\/a>\n\n\t\t<\/div>\n\n\n<\/p>\n<p>&nbsp;<\/p>\n<p><iframe loading=\"lazy\" title=\"New York Melody - Bande annonce #1 VOST\" width=\"1170\" height=\"658\" src=\"https:\/\/www.youtube.com\/embed\/5WJUxMo5YKw?feature=oembed\" frameborder=\"0\" allow=\"accelerometer; autoplay; encrypted-media; gyroscope; picture-in-picture\" allowfullscreen><\/iframe><\/p>\n<p>&nbsp;<\/p>\n<!-- AddThis Advanced Settings generic via filter on the_content --><!-- AddThis Share Buttons generic via filter on the_content -->","protected":false},"excerpt":{"rendered":"<p>Titre original : Begin again Dimanche 12 mars \u00e0 14h30 de John Carney. 1h44. Gretta et son petit ami viennent de d\u00e9barquer \u00e0 NYC. La ville est d&rsquo;autant plus magique pour les deux anglais qu&rsquo;on leur propose de venir y vivre pleinement leur passion : la musique. Le r\u00eave va se briser et l&rsquo;idylle voler<\/p>\n<p><a href=\"https:\/\/festivalbritannique.fr\/?page_id=811\" class=\"more-link themebutton\">Read More<\/a><\/p>\n<p><!-- AddThis Advanced Settings generic via filter on get_the_excerpt --><!-- AddThis Share Buttons generic via filter on get_the_excerpt --><\/p>\n","protected":false},"author":2,"featured_media":0,"parent":1105,"menu_order":0,"comment_status":"closed","ping_status":"closed","template":"","meta":{"ngg_post_thumbnail":0,"footnotes":""},"class_list":["post-811","page","type-page","status-publish","hentry"],"_links":{"self":[{"href":"https:\/\/festivalbritannique.fr\/index.php?rest_route=\/wp\/v2\/pages\/811","targetHints":{"allow":["GET"]}}],"collection":[{"href":"https:\/\/festivalbritannique.fr\/index.php?rest_route=\/wp\/v2\/pages"}],"about":[{"href":"https:\/\/festivalbritannique.fr\/index.php?rest_route=\/wp\/v2\/types\/page"}],"author":[{"embeddable":true,"href":"https:\/\/festivalbritannique.fr\/index.php?rest_route=\/wp\/v2\/users\/2"}],"replies":[{"embeddable":true,"href":"https:\/\/festivalbritannique.fr\/index.php?rest_route=%2Fwp%2Fv2%2Fcomments&post=811"}],"version-history":[{"count":2,"href":"https:\/\/festivalbritannique.fr\/index.php?rest_route=\/wp\/v2\/pages\/811\/revisions"}],"predecessor-version":[{"id":1044,"href":"https:\/\/festivalbritannique.fr\/index.php?rest_route=\/wp\/v2\/pages\/811\/revisions\/1044"}],"up":[{"embeddable":true,"href":"https:\/\/festivalbritannique.fr\/index.php?rest_route=\/wp\/v2\/pages\/1105"}],"wp:attachment":[{"href":"https:\/\/festivalbritannique.fr\/index.php?rest_route=%2Fwp%2Fv2%2Fmedia&parent=811"}],"curies":[{"name":"wp","href":"https:\/\/api.w.org\/{rel}","templated":true}]}}