{"id":812,"date":"2017-02-13T17:46:49","date_gmt":"2017-02-13T16:46:49","guid":{"rendered":"http:\/\/festivalbritannique.fr\/?page_id=812"},"modified":"2018-02-06T10:54:54","modified_gmt":"2018-02-06T09:54:54","slug":"sing-street","status":"publish","type":"page","link":"https:\/\/festivalbritannique.fr\/?page_id=812","title":{"rendered":"Sing street"},"content":{"rendered":"<h3><em>Titre original : <span style=\"color: #0000ff;\">Sing street<br \/>\n<\/span><\/em><\/h3>\n<hr \/>\n<h3><span style=\"color: #ff0000;\"><strong>Dimanche 12 mars \u00e0 17h<\/strong><br \/>\n<\/span><\/h3>\n<hr \/>\n<h5>de John Carney. 1h46.<\/h5>\n<blockquote>\n<h5>Dublin, ann\u00e9es 80. La pop, le rock, le m\u00e9tal, la new wave passent en boucle sur les lecteurs K7, vibrent dans les \u00e9couteurs des walkmans et le rendez-vous hebdomadaire devant\u00a0 \u00ab Top of the Pops \u00bb est incontournable.<br \/>\nConor, un lyc\u00e9en dont les parents sont au bord du divorce, est oblig\u00e9 \u00e0 contrec\u0153ur de rejoindre les bancs de l\u2019\u00e9cole publique dont les r\u00e8gles d\u2019\u00e9ducation diff\u00e8rent de celles de l\u2019\u00e9cole priv\u00e9e qu\u2019il avait l\u2019habitude de fr\u00e9quenter.<br \/>\nIl se retrouve au milieu d\u2019\u00e9l\u00e8ves turbulents qui le malm\u00e8nent et de professeurs exigeants qui lui font rapidement comprendre qu&rsquo;en tant que petit nouveau, il va devoir filer doux. Afin de s\u2019\u00e9chapper de cet univers violent, il n\u2019a qu\u2019un objectif : impressionner la plus jolie fille du quartier, la myst\u00e9rieuse Raphina. Il d\u00e9cide alors de monter un groupe et de se lancer dans la musique, univers dans lequel il ne connait rien ni personne, \u00e0 part les vinyles de sa chambre d\u2019adolescent. Afin de la conqu\u00e9rir,\u00a0 il lui propose de jouer dans son futur clip.<\/h5>\n<hr \/>\n<\/blockquote>\n<p style=\"text-align: center;\">\n<div class=\"ngg-galleryoverview ngg-slideshow\"\n\tid=\"ngg-slideshow-cf09b5dabe28bda38d6fb5ed7bc09c75-14162610180\"\n\tdata-gallery-id=\"cf09b5dabe28bda38d6fb5ed7bc09c75\"\n\tstyle=\"max-width: 600px;\n\t\t\tmax-height: 400px;\n\t\t\tdisplay: none;\">\n\n\t\n\t\t<a href=\"https:\/\/festivalbritannique.fr\/wp-content\/gallery\/Sing%20street\/497519.jpg-c_215_290_x-f_jpg-q_x-xxyxx.jpg\"\n\t\t\ttitle=\"\"\n\t\t\tdata-src=\"https:\/\/festivalbritannique.fr\/wp-content\/gallery\/Sing%20street\/497519.jpg-c_215_290_x-f_jpg-q_x-xxyxx.jpg\"\n\t\t\tdata-thumbnail=\"https:\/\/festivalbritannique.fr\/wp-content\/gallery\/Sing%20street\/thumbs\/thumbs_497519.jpg-c_215_290_x-f_jpg-q_x-xxyxx.jpg\"\n\t\t\tdata-image-id=\"189\"\n\t\t\tdata-title=\"497519-c_215_290_x-f_jpg-q_x-xxyxx\"\n\t\t\tdata-description=\"\"\n\t\t\tclass=\"ngg-fancybox\" rel=\"cf09b5dabe28bda38d6fb5ed7bc09c75\">\n\n\t\t\t<img data-image-id='189'\n\t\t\t\ttitle=\"\"\n\t\t\t\talt=\"497519-c_215_290_x-f_jpg-q_x-xxyxx\"\n\t\t\t\tsrc=\"https:\/\/festivalbritannique.fr\/wp-content\/gallery\/Sing%20street\/497519.jpg-c_215_290_x-f_jpg-q_x-xxyxx.jpg\"\n\t\t\t\tstyle=\"max-height: 380px;\"\/>\n\t\t<\/a>\n\n\t\t\n\t\t<a href=\"https:\/\/festivalbritannique.fr\/wp-content\/gallery\/Sing%20street\/sing-street-poster.jpeg\"\n\t\t\ttitle=\"\"\n\t\t\tdata-src=\"https:\/\/festivalbritannique.fr\/wp-content\/gallery\/Sing%20street\/sing-street-poster.jpeg\"\n\t\t\tdata-thumbnail=\"https:\/\/festivalbritannique.fr\/wp-content\/gallery\/Sing%20street\/thumbs\/thumbs_sing-street-poster.jpeg\"\n\t\t\tdata-image-id=\"190\"\n\t\t\tdata-title=\"sing-street-poster\"\n\t\t\tdata-description=\"\"\n\t\t\tclass=\"ngg-fancybox\" rel=\"cf09b5dabe28bda38d6fb5ed7bc09c75\">\n\n\t\t\t<img data-image-id='190'\n\t\t\t\ttitle=\"\"\n\t\t\t\talt=\"sing-street-poster\"\n\t\t\t\tsrc=\"https:\/\/festivalbritannique.fr\/wp-content\/gallery\/Sing%20street\/sing-street-poster.jpeg\"\n\t\t\t\tstyle=\"max-height: 380px;\"\/>\n\t\t<\/a>\n\n\t\t\n\t\t<a href=\"https:\/\/festivalbritannique.fr\/wp-content\/gallery\/Sing%20street\/319011.jpg-r_1920_1080-f_jpg-q_x-xxyxx.jpg\"\n\t\t\ttitle=\"\"\n\t\t\tdata-src=\"https:\/\/festivalbritannique.fr\/wp-content\/gallery\/Sing%20street\/319011.jpg-r_1920_1080-f_jpg-q_x-xxyxx.jpg\"\n\t\t\tdata-thumbnail=\"https:\/\/festivalbritannique.fr\/wp-content\/gallery\/Sing%20street\/thumbs\/thumbs_319011.jpg-r_1920_1080-f_jpg-q_x-xxyxx.jpg\"\n\t\t\tdata-image-id=\"191\"\n\t\t\tdata-title=\"319011-r_1920_1080-f_jpg-q_x-xxyxx\"\n\t\t\tdata-description=\"\"\n\t\t\tclass=\"ngg-fancybox\" rel=\"cf09b5dabe28bda38d6fb5ed7bc09c75\">\n\n\t\t\t<img data-image-id='191'\n\t\t\t\ttitle=\"\"\n\t\t\t\talt=\"319011-r_1920_1080-f_jpg-q_x-xxyxx\"\n\t\t\t\tsrc=\"https:\/\/festivalbritannique.fr\/wp-content\/gallery\/Sing%20street\/319011.jpg-r_1920_1080-f_jpg-q_x-xxyxx.jpg\"\n\t\t\t\tstyle=\"max-height: 380px;\"\/>\n\t\t<\/a>\n\n\t\t\n\t\t<a href=\"https:\/\/festivalbritannique.fr\/wp-content\/gallery\/Sing%20street\/321824.jpg-r_1920_1080-f_jpg-q_x-xxyxx.jpg\"\n\t\t\ttitle=\"\"\n\t\t\tdata-src=\"https:\/\/festivalbritannique.fr\/wp-content\/gallery\/Sing%20street\/321824.jpg-r_1920_1080-f_jpg-q_x-xxyxx.jpg\"\n\t\t\tdata-thumbnail=\"https:\/\/festivalbritannique.fr\/wp-content\/gallery\/Sing%20street\/thumbs\/thumbs_321824.jpg-r_1920_1080-f_jpg-q_x-xxyxx.jpg\"\n\t\t\tdata-image-id=\"192\"\n\t\t\tdata-title=\"321824-r_1920_1080-f_jpg-q_x-xxyxx\"\n\t\t\tdata-description=\"\"\n\t\t\tclass=\"ngg-fancybox\" rel=\"cf09b5dabe28bda38d6fb5ed7bc09c75\">\n\n\t\t\t<img data-image-id='192'\n\t\t\t\ttitle=\"\"\n\t\t\t\talt=\"321824-r_1920_1080-f_jpg-q_x-xxyxx\"\n\t\t\t\tsrc=\"https:\/\/festivalbritannique.fr\/wp-content\/gallery\/Sing%20street\/321824.jpg-r_1920_1080-f_jpg-q_x-xxyxx.jpg\"\n\t\t\t\tstyle=\"max-height: 380px;\"\/>\n\t\t<\/a>\n\n\t\t\n\t\t<a href=\"https:\/\/festivalbritannique.fr\/wp-content\/gallery\/Sing%20street\/526389.jpg-r_1920_1080-f_jpg-q_x-xxyxx.jpg\"\n\t\t\ttitle=\"\"\n\t\t\tdata-src=\"https:\/\/festivalbritannique.fr\/wp-content\/gallery\/Sing%20street\/526389.jpg-r_1920_1080-f_jpg-q_x-xxyxx.jpg\"\n\t\t\tdata-thumbnail=\"https:\/\/festivalbritannique.fr\/wp-content\/gallery\/Sing%20street\/thumbs\/thumbs_526389.jpg-r_1920_1080-f_jpg-q_x-xxyxx.jpg\"\n\t\t\tdata-image-id=\"193\"\n\t\t\tdata-title=\"526389-r_1920_1080-f_jpg-q_x-xxyxx\"\n\t\t\tdata-description=\"\"\n\t\t\tclass=\"ngg-fancybox\" rel=\"cf09b5dabe28bda38d6fb5ed7bc09c75\">\n\n\t\t\t<img data-image-id='193'\n\t\t\t\ttitle=\"\"\n\t\t\t\talt=\"526389-r_1920_1080-f_jpg-q_x-xxyxx\"\n\t\t\t\tsrc=\"https:\/\/festivalbritannique.fr\/wp-content\/gallery\/Sing%20street\/526389.jpg-r_1920_1080-f_jpg-q_x-xxyxx.jpg\"\n\t\t\t\tstyle=\"max-height: 380px;\"\/>\n\t\t<\/a>\n\n\t\t\n\t\t<a href=\"https:\/\/festivalbritannique.fr\/wp-content\/gallery\/Sing%20street\/576837.jpg-r_1920_1080-f_jpg-q_x-xxyxx.jpg\"\n\t\t\ttitle=\"SING STREET\"\n\t\t\tdata-src=\"https:\/\/festivalbritannique.fr\/wp-content\/gallery\/Sing%20street\/576837.jpg-r_1920_1080-f_jpg-q_x-xxyxx.jpg\"\n\t\t\tdata-thumbnail=\"https:\/\/festivalbritannique.fr\/wp-content\/gallery\/Sing%20street\/thumbs\/thumbs_576837.jpg-r_1920_1080-f_jpg-q_x-xxyxx.jpg\"\n\t\t\tdata-image-id=\"194\"\n\t\t\tdata-title=\"SING STREET_006\"\n\t\t\tdata-description=\"SING STREET\"\n\t\t\tclass=\"ngg-fancybox\" rel=\"cf09b5dabe28bda38d6fb5ed7bc09c75\">\n\n\t\t\t<img data-image-id='194'\n\t\t\t\ttitle=\"SING STREET\"\n\t\t\t\talt=\"SING STREET_006\"\n\t\t\t\tsrc=\"https:\/\/festivalbritannique.fr\/wp-content\/gallery\/Sing%20street\/576837.jpg-r_1920_1080-f_jpg-q_x-xxyxx.jpg\"\n\t\t\t\tstyle=\"max-height: 380px;\"\/>\n\t\t<\/a>\n\n\t\t<\/div>\n\n\n<\/p>\n<p>&nbsp;<\/p>\n<p>https:\/\/www.youtube.com\/watch?v=ICn0qGfJoWs<\/p>\n<p>&nbsp;<\/p>\n<!-- AddThis Advanced Settings generic via filter on the_content --><!-- AddThis Share Buttons generic via filter on the_content -->","protected":false},"excerpt":{"rendered":"<p>Titre original : Sing street Dimanche 12 mars \u00e0 17h de John Carney. 1h46. Dublin, ann\u00e9es 80. La pop, le rock, le m\u00e9tal, la new wave passent en boucle sur les lecteurs K7, vibrent dans les \u00e9couteurs des walkmans et le rendez-vous hebdomadaire devant\u00a0 \u00ab Top of the Pops \u00bb est incontournable. Conor, un lyc\u00e9en<\/p>\n<p><a href=\"https:\/\/festivalbritannique.fr\/?page_id=812\" class=\"more-link themebutton\">Read More<\/a><\/p>\n<p><!-- AddThis Advanced Settings generic via filter on get_the_excerpt --><!-- AddThis Share Buttons generic via filter on get_the_excerpt --><\/p>\n","protected":false},"author":2,"featured_media":0,"parent":1105,"menu_order":0,"comment_status":"closed","ping_status":"closed","template":"","meta":{"ngg_post_thumbnail":0,"footnotes":""},"class_list":["post-812","page","type-page","status-publish","hentry"],"_links":{"self":[{"href":"https:\/\/festivalbritannique.fr\/index.php?rest_route=\/wp\/v2\/pages\/812","targetHints":{"allow":["GET"]}}],"collection":[{"href":"https:\/\/festivalbritannique.fr\/index.php?rest_route=\/wp\/v2\/pages"}],"about":[{"href":"https:\/\/festivalbritannique.fr\/index.php?rest_route=\/wp\/v2\/types\/page"}],"author":[{"embeddable":true,"href":"https:\/\/festivalbritannique.fr\/index.php?rest_route=\/wp\/v2\/users\/2"}],"replies":[{"embeddable":true,"href":"https:\/\/festivalbritannique.fr\/index.php?rest_route=%2Fwp%2Fv2%2Fcomments&post=812"}],"version-history":[{"count":3,"href":"https:\/\/festivalbritannique.fr\/index.php?rest_route=\/wp\/v2\/pages\/812\/revisions"}],"predecessor-version":[{"id":1047,"href":"https:\/\/festivalbritannique.fr\/index.php?rest_route=\/wp\/v2\/pages\/812\/revisions\/1047"}],"up":[{"embeddable":true,"href":"https:\/\/festivalbritannique.fr\/index.php?rest_route=\/wp\/v2\/pages\/1105"}],"wp:attachment":[{"href":"https:\/\/festivalbritannique.fr\/index.php?rest_route=%2Fwp%2Fv2%2Fmedia&parent=812"}],"curies":[{"name":"wp","href":"https:\/\/api.w.org\/{rel}","templated":true}]}}