{"id":813,"date":"2017-02-13T17:53:11","date_gmt":"2017-02-13T16:53:11","guid":{"rendered":"http:\/\/festivalbritannique.fr\/?page_id=813"},"modified":"2018-02-06T10:54:56","modified_gmt":"2018-02-06T09:54:56","slug":"comancheria","status":"publish","type":"page","link":"https:\/\/festivalbritannique.fr\/?page_id=813","title":{"rendered":"Comancheria"},"content":{"rendered":"<h3><em>Titre original : <span style=\"color: #0000ff;\">Hell or High Water<br \/>\n<\/span><\/em><\/h3>\n<hr \/>\n<h3><span style=\"color: #ff0000;\"><strong>Dimanche 12 mars \u00e0 20h30<\/strong><br \/>\n<\/span><\/h3>\n<hr \/>\n<h5>Thriller de David Mackenzie. 1h42.<\/h5>\n<blockquote>\n<h5>Apr\u00e8s la mort de leur m\u00e8re, deux fr\u00e8res organisent une s\u00e9rie de braquages, visant uniquement les agences d\u2019une m\u00eame banque. Ils n\u2019ont que quelques jours pour \u00e9viter la saisie de leur propri\u00e9t\u00e9 familiale, et comptent rembourser la banque avec son propre argent. \u00c0 leurs trousses, un ranger bient\u00f4t \u00e0 la retraite et son adjoint, bien d\u00e9cid\u00e9s \u00e0 les arr\u00eater.<\/h5>\n<hr \/>\n<\/blockquote>\n<p>\n<div class=\"ngg-galleryoverview ngg-slideshow\"\n\tid=\"ngg-slideshow-15d554b7f9df406fab2beb590cbb69b5-6753420690\"\n\tdata-gallery-id=\"15d554b7f9df406fab2beb590cbb69b5\"\n\tstyle=\"max-width: 600px;\n\t\t\tmax-height: 400px;\n\t\t\tdisplay: none;\">\n\n\t\n\t\t<a href=\"https:\/\/festivalbritannique.fr\/wp-content\/gallery\/Comancheria\/comancheria.jpg\"\n\t\t\ttitle=\"\"\n\t\t\tdata-src=\"https:\/\/festivalbritannique.fr\/wp-content\/gallery\/Comancheria\/comancheria.jpg\"\n\t\t\tdata-thumbnail=\"https:\/\/festivalbritannique.fr\/wp-content\/gallery\/Comancheria\/thumbs\/thumbs_comancheria.jpg\"\n\t\t\tdata-image-id=\"195\"\n\t\t\tdata-title=\"comancheria\"\n\t\t\tdata-description=\"\"\n\t\t\tclass=\"ngg-fancybox\" rel=\"15d554b7f9df406fab2beb590cbb69b5\">\n\n\t\t\t<img data-image-id='195'\n\t\t\t\ttitle=\"\"\n\t\t\t\talt=\"comancheria\"\n\t\t\t\tsrc=\"https:\/\/festivalbritannique.fr\/wp-content\/gallery\/Comancheria\/comancheria.jpg\"\n\t\t\t\tstyle=\"max-height: 380px;\"\/>\n\t\t<\/a>\n\n\t\t\n\t\t<a href=\"https:\/\/festivalbritannique.fr\/wp-content\/gallery\/Comancheria\/167356.jpg-r_1920_1080-f_jpg-q_x-xxyxx.jpg\"\n\t\t\ttitle=\"\"\n\t\t\tdata-src=\"https:\/\/festivalbritannique.fr\/wp-content\/gallery\/Comancheria\/167356.jpg-r_1920_1080-f_jpg-q_x-xxyxx.jpg\"\n\t\t\tdata-thumbnail=\"https:\/\/festivalbritannique.fr\/wp-content\/gallery\/Comancheria\/thumbs\/thumbs_167356.jpg-r_1920_1080-f_jpg-q_x-xxyxx.jpg\"\n\t\t\tdata-image-id=\"196\"\n\t\t\tdata-title=\"167356-r_1920_1080-f_jpg-q_x-xxyxx\"\n\t\t\tdata-description=\"\"\n\t\t\tclass=\"ngg-fancybox\" rel=\"15d554b7f9df406fab2beb590cbb69b5\">\n\n\t\t\t<img data-image-id='196'\n\t\t\t\ttitle=\"\"\n\t\t\t\talt=\"167356-r_1920_1080-f_jpg-q_x-xxyxx\"\n\t\t\t\tsrc=\"https:\/\/festivalbritannique.fr\/wp-content\/gallery\/Comancheria\/167356.jpg-r_1920_1080-f_jpg-q_x-xxyxx.jpg\"\n\t\t\t\tstyle=\"max-height: 380px;\"\/>\n\t\t<\/a>\n\n\t\t\n\t\t<a href=\"https:\/\/festivalbritannique.fr\/wp-content\/gallery\/Comancheria\/580583.jpg-r_1920_1080-f_jpg-q_x-xxyxx.jpg\"\n\t\t\ttitle=\"\"\n\t\t\tdata-src=\"https:\/\/festivalbritannique.fr\/wp-content\/gallery\/Comancheria\/580583.jpg-r_1920_1080-f_jpg-q_x-xxyxx.jpg\"\n\t\t\tdata-thumbnail=\"https:\/\/festivalbritannique.fr\/wp-content\/gallery\/Comancheria\/thumbs\/thumbs_580583.jpg-r_1920_1080-f_jpg-q_x-xxyxx.jpg\"\n\t\t\tdata-image-id=\"197\"\n\t\t\tdata-title=\"580583-r_1920_1080-f_jpg-q_x-xxyxx\"\n\t\t\tdata-description=\"\"\n\t\t\tclass=\"ngg-fancybox\" rel=\"15d554b7f9df406fab2beb590cbb69b5\">\n\n\t\t\t<img data-image-id='197'\n\t\t\t\ttitle=\"\"\n\t\t\t\talt=\"580583-r_1920_1080-f_jpg-q_x-xxyxx\"\n\t\t\t\tsrc=\"https:\/\/festivalbritannique.fr\/wp-content\/gallery\/Comancheria\/580583.jpg-r_1920_1080-f_jpg-q_x-xxyxx.jpg\"\n\t\t\t\tstyle=\"max-height: 380px;\"\/>\n\t\t<\/a>\n\n\t\t\n\t\t<a href=\"https:\/\/festivalbritannique.fr\/wp-content\/gallery\/Comancheria\/092683.jpg-r_1920_1080-f_jpg-q_x-xxyxx.jpg\"\n\t\t\ttitle=\"8E9A4004.CR2\"\n\t\t\tdata-src=\"https:\/\/festivalbritannique.fr\/wp-content\/gallery\/Comancheria\/092683.jpg-r_1920_1080-f_jpg-q_x-xxyxx.jpg\"\n\t\t\tdata-thumbnail=\"https:\/\/festivalbritannique.fr\/wp-content\/gallery\/Comancheria\/thumbs\/thumbs_092683.jpg-r_1920_1080-f_jpg-q_x-xxyxx.jpg\"\n\t\t\tdata-image-id=\"198\"\n\t\t\tdata-title=\"8E9A4004.CR2\"\n\t\t\tdata-description=\"8E9A4004.CR2\"\n\t\t\tclass=\"ngg-fancybox\" rel=\"15d554b7f9df406fab2beb590cbb69b5\">\n\n\t\t\t<img data-image-id='198'\n\t\t\t\ttitle=\"8E9A4004.CR2\"\n\t\t\t\talt=\"8E9A4004.CR2\"\n\t\t\t\tsrc=\"https:\/\/festivalbritannique.fr\/wp-content\/gallery\/Comancheria\/092683.jpg-r_1920_1080-f_jpg-q_x-xxyxx.jpg\"\n\t\t\t\tstyle=\"max-height: 380px;\"\/>\n\t\t<\/a>\n\n\t\t\n\t\t<a href=\"https:\/\/festivalbritannique.fr\/wp-content\/gallery\/Comancheria\/093308.jpg-r_1920_1080-f_jpg-q_x-xxyxx.jpg\"\n\t\t\ttitle=\"8E9A3702.CR2\"\n\t\t\tdata-src=\"https:\/\/festivalbritannique.fr\/wp-content\/gallery\/Comancheria\/093308.jpg-r_1920_1080-f_jpg-q_x-xxyxx.jpg\"\n\t\t\tdata-thumbnail=\"https:\/\/festivalbritannique.fr\/wp-content\/gallery\/Comancheria\/thumbs\/thumbs_093308.jpg-r_1920_1080-f_jpg-q_x-xxyxx.jpg\"\n\t\t\tdata-image-id=\"199\"\n\t\t\tdata-title=\"8E9A3702.CR2\"\n\t\t\tdata-description=\"8E9A3702.CR2\"\n\t\t\tclass=\"ngg-fancybox\" rel=\"15d554b7f9df406fab2beb590cbb69b5\">\n\n\t\t\t<img data-image-id='199'\n\t\t\t\ttitle=\"8E9A3702.CR2\"\n\t\t\t\talt=\"8E9A3702.CR2\"\n\t\t\t\tsrc=\"https:\/\/festivalbritannique.fr\/wp-content\/gallery\/Comancheria\/093308.jpg-r_1920_1080-f_jpg-q_x-xxyxx.jpg\"\n\t\t\t\tstyle=\"max-height: 380px;\"\/>\n\t\t<\/a>\n\n\t\t\n\t\t<a href=\"https:\/\/festivalbritannique.fr\/wp-content\/gallery\/Comancheria\/093933.jpg-r_1920_1080-f_jpg-q_x-xxyxx.jpg\"\n\t\t\ttitle=\"HR6A1489.CR2\"\n\t\t\tdata-src=\"https:\/\/festivalbritannique.fr\/wp-content\/gallery\/Comancheria\/093933.jpg-r_1920_1080-f_jpg-q_x-xxyxx.jpg\"\n\t\t\tdata-thumbnail=\"https:\/\/festivalbritannique.fr\/wp-content\/gallery\/Comancheria\/thumbs\/thumbs_093933.jpg-r_1920_1080-f_jpg-q_x-xxyxx.jpg\"\n\t\t\tdata-image-id=\"200\"\n\t\t\tdata-title=\"HR6A1489.CR2\"\n\t\t\tdata-description=\"HR6A1489.CR2\"\n\t\t\tclass=\"ngg-fancybox\" rel=\"15d554b7f9df406fab2beb590cbb69b5\">\n\n\t\t\t<img data-image-id='200'\n\t\t\t\ttitle=\"HR6A1489.CR2\"\n\t\t\t\talt=\"HR6A1489.CR2\"\n\t\t\t\tsrc=\"https:\/\/festivalbritannique.fr\/wp-content\/gallery\/Comancheria\/093933.jpg-r_1920_1080-f_jpg-q_x-xxyxx.jpg\"\n\t\t\t\tstyle=\"max-height: 380px;\"\/>\n\t\t<\/a>\n\n\t\t\n\t\t<a href=\"https:\/\/festivalbritannique.fr\/wp-content\/gallery\/Comancheria\/094402.jpg-r_1920_1080-f_jpg-q_x-xxyxx.jpg\"\n\t\t\ttitle=\"8E9A6177.CR2\"\n\t\t\tdata-src=\"https:\/\/festivalbritannique.fr\/wp-content\/gallery\/Comancheria\/094402.jpg-r_1920_1080-f_jpg-q_x-xxyxx.jpg\"\n\t\t\tdata-thumbnail=\"https:\/\/festivalbritannique.fr\/wp-content\/gallery\/Comancheria\/thumbs\/thumbs_094402.jpg-r_1920_1080-f_jpg-q_x-xxyxx.jpg\"\n\t\t\tdata-image-id=\"201\"\n\t\t\tdata-title=\"8E9A6177.CR2\"\n\t\t\tdata-description=\"8E9A6177.CR2\"\n\t\t\tclass=\"ngg-fancybox\" rel=\"15d554b7f9df406fab2beb590cbb69b5\">\n\n\t\t\t<img data-image-id='201'\n\t\t\t\ttitle=\"8E9A6177.CR2\"\n\t\t\t\talt=\"8E9A6177.CR2\"\n\t\t\t\tsrc=\"https:\/\/festivalbritannique.fr\/wp-content\/gallery\/Comancheria\/094402.jpg-r_1920_1080-f_jpg-q_x-xxyxx.jpg\"\n\t\t\t\tstyle=\"max-height: 380px;\"\/>\n\t\t<\/a>\n\n\t\t\n\t\t<a href=\"https:\/\/festivalbritannique.fr\/wp-content\/gallery\/Comancheria\/095027.jpg-r_1920_1080-f_jpg-q_x-xxyxx.jpg\"\n\t\t\ttitle=\"8E9A4886.CR2\"\n\t\t\tdata-src=\"https:\/\/festivalbritannique.fr\/wp-content\/gallery\/Comancheria\/095027.jpg-r_1920_1080-f_jpg-q_x-xxyxx.jpg\"\n\t\t\tdata-thumbnail=\"https:\/\/festivalbritannique.fr\/wp-content\/gallery\/Comancheria\/thumbs\/thumbs_095027.jpg-r_1920_1080-f_jpg-q_x-xxyxx.jpg\"\n\t\t\tdata-image-id=\"202\"\n\t\t\tdata-title=\"8E9A4886.CR2\"\n\t\t\tdata-description=\"8E9A4886.CR2\"\n\t\t\tclass=\"ngg-fancybox\" rel=\"15d554b7f9df406fab2beb590cbb69b5\">\n\n\t\t\t<img data-image-id='202'\n\t\t\t\ttitle=\"8E9A4886.CR2\"\n\t\t\t\talt=\"8E9A4886.CR2\"\n\t\t\t\tsrc=\"https:\/\/festivalbritannique.fr\/wp-content\/gallery\/Comancheria\/095027.jpg-r_1920_1080-f_jpg-q_x-xxyxx.jpg\"\n\t\t\t\tstyle=\"max-height: 380px;\"\/>\n\t\t<\/a>\n\n\t\t\n\t\t<a href=\"https:\/\/festivalbritannique.fr\/wp-content\/gallery\/Comancheria\/095496.jpg-r_1920_1080-f_jpg-q_x-xxyxx.jpg\"\n\t\t\ttitle=\"8E9A4311.CR2\"\n\t\t\tdata-src=\"https:\/\/festivalbritannique.fr\/wp-content\/gallery\/Comancheria\/095496.jpg-r_1920_1080-f_jpg-q_x-xxyxx.jpg\"\n\t\t\tdata-thumbnail=\"https:\/\/festivalbritannique.fr\/wp-content\/gallery\/Comancheria\/thumbs\/thumbs_095496.jpg-r_1920_1080-f_jpg-q_x-xxyxx.jpg\"\n\t\t\tdata-image-id=\"203\"\n\t\t\tdata-title=\"8E9A4311.CR2\"\n\t\t\tdata-description=\"8E9A4311.CR2\"\n\t\t\tclass=\"ngg-fancybox\" rel=\"15d554b7f9df406fab2beb590cbb69b5\">\n\n\t\t\t<img data-image-id='203'\n\t\t\t\ttitle=\"8E9A4311.CR2\"\n\t\t\t\talt=\"8E9A4311.CR2\"\n\t\t\t\tsrc=\"https:\/\/festivalbritannique.fr\/wp-content\/gallery\/Comancheria\/095496.jpg-r_1920_1080-f_jpg-q_x-xxyxx.jpg\"\n\t\t\t\tstyle=\"max-height: 380px;\"\/>\n\t\t<\/a>\n\n\t\t\n\t\t<a href=\"https:\/\/festivalbritannique.fr\/wp-content\/gallery\/Comancheria\/096121.jpg-r_1920_1080-f_jpg-q_x-xxyxx.jpg\"\n\t\t\ttitle=\"8E9A5910.CR2\"\n\t\t\tdata-src=\"https:\/\/festivalbritannique.fr\/wp-content\/gallery\/Comancheria\/096121.jpg-r_1920_1080-f_jpg-q_x-xxyxx.jpg\"\n\t\t\tdata-thumbnail=\"https:\/\/festivalbritannique.fr\/wp-content\/gallery\/Comancheria\/thumbs\/thumbs_096121.jpg-r_1920_1080-f_jpg-q_x-xxyxx.jpg\"\n\t\t\tdata-image-id=\"204\"\n\t\t\tdata-title=\"8E9A5910.CR2\"\n\t\t\tdata-description=\"8E9A5910.CR2\"\n\t\t\tclass=\"ngg-fancybox\" rel=\"15d554b7f9df406fab2beb590cbb69b5\">\n\n\t\t\t<img data-image-id='204'\n\t\t\t\ttitle=\"8E9A5910.CR2\"\n\t\t\t\talt=\"8E9A5910.CR2\"\n\t\t\t\tsrc=\"https:\/\/festivalbritannique.fr\/wp-content\/gallery\/Comancheria\/096121.jpg-r_1920_1080-f_jpg-q_x-xxyxx.jpg\"\n\t\t\t\tstyle=\"max-height: 380px;\"\/>\n\t\t<\/a>\n\n\t\t\n\t\t<a href=\"https:\/\/festivalbritannique.fr\/wp-content\/gallery\/Comancheria\/379365.jpg-r_1920_1080-f_jpg-q_x-xxyxx.jpg\"\n\t\t\ttitle=\"HR6A1177.CR2\"\n\t\t\tdata-src=\"https:\/\/festivalbritannique.fr\/wp-content\/gallery\/Comancheria\/379365.jpg-r_1920_1080-f_jpg-q_x-xxyxx.jpg\"\n\t\t\tdata-thumbnail=\"https:\/\/festivalbritannique.fr\/wp-content\/gallery\/Comancheria\/thumbs\/thumbs_379365.jpg-r_1920_1080-f_jpg-q_x-xxyxx.jpg\"\n\t\t\tdata-image-id=\"205\"\n\t\t\tdata-title=\"HR6A1177.CR2\"\n\t\t\tdata-description=\"HR6A1177.CR2\"\n\t\t\tclass=\"ngg-fancybox\" rel=\"15d554b7f9df406fab2beb590cbb69b5\">\n\n\t\t\t<img data-image-id='205'\n\t\t\t\ttitle=\"HR6A1177.CR2\"\n\t\t\t\talt=\"HR6A1177.CR2\"\n\t\t\t\tsrc=\"https:\/\/festivalbritannique.fr\/wp-content\/gallery\/Comancheria\/379365.jpg-r_1920_1080-f_jpg-q_x-xxyxx.jpg\"\n\t\t\t\tstyle=\"max-height: 380px;\"\/>\n\t\t<\/a>\n\n\t\t\n\t\t<a href=\"https:\/\/festivalbritannique.fr\/wp-content\/gallery\/Comancheria\/379678.jpg-r_1920_1080-f_jpg-q_x-xxyxx.jpg\"\n\t\t\ttitle=\"1_8E9A0231.CR2\"\n\t\t\tdata-src=\"https:\/\/festivalbritannique.fr\/wp-content\/gallery\/Comancheria\/379678.jpg-r_1920_1080-f_jpg-q_x-xxyxx.jpg\"\n\t\t\tdata-thumbnail=\"https:\/\/festivalbritannique.fr\/wp-content\/gallery\/Comancheria\/thumbs\/thumbs_379678.jpg-r_1920_1080-f_jpg-q_x-xxyxx.jpg\"\n\t\t\tdata-image-id=\"206\"\n\t\t\tdata-title=\"1_8E9A0231.CR2\"\n\t\t\tdata-description=\"1_8E9A0231.CR2\"\n\t\t\tclass=\"ngg-fancybox\" rel=\"15d554b7f9df406fab2beb590cbb69b5\">\n\n\t\t\t<img data-image-id='206'\n\t\t\t\ttitle=\"1_8E9A0231.CR2\"\n\t\t\t\talt=\"1_8E9A0231.CR2\"\n\t\t\t\tsrc=\"https:\/\/festivalbritannique.fr\/wp-content\/gallery\/Comancheria\/379678.jpg-r_1920_1080-f_jpg-q_x-xxyxx.jpg\"\n\t\t\t\tstyle=\"max-height: 380px;\"\/>\n\t\t<\/a>\n\n\t\t\n\t\t<a href=\"https:\/\/festivalbritannique.fr\/wp-content\/gallery\/Comancheria\/380772.jpg-r_1920_1080-f_jpg-q_x-xxyxx.jpg\"\n\t\t\ttitle=\"HR6A0584.CR2\"\n\t\t\tdata-src=\"https:\/\/festivalbritannique.fr\/wp-content\/gallery\/Comancheria\/380772.jpg-r_1920_1080-f_jpg-q_x-xxyxx.jpg\"\n\t\t\tdata-thumbnail=\"https:\/\/festivalbritannique.fr\/wp-content\/gallery\/Comancheria\/thumbs\/thumbs_380772.jpg-r_1920_1080-f_jpg-q_x-xxyxx.jpg\"\n\t\t\tdata-image-id=\"207\"\n\t\t\tdata-title=\"HR6A0584.CR2\"\n\t\t\tdata-description=\"HR6A0584.CR2\"\n\t\t\tclass=\"ngg-fancybox\" rel=\"15d554b7f9df406fab2beb590cbb69b5\">\n\n\t\t\t<img data-image-id='207'\n\t\t\t\ttitle=\"HR6A0584.CR2\"\n\t\t\t\talt=\"HR6A0584.CR2\"\n\t\t\t\tsrc=\"https:\/\/festivalbritannique.fr\/wp-content\/gallery\/Comancheria\/380772.jpg-r_1920_1080-f_jpg-q_x-xxyxx.jpg\"\n\t\t\t\tstyle=\"max-height: 380px;\"\/>\n\t\t<\/a>\n\n\t\t\n\t\t<a href=\"https:\/\/festivalbritannique.fr\/wp-content\/gallery\/Comancheria\/538675.jpg-r_1920_1080-f_jpg-q_x-xxyxx.jpg\"\n\t\t\ttitle=\"8E9A2304.CR2\"\n\t\t\tdata-src=\"https:\/\/festivalbritannique.fr\/wp-content\/gallery\/Comancheria\/538675.jpg-r_1920_1080-f_jpg-q_x-xxyxx.jpg\"\n\t\t\tdata-thumbnail=\"https:\/\/festivalbritannique.fr\/wp-content\/gallery\/Comancheria\/thumbs\/thumbs_538675.jpg-r_1920_1080-f_jpg-q_x-xxyxx.jpg\"\n\t\t\tdata-image-id=\"208\"\n\t\t\tdata-title=\"8E9A2304.CR2\"\n\t\t\tdata-description=\"8E9A2304.CR2\"\n\t\t\tclass=\"ngg-fancybox\" rel=\"15d554b7f9df406fab2beb590cbb69b5\">\n\n\t\t\t<img data-image-id='208'\n\t\t\t\ttitle=\"8E9A2304.CR2\"\n\t\t\t\talt=\"8E9A2304.CR2\"\n\t\t\t\tsrc=\"https:\/\/festivalbritannique.fr\/wp-content\/gallery\/Comancheria\/538675.jpg-r_1920_1080-f_jpg-q_x-xxyxx.jpg\"\n\t\t\t\tstyle=\"max-height: 380px;\"\/>\n\t\t<\/a>\n\n\t\t<\/div>\n\n\n<\/p>\n<p>&nbsp;<\/p>\n<p><iframe loading=\"lazy\" title=\"COMANCHERIA Bande Annonce + Extraits VOST (Chris Pine, Jeff Bridges - Thriller, 2016)\" width=\"1170\" height=\"658\" src=\"https:\/\/www.youtube.com\/embed\/wyDnd_vQU7k?feature=oembed\" frameborder=\"0\" allow=\"accelerometer; autoplay; encrypted-media; gyroscope; picture-in-picture\" allowfullscreen><\/iframe><\/p>\n<p>&nbsp;<\/p>\n<!-- AddThis Advanced Settings generic via filter on the_content --><!-- AddThis Share Buttons generic via filter on the_content -->","protected":false},"excerpt":{"rendered":"<p>Titre original : Hell or High Water Dimanche 12 mars \u00e0 20h30 Thriller de David Mackenzie. 1h42. Apr\u00e8s la mort de leur m\u00e8re, deux fr\u00e8res organisent une s\u00e9rie de braquages, visant uniquement les agences d\u2019une m\u00eame banque. Ils n\u2019ont que quelques jours pour \u00e9viter la saisie de leur propri\u00e9t\u00e9 familiale, et comptent rembourser la banque<\/p>\n<p><a href=\"https:\/\/festivalbritannique.fr\/?page_id=813\" class=\"more-link themebutton\">Read More<\/a><\/p>\n<p><!-- AddThis Advanced Settings generic via filter on get_the_excerpt --><!-- AddThis Share Buttons generic via filter on get_the_excerpt --><\/p>\n","protected":false},"author":2,"featured_media":0,"parent":1105,"menu_order":0,"comment_status":"closed","ping_status":"closed","template":"","meta":{"ngg_post_thumbnail":0,"footnotes":""},"class_list":["post-813","page","type-page","status-publish","hentry"],"_links":{"self":[{"href":"https:\/\/festivalbritannique.fr\/index.php?rest_route=\/wp\/v2\/pages\/813","targetHints":{"allow":["GET"]}}],"collection":[{"href":"https:\/\/festivalbritannique.fr\/index.php?rest_route=\/wp\/v2\/pages"}],"about":[{"href":"https:\/\/festivalbritannique.fr\/index.php?rest_route=\/wp\/v2\/types\/page"}],"author":[{"embeddable":true,"href":"https:\/\/festivalbritannique.fr\/index.php?rest_route=\/wp\/v2\/users\/2"}],"replies":[{"embeddable":true,"href":"https:\/\/festivalbritannique.fr\/index.php?rest_route=%2Fwp%2Fv2%2Fcomments&post=813"}],"version-history":[{"count":2,"href":"https:\/\/festivalbritannique.fr\/index.php?rest_route=\/wp\/v2\/pages\/813\/revisions"}],"predecessor-version":[{"id":1074,"href":"https:\/\/festivalbritannique.fr\/index.php?rest_route=\/wp\/v2\/pages\/813\/revisions\/1074"}],"up":[{"embeddable":true,"href":"https:\/\/festivalbritannique.fr\/index.php?rest_route=\/wp\/v2\/pages\/1105"}],"wp:attachment":[{"href":"https:\/\/festivalbritannique.fr\/index.php?rest_route=%2Fwp%2Fv2%2Fmedia&parent=813"}],"curies":[{"name":"wp","href":"https:\/\/api.w.org\/{rel}","templated":true}]}}