{"id":814,"date":"2017-02-13T16:39:08","date_gmt":"2017-02-13T15:39:08","guid":{"rendered":"http:\/\/festivalbritannique.fr\/?page_id=814"},"modified":"2018-02-06T10:54:40","modified_gmt":"2018-02-06T09:54:40","slug":"boy-a","status":"publish","type":"page","link":"https:\/\/festivalbritannique.fr\/?page_id=814","title":{"rendered":"Boy A"},"content":{"rendered":"<h3><em>Titre original : <span style=\"color: #0000ff;\">Boy A<br \/>\n<\/span><\/em><\/h3>\n<hr \/>\n<h3><span style=\"color: #ff0000;\"><strong>Samedi 11 mars \u00e0 14h<\/strong><br \/>\n<\/span><\/h3>\n<hr \/>\n<h5>de John Crowley. 1h40.<\/h5>\n<blockquote>\n<h5>A 24 ans, Jack sort de prison o\u00f9 il a pass\u00e9 toute son adolescence pour un meurtre qu&rsquo;il a commis lorsqu&rsquo;il \u00e9tait enfant. D\u00e8s sa lib\u00e9ration, Terry, assistant social, l&#8217;emm\u00e8ne le plus loin possible de ce scandale encore pr\u00e9sent dans tous les esprits. Terry lui donne un autre nom, lui trouve un travail, une maison. Dans cette ville d&rsquo;Angleterre qu&rsquo;il ne conna\u00eet pas, Jack se construit une nouvelle vie \u00e0 laquelle il tente de se tenir. Mais si l&rsquo;anonymat est un r\u00e9pit, il est aussi une douloureuse contrainte puisque Jack ne peut r\u00e9v\u00e9ler \u00e0 ses nouveaux coll\u00e8gues ou amis, et \u00e0 la fille dont il tombe amoureux, la vraie nature de son pass\u00e9. Jusqu&rsquo;au jour o\u00f9, par hasard, Jack devient un h\u00e9ros local et que sa photo appara\u00eet \u00e0 la une des quotidiens&#8230;<\/h5>\n<hr \/>\n<\/blockquote>\n<p>\n<div class=\"ngg-galleryoverview ngg-slideshow\"\n\tid=\"ngg-slideshow-e7f692d38bac603ed9842c98be3d9503-3493844140\"\n\tdata-gallery-id=\"e7f692d38bac603ed9842c98be3d9503\"\n\tstyle=\"max-width: 600px;\n\t\t\tmax-height: 400px;\n\t\t\tdisplay: none;\">\n\n\t\n\t\t<a href=\"https:\/\/festivalbritannique.fr\/wp-content\/gallery\/Boy%20A\/boy-a.jpg\"\n\t\t\ttitle=\"\"\n\t\t\tdata-src=\"https:\/\/festivalbritannique.fr\/wp-content\/gallery\/Boy%20A\/boy-a.jpg\"\n\t\t\tdata-thumbnail=\"https:\/\/festivalbritannique.fr\/wp-content\/gallery\/Boy%20A\/thumbs\/thumbs_boy-a.jpg\"\n\t\t\tdata-image-id=\"127\"\n\t\t\tdata-title=\"boy a\"\n\t\t\tdata-description=\"\"\n\t\t\tclass=\"ngg-fancybox\" rel=\"e7f692d38bac603ed9842c98be3d9503\">\n\n\t\t\t<img data-image-id='127'\n\t\t\t\ttitle=\"\"\n\t\t\t\talt=\"boy a\"\n\t\t\t\tsrc=\"https:\/\/festivalbritannique.fr\/wp-content\/gallery\/Boy%20A\/boy-a.jpg\"\n\t\t\t\tstyle=\"max-height: 380px;\"\/>\n\t\t<\/a>\n\n\t\t\n\t\t<a href=\"https:\/\/festivalbritannique.fr\/wp-content\/gallery\/Boy%20A\/19001517.jpg-r_1920_1080-f_jpg-q_x-xxyxx.jpg\"\n\t\t\ttitle=\"\"\n\t\t\tdata-src=\"https:\/\/festivalbritannique.fr\/wp-content\/gallery\/Boy%20A\/19001517.jpg-r_1920_1080-f_jpg-q_x-xxyxx.jpg\"\n\t\t\tdata-thumbnail=\"https:\/\/festivalbritannique.fr\/wp-content\/gallery\/Boy%20A\/thumbs\/thumbs_19001517.jpg-r_1920_1080-f_jpg-q_x-xxyxx.jpg\"\n\t\t\tdata-image-id=\"128\"\n\t\t\tdata-title=\"19001517-r_1920_1080-f_jpg-q_x-xxyxx\"\n\t\t\tdata-description=\"\"\n\t\t\tclass=\"ngg-fancybox\" rel=\"e7f692d38bac603ed9842c98be3d9503\">\n\n\t\t\t<img data-image-id='128'\n\t\t\t\ttitle=\"\"\n\t\t\t\talt=\"19001517-r_1920_1080-f_jpg-q_x-xxyxx\"\n\t\t\t\tsrc=\"https:\/\/festivalbritannique.fr\/wp-content\/gallery\/Boy%20A\/19001517.jpg-r_1920_1080-f_jpg-q_x-xxyxx.jpg\"\n\t\t\t\tstyle=\"max-height: 380px;\"\/>\n\t\t<\/a>\n\n\t\t\n\t\t<a href=\"https:\/\/festivalbritannique.fr\/wp-content\/gallery\/Boy%20A\/19001518.jpg-r_1920_1080-f_jpg-q_x-xxyxx.jpg\"\n\t\t\ttitle=\"\"\n\t\t\tdata-src=\"https:\/\/festivalbritannique.fr\/wp-content\/gallery\/Boy%20A\/19001518.jpg-r_1920_1080-f_jpg-q_x-xxyxx.jpg\"\n\t\t\tdata-thumbnail=\"https:\/\/festivalbritannique.fr\/wp-content\/gallery\/Boy%20A\/thumbs\/thumbs_19001518.jpg-r_1920_1080-f_jpg-q_x-xxyxx.jpg\"\n\t\t\tdata-image-id=\"129\"\n\t\t\tdata-title=\"19001518-r_1920_1080-f_jpg-q_x-xxyxx\"\n\t\t\tdata-description=\"\"\n\t\t\tclass=\"ngg-fancybox\" rel=\"e7f692d38bac603ed9842c98be3d9503\">\n\n\t\t\t<img data-image-id='129'\n\t\t\t\ttitle=\"\"\n\t\t\t\talt=\"19001518-r_1920_1080-f_jpg-q_x-xxyxx\"\n\t\t\t\tsrc=\"https:\/\/festivalbritannique.fr\/wp-content\/gallery\/Boy%20A\/19001518.jpg-r_1920_1080-f_jpg-q_x-xxyxx.jpg\"\n\t\t\t\tstyle=\"max-height: 380px;\"\/>\n\t\t<\/a>\n\n\t\t\n\t\t<a href=\"https:\/\/festivalbritannique.fr\/wp-content\/gallery\/Boy%20A\/19001519.jpg-r_1920_1080-f_jpg-q_x-xxyxx.jpg\"\n\t\t\ttitle=\"\"\n\t\t\tdata-src=\"https:\/\/festivalbritannique.fr\/wp-content\/gallery\/Boy%20A\/19001519.jpg-r_1920_1080-f_jpg-q_x-xxyxx.jpg\"\n\t\t\tdata-thumbnail=\"https:\/\/festivalbritannique.fr\/wp-content\/gallery\/Boy%20A\/thumbs\/thumbs_19001519.jpg-r_1920_1080-f_jpg-q_x-xxyxx.jpg\"\n\t\t\tdata-image-id=\"130\"\n\t\t\tdata-title=\"19001519-r_1920_1080-f_jpg-q_x-xxyxx\"\n\t\t\tdata-description=\"\"\n\t\t\tclass=\"ngg-fancybox\" rel=\"e7f692d38bac603ed9842c98be3d9503\">\n\n\t\t\t<img data-image-id='130'\n\t\t\t\ttitle=\"\"\n\t\t\t\talt=\"19001519-r_1920_1080-f_jpg-q_x-xxyxx\"\n\t\t\t\tsrc=\"https:\/\/festivalbritannique.fr\/wp-content\/gallery\/Boy%20A\/19001519.jpg-r_1920_1080-f_jpg-q_x-xxyxx.jpg\"\n\t\t\t\tstyle=\"max-height: 380px;\"\/>\n\t\t<\/a>\n\n\t\t\n\t\t<a href=\"https:\/\/festivalbritannique.fr\/wp-content\/gallery\/Boy%20A\/19062286.jpg-r_1920_1080-f_jpg-q_x-xxyxx.jpg\"\n\t\t\ttitle=\"\"\n\t\t\tdata-src=\"https:\/\/festivalbritannique.fr\/wp-content\/gallery\/Boy%20A\/19062286.jpg-r_1920_1080-f_jpg-q_x-xxyxx.jpg\"\n\t\t\tdata-thumbnail=\"https:\/\/festivalbritannique.fr\/wp-content\/gallery\/Boy%20A\/thumbs\/thumbs_19062286.jpg-r_1920_1080-f_jpg-q_x-xxyxx.jpg\"\n\t\t\tdata-image-id=\"131\"\n\t\t\tdata-title=\"19062286-r_1920_1080-f_jpg-q_x-xxyxx\"\n\t\t\tdata-description=\"\"\n\t\t\tclass=\"ngg-fancybox\" rel=\"e7f692d38bac603ed9842c98be3d9503\">\n\n\t\t\t<img data-image-id='131'\n\t\t\t\ttitle=\"\"\n\t\t\t\talt=\"19062286-r_1920_1080-f_jpg-q_x-xxyxx\"\n\t\t\t\tsrc=\"https:\/\/festivalbritannique.fr\/wp-content\/gallery\/Boy%20A\/19062286.jpg-r_1920_1080-f_jpg-q_x-xxyxx.jpg\"\n\t\t\t\tstyle=\"max-height: 380px;\"\/>\n\t\t<\/a>\n\n\t\t\n\t\t<a href=\"https:\/\/festivalbritannique.fr\/wp-content\/gallery\/Boy%20A\/19062287.jpg-r_1920_1080-f_jpg-q_x-xxyxx.jpg\"\n\t\t\ttitle=\"\"\n\t\t\tdata-src=\"https:\/\/festivalbritannique.fr\/wp-content\/gallery\/Boy%20A\/19062287.jpg-r_1920_1080-f_jpg-q_x-xxyxx.jpg\"\n\t\t\tdata-thumbnail=\"https:\/\/festivalbritannique.fr\/wp-content\/gallery\/Boy%20A\/thumbs\/thumbs_19062287.jpg-r_1920_1080-f_jpg-q_x-xxyxx.jpg\"\n\t\t\tdata-image-id=\"132\"\n\t\t\tdata-title=\"19062287-r_1920_1080-f_jpg-q_x-xxyxx\"\n\t\t\tdata-description=\"\"\n\t\t\tclass=\"ngg-fancybox\" rel=\"e7f692d38bac603ed9842c98be3d9503\">\n\n\t\t\t<img data-image-id='132'\n\t\t\t\ttitle=\"\"\n\t\t\t\talt=\"19062287-r_1920_1080-f_jpg-q_x-xxyxx\"\n\t\t\t\tsrc=\"https:\/\/festivalbritannique.fr\/wp-content\/gallery\/Boy%20A\/19062287.jpg-r_1920_1080-f_jpg-q_x-xxyxx.jpg\"\n\t\t\t\tstyle=\"max-height: 380px;\"\/>\n\t\t<\/a>\n\n\t\t\n\t\t<a href=\"https:\/\/festivalbritannique.fr\/wp-content\/gallery\/Boy%20A\/19062288.jpg-r_1920_1080-f_jpg-q_x-xxyxx.jpg\"\n\t\t\ttitle=\"\"\n\t\t\tdata-src=\"https:\/\/festivalbritannique.fr\/wp-content\/gallery\/Boy%20A\/19062288.jpg-r_1920_1080-f_jpg-q_x-xxyxx.jpg\"\n\t\t\tdata-thumbnail=\"https:\/\/festivalbritannique.fr\/wp-content\/gallery\/Boy%20A\/thumbs\/thumbs_19062288.jpg-r_1920_1080-f_jpg-q_x-xxyxx.jpg\"\n\t\t\tdata-image-id=\"133\"\n\t\t\tdata-title=\"19062288-r_1920_1080-f_jpg-q_x-xxyxx\"\n\t\t\tdata-description=\"\"\n\t\t\tclass=\"ngg-fancybox\" rel=\"e7f692d38bac603ed9842c98be3d9503\">\n\n\t\t\t<img data-image-id='133'\n\t\t\t\ttitle=\"\"\n\t\t\t\talt=\"19062288-r_1920_1080-f_jpg-q_x-xxyxx\"\n\t\t\t\tsrc=\"https:\/\/festivalbritannique.fr\/wp-content\/gallery\/Boy%20A\/19062288.jpg-r_1920_1080-f_jpg-q_x-xxyxx.jpg\"\n\t\t\t\tstyle=\"max-height: 380px;\"\/>\n\t\t<\/a>\n\n\t\t\n\t\t<a href=\"https:\/\/festivalbritannique.fr\/wp-content\/gallery\/Boy%20A\/19062289.jpg-r_1920_1080-f_jpg-q_x-xxyxx.jpg\"\n\t\t\ttitle=\"\"\n\t\t\tdata-src=\"https:\/\/festivalbritannique.fr\/wp-content\/gallery\/Boy%20A\/19062289.jpg-r_1920_1080-f_jpg-q_x-xxyxx.jpg\"\n\t\t\tdata-thumbnail=\"https:\/\/festivalbritannique.fr\/wp-content\/gallery\/Boy%20A\/thumbs\/thumbs_19062289.jpg-r_1920_1080-f_jpg-q_x-xxyxx.jpg\"\n\t\t\tdata-image-id=\"134\"\n\t\t\tdata-title=\"19062289-r_1920_1080-f_jpg-q_x-xxyxx\"\n\t\t\tdata-description=\"\"\n\t\t\tclass=\"ngg-fancybox\" rel=\"e7f692d38bac603ed9842c98be3d9503\">\n\n\t\t\t<img data-image-id='134'\n\t\t\t\ttitle=\"\"\n\t\t\t\talt=\"19062289-r_1920_1080-f_jpg-q_x-xxyxx\"\n\t\t\t\tsrc=\"https:\/\/festivalbritannique.fr\/wp-content\/gallery\/Boy%20A\/19062289.jpg-r_1920_1080-f_jpg-q_x-xxyxx.jpg\"\n\t\t\t\tstyle=\"max-height: 380px;\"\/>\n\t\t<\/a>\n\n\t\t<\/div>\n\n\n<\/p>\n<p style=\"text-align: center;\">\n<p><iframe loading=\"lazy\" title=\"BOY A (Bande Annonce)\" width=\"1170\" height=\"878\" src=\"https:\/\/www.youtube.com\/embed\/NN82ZUmCzug?feature=oembed\" frameborder=\"0\" allow=\"accelerometer; autoplay; encrypted-media; gyroscope; picture-in-picture\" allowfullscreen><\/iframe><\/p>\n<p style=\"text-align: center;\">\n<!-- AddThis Advanced Settings generic via filter on the_content --><!-- AddThis Share Buttons generic via filter on the_content -->","protected":false},"excerpt":{"rendered":"<p>Titre original : Boy A Samedi 11 mars \u00e0 14h de John Crowley. 1h40. A 24 ans, Jack sort de prison o\u00f9 il a pass\u00e9 toute son adolescence pour un meurtre qu&rsquo;il a commis lorsqu&rsquo;il \u00e9tait enfant. D\u00e8s sa lib\u00e9ration, Terry, assistant social, l&#8217;emm\u00e8ne le plus loin possible de ce scandale encore pr\u00e9sent dans tous<\/p>\n<p><a href=\"https:\/\/festivalbritannique.fr\/?page_id=814\" class=\"more-link themebutton\">Read More<\/a><\/p>\n<p><!-- AddThis Advanced Settings generic via filter on get_the_excerpt --><!-- AddThis Share Buttons generic via filter on get_the_excerpt --><\/p>\n","protected":false},"author":2,"featured_media":0,"parent":1105,"menu_order":0,"comment_status":"closed","ping_status":"closed","template":"","meta":{"ngg_post_thumbnail":0,"footnotes":""},"class_list":["post-814","page","type-page","status-publish","hentry"],"_links":{"self":[{"href":"https:\/\/festivalbritannique.fr\/index.php?rest_route=\/wp\/v2\/pages\/814","targetHints":{"allow":["GET"]}}],"collection":[{"href":"https:\/\/festivalbritannique.fr\/index.php?rest_route=\/wp\/v2\/pages"}],"about":[{"href":"https:\/\/festivalbritannique.fr\/index.php?rest_route=\/wp\/v2\/types\/page"}],"author":[{"embeddable":true,"href":"https:\/\/festivalbritannique.fr\/index.php?rest_route=\/wp\/v2\/users\/2"}],"replies":[{"embeddable":true,"href":"https:\/\/festivalbritannique.fr\/index.php?rest_route=%2Fwp%2Fv2%2Fcomments&post=814"}],"version-history":[{"count":2,"href":"https:\/\/festivalbritannique.fr\/index.php?rest_route=\/wp\/v2\/pages\/814\/revisions"}],"predecessor-version":[{"id":1034,"href":"https:\/\/festivalbritannique.fr\/index.php?rest_route=\/wp\/v2\/pages\/814\/revisions\/1034"}],"up":[{"embeddable":true,"href":"https:\/\/festivalbritannique.fr\/index.php?rest_route=\/wp\/v2\/pages\/1105"}],"wp:attachment":[{"href":"https:\/\/festivalbritannique.fr\/index.php?rest_route=%2Fwp%2Fv2%2Fmedia&parent=814"}],"curies":[{"name":"wp","href":"https:\/\/api.w.org\/{rel}","templated":true}]}}